{"id":82,"date":"2018-02-17T14:42:29","date_gmt":"2018-02-17T14:42:29","guid":{"rendered":"http:\/\/wordpresstest.humakt.com\/?page_id=82"},"modified":"2024-12-02T20:42:56","modified_gmt":"2024-12-02T19:42:56","slug":"heroquest-abenteuerbuch","status":"publish","type":"page","link":"https:\/\/www.humakt.com\/gb\/publikationen\/heroquest-abenteuerbuch\/","title":{"rendered":"HeroQuest: Abenteuerbuch"},"content":{"rendered":"\n<p><strong>Note: This page is about a HeroQuest adventure anthology. As the book is in German so is this page. Future publications will mostly be bilingual German and English. The book is sold out.<\/strong><\/p>\n\n\n\n<p>Chaosium beendet den Vertrieb und die Lizenzierung der Marke &#8220;HeroQuest&#8221; (<a rel=\"noreferrer noopener\" href=\"https:\/\/basicroleplaying.org\/topic\/12850-moon-design-publications-transfers-ownership-of-the-heroquest-trademark-to-hasbro\/\" target=\"_blank\">externer Link<\/a>). Daf\u00fcr wird Chaosium ein neues Regelsystem unter dem Namen &#8220;QuestWorlds&#8221; herausbringen, das auf HeroQuest aufbaut und f\u00fcr das wir bei Humakt e.V. bereits Abenteuer vorbereiten. <\/p>\n\n\n<div class=\"wp-block-image is-resized\">\n<figure class=\"alignleft\"><img loading=\"lazy\" decoding=\"async\" width=\"427\" height=\"600\" src=\"http:\/\/wordpresstest.humakt.com\/wp-content\/uploads\/2018\/02\/HeroQuest_Abenteuerbuch_-_Frontcover-c-2017-Humakt-eV.png\" alt=\"HeroQuest: Abenteuerbuch - Frontcover\" class=\"wp-image-131\" srcset=\"https:\/\/www.humakt.com\/wp-content\/uploads\/2018\/02\/HeroQuest_Abenteuerbuch_-_Frontcover-c-2017-Humakt-eV.png 427w, https:\/\/www.humakt.com\/wp-content\/uploads\/2018\/02\/HeroQuest_Abenteuerbuch_-_Frontcover-c-2017-Humakt-eV-214x300.png 214w\" sizes=\"auto, (max-width: 427px) 100vw, 427px\" \/><\/figure><\/div>\n\n\n<p>HeroQuest: Abenteuerbuch enth\u00e4lt 18 komplette Rollenspiel-Abenteuer aus den Genres Fantasy, Krimi, Steampunk, Cthulhu und Science-Fiction. Die Schaupl\u00e4tze umfassen Antike, europ\u00e4isches Mittelalter, feudales Japan, die Spielwelt Glorantha, die moderne Erde und fremde Planeten. Angereichert werden die Texte durch \u00fcber 100 Bilder und Grafiken sowie ein Video.<\/p>\n\n\n\n<p>Das Regelsystem <a href=\"https:\/\/www.humakt.com\/heroquest\/\">HeroQuest<\/a> ist schnell zu erlernen und einfach zu spielen. Es ist erh\u00e4ltlich als&nbsp;<a href=\"https:\/\/www.humakt.com\/publikationen\/heroquest-das-regelbuch\/\">HeroQuest: Das Regelbuch<\/a>&nbsp;und HeroQuest: Glorantha (derzeit nur auf Englisch). Beide k\u00f6nnen als Grundlage f\u00fcr die Abenteuer dieses Buches genutzt werden. <a href=\"https:\/\/www.humakt.com\/heroquest\/rollenspiel\/\">Rollenspiel<\/a>-Anf\u00e4nger, HeroQuest-Neulinge wie auch alte Hasen finden hier gleicherma\u00dfen eine Vielzahl sehr unterschiedlicher, spannender und unterhaltsamer Abenteuer.<\/p>\n\n\n\n<h3 class=\"wp-block-heading\">Das Buch<\/h3>\n\n\n\n<p>Das HeroQuest: Abenteuerbuch erscheint bei <a href=\"https:\/\/www.humakt.com\/ueber-humakt-com\/\">Humakt e.V.<\/a> und ist hier zu bestellen. Das Buch besitzt Hardcover mit hochwertiger Fadenbindung in Vollfarbe (4C) und ist 295 Seiten dick. Dabei wiegt es stolze 1,3 kg.<\/p>\n\n\n\n<figure class=\"wp-block-image\"><img loading=\"lazy\" decoding=\"async\" width=\"840\" height=\"600\" src=\"http:\/\/wordpresstest.humakt.com\/wp-content\/uploads\/2018\/02\/HeroQuest_Abenteuerbuch_Beispielseite_-_Der_Wandler.png\" alt=\"\" class=\"wp-image-129\" srcset=\"https:\/\/www.humakt.com\/wp-content\/uploads\/2018\/02\/HeroQuest_Abenteuerbuch_Beispielseite_-_Der_Wandler.png 840w, https:\/\/www.humakt.com\/wp-content\/uploads\/2018\/02\/HeroQuest_Abenteuerbuch_Beispielseite_-_Der_Wandler-300x214.png 300w, https:\/\/www.humakt.com\/wp-content\/uploads\/2018\/02\/HeroQuest_Abenteuerbuch_Beispielseite_-_Der_Wandler-768x549.png 768w\" sizes=\"auto, (max-width: 767px) 89vw, (max-width: 1000px) 54vw, (max-width: 1071px) 543px, 580px\" \/><\/figure>\n\n\n\n<figure class=\"wp-block-image\"><img loading=\"lazy\" decoding=\"async\" width=\"800\" height=\"571\" src=\"http:\/\/wordpresstest.humakt.com\/wp-content\/uploads\/2018\/02\/HeroQuest_Abenteuerbuch_Beispielseite_-_Rettet_den_Druiden.png\" alt=\"\" class=\"wp-image-128\" srcset=\"https:\/\/www.humakt.com\/wp-content\/uploads\/2018\/02\/HeroQuest_Abenteuerbuch_Beispielseite_-_Rettet_den_Druiden.png 800w, https:\/\/www.humakt.com\/wp-content\/uploads\/2018\/02\/HeroQuest_Abenteuerbuch_Beispielseite_-_Rettet_den_Druiden-300x214.png 300w, https:\/\/www.humakt.com\/wp-content\/uploads\/2018\/02\/HeroQuest_Abenteuerbuch_Beispielseite_-_Rettet_den_Druiden-768x548.png 768w\" sizes=\"auto, (max-width: 767px) 89vw, (max-width: 1000px) 54vw, (max-width: 1071px) 543px, 580px\" \/><\/figure>\n\n\n\n<figure class=\"wp-block-image\"><img loading=\"lazy\" decoding=\"async\" width=\"840\" height=\"600\" src=\"http:\/\/wordpresstest.humakt.com\/wp-content\/uploads\/2018\/02\/HeroQuest_Abenteuerbuch_Beispielseite_-_Spurlos_verschwunden.png\" alt=\"\" class=\"wp-image-127\" srcset=\"https:\/\/www.humakt.com\/wp-content\/uploads\/2018\/02\/HeroQuest_Abenteuerbuch_Beispielseite_-_Spurlos_verschwunden.png 840w, https:\/\/www.humakt.com\/wp-content\/uploads\/2018\/02\/HeroQuest_Abenteuerbuch_Beispielseite_-_Spurlos_verschwunden-300x214.png 300w, https:\/\/www.humakt.com\/wp-content\/uploads\/2018\/02\/HeroQuest_Abenteuerbuch_Beispielseite_-_Spurlos_verschwunden-768x549.png 768w\" sizes=\"auto, (max-width: 767px) 89vw, (max-width: 1000px) 54vw, (max-width: 1071px) 543px, 580px\" \/><\/figure>\n\n\n\n<figure class=\"wp-block-image\"><img loading=\"lazy\" decoding=\"async\" width=\"800\" height=\"571\" src=\"http:\/\/wordpresstest.humakt.com\/wp-content\/uploads\/2018\/02\/HeroQuest_Abenteuerbuch_Beispielseite_-_Wissen_ist_Macht.png\" alt=\"\" class=\"wp-image-126\" srcset=\"https:\/\/www.humakt.com\/wp-content\/uploads\/2018\/02\/HeroQuest_Abenteuerbuch_Beispielseite_-_Wissen_ist_Macht.png 800w, https:\/\/www.humakt.com\/wp-content\/uploads\/2018\/02\/HeroQuest_Abenteuerbuch_Beispielseite_-_Wissen_ist_Macht-300x214.png 300w, https:\/\/www.humakt.com\/wp-content\/uploads\/2018\/02\/HeroQuest_Abenteuerbuch_Beispielseite_-_Wissen_ist_Macht-768x548.png 768w\" sizes=\"auto, (max-width: 767px) 89vw, (max-width: 1000px) 54vw, (max-width: 1071px) 543px, 580px\" \/><\/figure>\n\n\n\n<h3 class=\"wp-block-heading\">Inhaltsverzeichnis<\/h3>\n\n\n\n<figure class=\"wp-block-table\"><table><tbody><tr><td><strong>#<\/strong><\/td><td><strong>Kapitel<\/strong><\/td><td><strong>Autor<\/strong><\/td><\/tr><tr><td>&nbsp;<\/td><td>Vorwort<\/td><td>Robin Mitra<\/td><\/tr><tr><td>1<\/td><td>Wissen ist Macht &#8211; Nichts wissen, macht nichts<\/td><td>Heike John<\/td><\/tr><tr><td>2<\/td><td>Hohes C &#8211; Eine Space Opera<\/td><td>Philip Glass<\/td><\/tr><tr><td>3<\/td><td>Wo ist Professor Hicks?<\/td><td>Christine Reich<\/td><\/tr><tr><td>4<\/td><td>Spurlos verschwunden &#8211; ein M\u00fcnster-Krimi<\/td><td>Hannah Koppetz<\/td><\/tr><tr><td>5<\/td><td>Britannia<\/td><td>Michael Palm<\/td><\/tr><tr><td>6<\/td><td>Gier &#8211; Horror im finsteren Sp\u00e4tmittelalter<\/td><td>Philip Glass<\/td><\/tr><tr><td>7<\/td><td>Rettet den Druiden!<\/td><td>Sebastian K\u00f6rner &amp; Daffi L\u00f6we<\/td><\/tr><tr><td>8<\/td><td>Die Konferenz<\/td><td>Stefanie Unland, David Connett &amp; Robin Mitra<\/td><\/tr><tr><td>9<\/td><td>Der Wandler<\/td><td>Michael Kutschan<\/td><\/tr><tr><td>10<\/td><td>Cthulhu of the Carribean<\/td><td>Daffi L\u00f6we<\/td><\/tr><tr><td>11<\/td><td>Samurai als Heiratsvermittler<\/td><td>Robin Mitra<\/td><\/tr><tr><td>12<\/td><td>Norinevras Heimkehr<\/td><td>J\u00f6rg Baumgartner &amp; Robin Mitra<\/td><\/tr><tr><td>13<\/td><td>Wenn der Kurier zweimal klingelt<\/td><td>Andreas Butzkies &amp; Jan Doberstein<\/td><\/tr><tr><td>14<\/td><td>HeroCats &#8211; Wie im M\u00e4rchen?<\/td><td>Daffi L\u00f6we<\/td><\/tr><tr><td>15<\/td><td>Seltsame Begegnungen<\/td><td>Robin Mitra<\/td><\/tr><tr><td>16<\/td><td>Die Prophezeiung von Aflar<\/td><td>Hannah Koppetz<\/td><\/tr><tr><td>17<\/td><td>Die Geburt eines Gottes<\/td><td>Hannah Koppetz &amp; Robin Mitra<\/td><\/tr><tr><td>18<\/td><td>Odysee im Mittelalter<\/td><td>Robin Mitra<\/td><\/tr><tr><td>Anhang<\/td><td>Leikarella (Kurzgeschichte)<\/td><td>Eric Vanel<\/td><\/tr><\/tbody><\/table><\/figure>\n\n\n\n<h3 class=\"wp-block-heading\">Bilderverzeichnis<\/h3>\n\n\n\n<p>Dies ist nur eine kleine Auswahl der K\u00fcnstler, die am HeroQuest: Abenteuerbuch beteiligt waren. Eine vollst\u00e4ndige Auflistung aller K\u00fcnstler befindet sich am Ende des Buches.<\/p>\n\n\n\n<figure class=\"wp-block-table\"><table><tbody><tr><td><strong>Bild<\/strong><\/td><td><strong>K\u00fcnstler<\/strong><\/td><\/tr><tr><td>Titelbild<\/td><td>Eric Vanel<\/td><\/tr><tr><td>HeroQuest-Logo<\/td><td>Darran Sims<\/td><\/tr><tr><td>Humakt-Logo, Gorakiki-Schamanin, Sklaventreiber<\/td><td>Simon Bray<\/td><\/tr><tr><td>U-Bahnhof<\/td><td>David Curtain<\/td><\/tr><tr><td>Clanchefin, Schatzkarte, Gem\u00fcseverk\u00e4uferin, Blumenvasen, Labor<\/td><td>Eva Decker<\/td><\/tr><tr><td>Karneval, Mausoleum, D\u00e4monenj\u00e4ger<\/td><td>Sebastian Dietz<\/td><\/tr><tr><td>Druidenritual, Kneipenszene<\/td><td>Charlotte Dincher<\/td><\/tr><tr><td>Drachenpass-Karte, Afadjann-Karte<\/td><td>Colin Driver<\/td><\/tr><tr><td>Norinevras Familie<\/td><td>Bruno Jesus Guil Perez<\/td><\/tr><tr><td>Kendra, Stilbl\u00fcte, Papierfalter, Bibliomane, Leseratte<\/td><td>Heike John<\/td><\/tr><tr><td>M\u00fcnster bei Nacht, Kaiserwappen, Rebellensymbol<\/td><td>Hannah Koppetz<\/td><\/tr><tr><td>Dosettis Versteck<\/td><td>Michael Kutschan<\/td><\/tr><tr><td>Weltraumroboter, Krieger und Druide<\/td><td>Inga Kriz<\/td><\/tr><tr><td>Nochet<\/td><td>Jennifer Lange<\/td><\/tr><tr><td>Fonriter<\/td><td>Jan Posp\u00ed\u0161il<\/td><\/tr><tr><td>Armring, Schreibtisch<\/td><td>Christine Reich<\/td><\/tr><tr><td>Thronsaal<\/td><td>Larissa Weber<\/td><\/tr><tr><td>Sklavenmarkt, Inselritual<\/td><td>Julia Wehning<\/td><\/tr><tr><td>Video-Testament<\/td><td>Heide Kroos<\/td><\/tr><\/tbody><\/table><\/figure>\n\n\n\n<figure class=\"wp-block-image is-resized\"><img loading=\"lazy\" decoding=\"async\" width=\"388\" height=\"545\" src=\"http:\/\/wordpresstest.humakt.com\/wp-content\/uploads\/2018\/02\/HQ-Abenteuerbuch-Backcover.png\" alt=\"HeroQuest: Abenteuerbuch - Backcover\" class=\"wp-image-125\" style=\"width:138px;height:194px\" srcset=\"https:\/\/www.humakt.com\/wp-content\/uploads\/2018\/02\/HQ-Abenteuerbuch-Backcover.png 388w, https:\/\/www.humakt.com\/wp-content\/uploads\/2018\/02\/HQ-Abenteuerbuch-Backcover-214x300.png 214w\" sizes=\"auto, (max-width: 388px) 100vw, 388px\" \/><\/figure>\n\n\n\n<hr class=\"wp-block-separator has-alpha-channel-opacity\"\/>\n\n\n\n<details class=\"wp-block-details is-layout-flow wp-block-details-is-layout-flow\"><summary>Cover Images<\/summary>\n<p><a href=\"https:\/\/moirades.deviantart.com\/\">(c) 2017 Eric Vanel, courtesy of the <\/a><a href=\"https:\/\/moirades.deviantart.com\/\" target=\"_blank\" rel=\"noreferrer noopener\">artist<\/a><\/p>\n<\/details>\n","protected":false},"excerpt":{"rendered":"<p>Note: This page is about a HeroQuest adventure anthology. As the book is in German so is this page. Future publications will mostly be bilingual German and English. The book is sold out. Chaosium beendet den Vertrieb und die Lizenzierung der Marke &#8220;HeroQuest&#8221; (externer Link). Daf\u00fcr wird Chaosium ein neues Regelsystem unter dem Namen &#8220;QuestWorlds&#8221; &hellip; <\/p>\n<p class=\"link-more\"><a href=\"https:\/\/www.humakt.com\/gb\/publikationen\/heroquest-abenteuerbuch\/\" class=\"more-link\">Continue reading<span class=\"screen-reader-text\"> &#8220;HeroQuest: Abenteuerbuch&#8221;<\/span><\/a><\/p>\n","protected":false},"author":1,"featured_media":0,"parent":21,"menu_order":2,"comment_status":"closed","ping_status":"closed","template":"","meta":{"footnotes":""},"class_list":["post-82","page","type-page","status-publish","hentry"],"translation":{"provider":"WPGlobus","version":"3.0.2","language":"gb","enabled_languages":["de","gb"],"languages":{"de":{"title":true,"content":true,"excerpt":false},"gb":{"title":true,"content":true,"excerpt":false}}},"yoast_head":"<!-- This site is optimized with the Yoast SEO plugin v27.4 - https:\/\/yoast.com\/product\/yoast-seo-wordpress\/ -->\n<title>HeroQuest: Abenteuerbuch - Humakt e.V.<\/title>\n<meta name=\"robots\" content=\"index, follow, max-snippet:-1, max-image-preview:large, max-video-preview:-1\" \/>\n<link rel=\"canonical\" href=\"https:\/\/www.humakt.com\/publikationen\/heroquest-abenteuerbuch\/\" \/>\n<meta property=\"og:locale\" content=\"en_GB\" \/>\n<meta property=\"og:type\" content=\"article\" \/>\n<meta property=\"og:title\" content=\"HeroQuest: Abenteuerbuch - Humakt e.V.\" \/>\n<meta property=\"og:url\" content=\"https:\/\/www.humakt.com\/publikationen\/heroquest-abenteuerbuch\/\" \/>\n<meta property=\"og:site_name\" content=\"Humakt e.V.\" \/>\n<meta property=\"article:modified_time\" content=\"2024-12-02T19:42:56+00:00\" \/>\n<meta property=\"og:image\" content=\"http:\/\/wordpresstest.humakt.com\/wp-content\/uploads\/2018\/02\/HeroQuest_Abenteuerbuch_-_Frontcover-c-2017-Humakt-eV.png\" \/>\n<meta name=\"twitter:card\" content=\"summary_large_image\" \/>\n<meta name=\"twitter:label1\" content=\"Est. reading time\" \/>\n\t<meta name=\"twitter:data1\" content=\"4 minutes\" \/>\n<script type=\"application\/ld+json\" class=\"yoast-schema-graph\">{\"@context\":\"https:\\\/\\\/schema.org\",\"@graph\":[{\"@type\":\"WebPage\",\"@id\":\"https:\\\/\\\/www.humakt.com\\\/publikationen\\\/heroquest-abenteuerbuch\\\/\",\"url\":\"https:\\\/\\\/www.humakt.com\\\/publikationen\\\/heroquest-abenteuerbuch\\\/\",\"name\":\"HeroQuest: Abenteuerbuch - Humakt e.V.\",\"isPartOf\":{\"@id\":\"https:\\\/\\\/www.humakt.com\\\/#website\"},\"primaryImageOfPage\":{\"@id\":\"https:\\\/\\\/www.humakt.com\\\/publikationen\\\/heroquest-abenteuerbuch\\\/#primaryimage\"},\"image\":{\"@id\":\"https:\\\/\\\/www.humakt.com\\\/publikationen\\\/heroquest-abenteuerbuch\\\/#primaryimage\"},\"thumbnailUrl\":\"http:\\\/\\\/wordpresstest.humakt.com\\\/wp-content\\\/uploads\\\/2018\\\/02\\\/HeroQuest_Abenteuerbuch_-_Frontcover-c-2017-Humakt-eV.png\",\"datePublished\":\"2018-02-17T14:42:29+00:00\",\"dateModified\":\"2024-12-02T19:42:56+00:00\",\"breadcrumb\":{\"@id\":\"https:\\\/\\\/www.humakt.com\\\/publikationen\\\/heroquest-abenteuerbuch\\\/#breadcrumb\"},\"inLanguage\":\"en-GB\",\"potentialAction\":[{\"@type\":\"ReadAction\",\"target\":[\"https:\\\/\\\/www.humakt.com\\\/publikationen\\\/heroquest-abenteuerbuch\\\/\"]}]},{\"@type\":\"ImageObject\",\"inLanguage\":\"en-GB\",\"@id\":\"https:\\\/\\\/www.humakt.com\\\/publikationen\\\/heroquest-abenteuerbuch\\\/#primaryimage\",\"url\":\"http:\\\/\\\/wordpresstest.humakt.com\\\/wp-content\\\/uploads\\\/2018\\\/02\\\/HeroQuest_Abenteuerbuch_-_Frontcover-c-2017-Humakt-eV.png\",\"contentUrl\":\"http:\\\/\\\/wordpresstest.humakt.com\\\/wp-content\\\/uploads\\\/2018\\\/02\\\/HeroQuest_Abenteuerbuch_-_Frontcover-c-2017-Humakt-eV.png\"},{\"@type\":\"BreadcrumbList\",\"@id\":\"https:\\\/\\\/www.humakt.com\\\/publikationen\\\/heroquest-abenteuerbuch\\\/#breadcrumb\",\"itemListElement\":[{\"@type\":\"ListItem\",\"position\":1,\"name\":\"Startseite\",\"item\":\"https:\\\/\\\/www.humakt.com\\\/\"},{\"@type\":\"ListItem\",\"position\":2,\"name\":\"Publikationen\",\"item\":\"https:\\\/\\\/www.humakt.com\\\/publikationen\\\/\"},{\"@type\":\"ListItem\",\"position\":3,\"name\":\"Heroquest: Abenteuerbuch\"}]},{\"@type\":\"WebSite\",\"@id\":\"https:\\\/\\\/www.humakt.com\\\/#website\",\"url\":\"https:\\\/\\\/www.humakt.com\\\/\",\"name\":\"Humakt e.V.\",\"description\":\"\",\"publisher\":{\"@id\":\"https:\\\/\\\/www.humakt.com\\\/#organization\"},\"potentialAction\":[{\"@type\":\"SearchAction\",\"target\":{\"@type\":\"EntryPoint\",\"urlTemplate\":\"https:\\\/\\\/www.humakt.com\\\/?s={search_term_string}\"},\"query-input\":{\"@type\":\"PropertyValueSpecification\",\"valueRequired\":true,\"valueName\":\"search_term_string\"}}],\"inLanguage\":\"en-GB\"},{\"@type\":\"Organization\",\"@id\":\"https:\\\/\\\/www.humakt.com\\\/#organization\",\"name\":\"Humakt e.V.\",\"url\":\"https:\\\/\\\/www.humakt.com\\\/\",\"logo\":{\"@type\":\"ImageObject\",\"inLanguage\":\"en-GB\",\"@id\":\"https:\\\/\\\/www.humakt.com\\\/#\\\/schema\\\/logo\\\/image\\\/\",\"url\":\"https:\\\/\\\/www.humakt.com\\\/wp-content\\\/uploads\\\/2023\\\/12\\\/cropped-Humakt-eV-Logo-mit-Titel-weiss-1.png\",\"contentUrl\":\"https:\\\/\\\/www.humakt.com\\\/wp-content\\\/uploads\\\/2023\\\/12\\\/cropped-Humakt-eV-Logo-mit-Titel-weiss-1.png\",\"width\":166,\"height\":250,\"caption\":\"Humakt e.V.\"},\"image\":{\"@id\":\"https:\\\/\\\/www.humakt.com\\\/#\\\/schema\\\/logo\\\/image\\\/\"}}]}<\/script>\n<!-- \/ Yoast SEO plugin. -->","yoast_head_json":{"title":"HeroQuest: Abenteuerbuch - Humakt e.V.","robots":{"index":"index","follow":"follow","max-snippet":"max-snippet:-1","max-image-preview":"max-image-preview:large","max-video-preview":"max-video-preview:-1"},"canonical":"https:\/\/www.humakt.com\/publikationen\/heroquest-abenteuerbuch\/","og_locale":"en_GB","og_type":"article","og_title":"HeroQuest: Abenteuerbuch - Humakt e.V.","og_url":"https:\/\/www.humakt.com\/publikationen\/heroquest-abenteuerbuch\/","og_site_name":"Humakt e.V.","article_modified_time":"2024-12-02T19:42:56+00:00","og_image":[{"url":"http:\/\/wordpresstest.humakt.com\/wp-content\/uploads\/2018\/02\/HeroQuest_Abenteuerbuch_-_Frontcover-c-2017-Humakt-eV.png","type":"","width":"","height":""}],"twitter_card":"summary_large_image","twitter_misc":{"Est. reading time":"4 minutes"},"schema":{"@context":"https:\/\/schema.org","@graph":[{"@type":"WebPage","@id":"https:\/\/www.humakt.com\/publikationen\/heroquest-abenteuerbuch\/","url":"https:\/\/www.humakt.com\/publikationen\/heroquest-abenteuerbuch\/","name":"HeroQuest: Abenteuerbuch - Humakt e.V.","isPartOf":{"@id":"https:\/\/www.humakt.com\/#website"},"primaryImageOfPage":{"@id":"https:\/\/www.humakt.com\/publikationen\/heroquest-abenteuerbuch\/#primaryimage"},"image":{"@id":"https:\/\/www.humakt.com\/publikationen\/heroquest-abenteuerbuch\/#primaryimage"},"thumbnailUrl":"http:\/\/wordpresstest.humakt.com\/wp-content\/uploads\/2018\/02\/HeroQuest_Abenteuerbuch_-_Frontcover-c-2017-Humakt-eV.png","datePublished":"2018-02-17T14:42:29+00:00","dateModified":"2024-12-02T19:42:56+00:00","breadcrumb":{"@id":"https:\/\/www.humakt.com\/publikationen\/heroquest-abenteuerbuch\/#breadcrumb"},"inLanguage":"en-GB","potentialAction":[{"@type":"ReadAction","target":["https:\/\/www.humakt.com\/publikationen\/heroquest-abenteuerbuch\/"]}]},{"@type":"ImageObject","inLanguage":"en-GB","@id":"https:\/\/www.humakt.com\/publikationen\/heroquest-abenteuerbuch\/#primaryimage","url":"http:\/\/wordpresstest.humakt.com\/wp-content\/uploads\/2018\/02\/HeroQuest_Abenteuerbuch_-_Frontcover-c-2017-Humakt-eV.png","contentUrl":"http:\/\/wordpresstest.humakt.com\/wp-content\/uploads\/2018\/02\/HeroQuest_Abenteuerbuch_-_Frontcover-c-2017-Humakt-eV.png"},{"@type":"BreadcrumbList","@id":"https:\/\/www.humakt.com\/publikationen\/heroquest-abenteuerbuch\/#breadcrumb","itemListElement":[{"@type":"ListItem","position":1,"name":"Startseite","item":"https:\/\/www.humakt.com\/"},{"@type":"ListItem","position":2,"name":"Publikationen","item":"https:\/\/www.humakt.com\/publikationen\/"},{"@type":"ListItem","position":3,"name":"Heroquest: Abenteuerbuch"}]},{"@type":"WebSite","@id":"https:\/\/www.humakt.com\/#website","url":"https:\/\/www.humakt.com\/","name":"Humakt e.V.","description":"","publisher":{"@id":"https:\/\/www.humakt.com\/#organization"},"potentialAction":[{"@type":"SearchAction","target":{"@type":"EntryPoint","urlTemplate":"https:\/\/www.humakt.com\/?s={search_term_string}"},"query-input":{"@type":"PropertyValueSpecification","valueRequired":true,"valueName":"search_term_string"}}],"inLanguage":"en-GB"},{"@type":"Organization","@id":"https:\/\/www.humakt.com\/#organization","name":"Humakt e.V.","url":"https:\/\/www.humakt.com\/","logo":{"@type":"ImageObject","inLanguage":"en-GB","@id":"https:\/\/www.humakt.com\/#\/schema\/logo\/image\/","url":"https:\/\/www.humakt.com\/wp-content\/uploads\/2023\/12\/cropped-Humakt-eV-Logo-mit-Titel-weiss-1.png","contentUrl":"https:\/\/www.humakt.com\/wp-content\/uploads\/2023\/12\/cropped-Humakt-eV-Logo-mit-Titel-weiss-1.png","width":166,"height":250,"caption":"Humakt e.V."},"image":{"@id":"https:\/\/www.humakt.com\/#\/schema\/logo\/image\/"}}]}},"_links":{"self":[{"href":"https:\/\/www.humakt.com\/gb\/wp-json\/wp\/v2\/pages\/82","targetHints":{"allow":["GET"]}}],"collection":[{"href":"https:\/\/www.humakt.com\/gb\/wp-json\/wp\/v2\/pages"}],"about":[{"href":"https:\/\/www.humakt.com\/gb\/wp-json\/wp\/v2\/types\/page"}],"author":[{"embeddable":true,"href":"https:\/\/www.humakt.com\/gb\/wp-json\/wp\/v2\/users\/1"}],"replies":[{"embeddable":true,"href":"https:\/\/www.humakt.com\/gb\/wp-json\/wp\/v2\/comments?post=82"}],"version-history":[{"count":19,"href":"https:\/\/www.humakt.com\/gb\/wp-json\/wp\/v2\/pages\/82\/revisions"}],"predecessor-version":[{"id":1264,"href":"https:\/\/www.humakt.com\/gb\/wp-json\/wp\/v2\/pages\/82\/revisions\/1264"}],"up":[{"embeddable":true,"href":"https:\/\/www.humakt.com\/gb\/wp-json\/wp\/v2\/pages\/21"}],"wp:attachment":[{"href":"https:\/\/www.humakt.com\/gb\/wp-json\/wp\/v2\/media?parent=82"}],"curies":[{"name":"wp","href":"https:\/\/api.w.org\/{rel}","templated":true}]}}