{"id":78,"date":"2018-02-17T13:38:15","date_gmt":"2018-02-17T13:38:15","guid":{"rendered":"http:\/\/wordpresstest.humakt.com\/?page_id=78"},"modified":"2024-12-02T20:35:55","modified_gmt":"2024-12-02T19:35:55","slug":"heroquest-das-regelbuch","status":"publish","type":"page","link":"https:\/\/www.humakt.com\/gb\/publikationen\/heroquest-das-regelbuch\/","title":{"rendered":"HeroQuest: Das Regelbuch"},"content":{"rendered":"\n<p><strong>Note: This page is about the German translation of the HeroQuest core rules. As the book is in German so is this page.  Future publications will mostly be bilingual German and English. <strong>The book is sold out.<\/strong><\/strong><\/p>\n\n\n\n<p>Chaosium beendet den Vertrieb und die Lizenzierung der Marke &#8220;HeroQuest&#8221; (<a href=\"https:\/\/basicroleplaying.org\/topic\/12850-moon-design-publications-transfers-ownership-of-the-heroquest-trademark-to-hasbro\/\" target=\"_blank\" rel=\"noreferrer noopener\">externer Link<\/a>). Daf\u00fcr wird Chaosium ein neues Regelsystem unter dem Namen &#8220;QuestWorlds&#8221; herausbringen, das auf HeroQuest aufbaut und f\u00fcr das wir bei Humakt e.V. bereits Abenteuer vorbereiten.<\/p>\n\n\n\n<hr class=\"wp-block-separator has-css-opacity\"\/>\n\n\n<div class=\"wp-block-image is-resized\">\n<figure class=\"alignleft\"><img loading=\"lazy\" decoding=\"async\" width=\"446\" height=\"600\" src=\"http:\/\/wordpresstest.humakt.com\/wp-content\/uploads\/2018\/02\/HQ2-Front_Web_600px.png\" alt=\"\" class=\"wp-image-104\" style=\"width:200px\" srcset=\"https:\/\/www.humakt.com\/wp-content\/uploads\/2018\/02\/HQ2-Front_Web_600px.png 446w, https:\/\/www.humakt.com\/wp-content\/uploads\/2018\/02\/HQ2-Front_Web_600px-223x300.png 223w\" sizes=\"auto, (max-width: 446px) 100vw, 446px\" \/><\/figure><\/div>\n\n\n<p id=\"firstHeading\"><a href=\"https:\/\/www.humakt.com\/heroquest\/\">HeroQuest<\/a> ist ein einfaches, innovatives und flexibles Rollenspielsystem von&nbsp;<strong>Robin D. Laws<\/strong>, das sich f\u00fcr jedes Genre und jeden Rahmen eignet. Es erlaubt Spielleiterinnen und Spielleitern die gleichen Entscheidungsstrukturen zu nutzen, wie dies auch Schriftsteller und Drehbuchautoren tun, wenn sie Romane, Filme und Fernsehserien schreiben.<\/p>\n\n\n\n<p>HeroQuest unterst\u00fctzt dabei die kreativen Impulse der Spieler, so dass durch die Mitwirkung aller Beteiligten eine spannende, unvorhersehbare Geschichte entsteht.<\/p>\n\n\n\n<p>HeroQuests abstrakte L\u00f6sungsmethoden und skalierbare Charakterstufen machen es f\u00fcr jedes Genre einsetzbar, ganz gleich ob epische Fantasy oder satirische Seifenoper. Egal ob deine n\u00e4chste Spielidee durch Horror, Kriegsfilm, Western, Kampfsport, Groschenromane, Cyberpunk, Riesenroboter, Superhelden, Seifenopern, Krimis, wirtschaftliches Intrigenspiel, Kuscheltiere, Mantel-und-Degen-Abenteuer oder griechische Trag\u00f6dien inspiriert wurde, HeroQuest kann sowohl die kleinen, wie auch die gro\u00dfen Konflikte abbilden. Du k\u00f6nntest HeroQuest sogar einsetzen, um ein Musical darzustellen, wenngleich es nicht das Singen und Tanzen f\u00fcr dich \u00fcbernimmt.<\/p>\n\n\n\n<h3 class=\"wp-block-heading\">Das Buch<\/h3>\n\n\n\n<p>HeroQuest: Das Regelbuch ist auf Deutsch zum ersten Mal 2015 erschienen. Die aktuelle zweite Auflage ist aus Oktober 2017 und enth\u00e4lt 151 Seiten. Das Buch besitzt wieder Hardcover mit hochwertiger Fadenbindung. Die Papierqualit\u00e4t ist nochmal verbessert worden.<\/p>\n\n\n\n<h3 class=\"wp-block-heading\"><img loading=\"lazy\" decoding=\"async\" src=\"http:\/\/wordpresstest.humakt.com\/wp-content\/uploads\/2018\/02\/Heroquest_Das_Regelbuch-Innenseiten_21_2.jpg\" alt=\"Beispielseite Impressum\/Inhaltsverzeichnis\" width=\"800\" height=\"561\"><\/h3>\n\n\n\n<figure class=\"wp-block-image\"><img loading=\"lazy\" decoding=\"async\" width=\"800\" height=\"561\" src=\"http:\/\/wordpresstest.humakt.com\/wp-content\/uploads\/2018\/02\/HeroQuest_Das_Regelbuch-Innenseiten_21_4.jpg\" alt=\"Beispielseite\" class=\"wp-image-106\" srcset=\"https:\/\/www.humakt.com\/wp-content\/uploads\/2018\/02\/HeroQuest_Das_Regelbuch-Innenseiten_21_4.jpg 800w, https:\/\/www.humakt.com\/wp-content\/uploads\/2018\/02\/HeroQuest_Das_Regelbuch-Innenseiten_21_4-300x210.jpg 300w, https:\/\/www.humakt.com\/wp-content\/uploads\/2018\/02\/HeroQuest_Das_Regelbuch-Innenseiten_21_4-768x539.jpg 768w\" sizes=\"auto, (max-width: 767px) 89vw, (max-width: 1000px) 54vw, (max-width: 1071px) 543px, 580px\" \/><\/figure>\n\n\n\n<figure class=\"wp-block-image size-large is-resized\"><img loading=\"lazy\" decoding=\"async\" width=\"395\" height=\"549\" src=\"https:\/\/www.humakt.com\/wp-content\/uploads\/2018\/02\/HQ-Backcover.jpg\" alt=\"\" class=\"wp-image-105\" style=\"width:161px;height:223px\" srcset=\"https:\/\/www.humakt.com\/wp-content\/uploads\/2018\/02\/HQ-Backcover.jpg 395w, https:\/\/www.humakt.com\/wp-content\/uploads\/2018\/02\/HQ-Backcover-216x300.jpg 216w\" sizes=\"auto, (max-width: 395px) 100vw, 395px\" \/><\/figure>\n\n\n\n<hr class=\"wp-block-separator has-alpha-channel-opacity\"\/>\n\n\n\n<details class=\"wp-block-details is-layout-flow wp-block-details-is-layout-flow\"><summary>Cover Images<\/summary>\n<p><a href=\"https:\/\/moirades.deviantart.com\/\" target=\"_blank\" rel=\"noreferrer noopener\">(c) 2015 Eric Vanel, courtesy of the artist<\/a><\/p>\n<\/details>\n","protected":false},"excerpt":{"rendered":"<p>Note: This page is about the German translation of the HeroQuest core rules. As the book is in German so is this page. Future publications will mostly be bilingual German and English. The book is sold out. Chaosium beendet den Vertrieb und die Lizenzierung der Marke &#8220;HeroQuest&#8221; (externer Link). Daf\u00fcr wird Chaosium ein neues Regelsystem &hellip; <\/p>\n<p class=\"link-more\"><a href=\"https:\/\/www.humakt.com\/gb\/publikationen\/heroquest-das-regelbuch\/\" class=\"more-link\">Continue reading<span class=\"screen-reader-text\"> &#8220;HeroQuest: Das Regelbuch&#8221;<\/span><\/a><\/p>\n","protected":false},"author":1,"featured_media":0,"parent":21,"menu_order":1,"comment_status":"closed","ping_status":"closed","template":"","meta":{"footnotes":""},"class_list":["post-78","page","type-page","status-publish","hentry"],"translation":{"provider":"WPGlobus","version":"3.0.2","language":"gb","enabled_languages":["de","gb"],"languages":{"de":{"title":true,"content":true,"excerpt":false},"gb":{"title":true,"content":true,"excerpt":false}}},"yoast_head":"<!-- This site is optimized with the Yoast SEO plugin v27.3 - https:\/\/yoast.com\/product\/yoast-seo-wordpress\/ -->\n<title>HeroQuest: Das Regelbuch - Humakt e.V.<\/title>\n<meta name=\"robots\" content=\"index, follow, max-snippet:-1, max-image-preview:large, max-video-preview:-1\" \/>\n<link rel=\"canonical\" href=\"https:\/\/www.humakt.com\/publikationen\/heroquest-das-regelbuch\/\" \/>\n<meta property=\"og:locale\" content=\"en_GB\" \/>\n<meta property=\"og:type\" content=\"article\" \/>\n<meta property=\"og:title\" content=\"HeroQuest: Das Regelbuch - Humakt e.V.\" \/>\n<meta property=\"og:url\" content=\"https:\/\/www.humakt.com\/publikationen\/heroquest-das-regelbuch\/\" \/>\n<meta property=\"og:site_name\" content=\"Humakt e.V.\" \/>\n<meta property=\"article:modified_time\" content=\"2024-12-02T19:35:55+00:00\" \/>\n<meta property=\"og:image\" content=\"http:\/\/wordpresstest.humakt.com\/wp-content\/uploads\/2018\/02\/HQ2-Front_Web_600px.png\" \/>\n<meta name=\"twitter:card\" content=\"summary_large_image\" \/>\n<meta name=\"twitter:label1\" content=\"Est. reading time\" \/>\n\t<meta name=\"twitter:data1\" content=\"3 minutes\" \/>\n<script type=\"application\/ld+json\" class=\"yoast-schema-graph\">{\"@context\":\"https:\\\/\\\/schema.org\",\"@graph\":[{\"@type\":\"WebPage\",\"@id\":\"https:\\\/\\\/www.humakt.com\\\/publikationen\\\/heroquest-das-regelbuch\\\/\",\"url\":\"https:\\\/\\\/www.humakt.com\\\/publikationen\\\/heroquest-das-regelbuch\\\/\",\"name\":\"HeroQuest: Das Regelbuch - Humakt e.V.\",\"isPartOf\":{\"@id\":\"https:\\\/\\\/www.humakt.com\\\/#website\"},\"primaryImageOfPage\":{\"@id\":\"https:\\\/\\\/www.humakt.com\\\/publikationen\\\/heroquest-das-regelbuch\\\/#primaryimage\"},\"image\":{\"@id\":\"https:\\\/\\\/www.humakt.com\\\/publikationen\\\/heroquest-das-regelbuch\\\/#primaryimage\"},\"thumbnailUrl\":\"http:\\\/\\\/wordpresstest.humakt.com\\\/wp-content\\\/uploads\\\/2018\\\/02\\\/HQ2-Front_Web_600px.png\",\"datePublished\":\"2018-02-17T13:38:15+00:00\",\"dateModified\":\"2024-12-02T19:35:55+00:00\",\"breadcrumb\":{\"@id\":\"https:\\\/\\\/www.humakt.com\\\/publikationen\\\/heroquest-das-regelbuch\\\/#breadcrumb\"},\"inLanguage\":\"en-GB\",\"potentialAction\":[{\"@type\":\"ReadAction\",\"target\":[\"https:\\\/\\\/www.humakt.com\\\/publikationen\\\/heroquest-das-regelbuch\\\/\"]}]},{\"@type\":\"ImageObject\",\"inLanguage\":\"en-GB\",\"@id\":\"https:\\\/\\\/www.humakt.com\\\/publikationen\\\/heroquest-das-regelbuch\\\/#primaryimage\",\"url\":\"http:\\\/\\\/wordpresstest.humakt.com\\\/wp-content\\\/uploads\\\/2018\\\/02\\\/HQ2-Front_Web_600px.png\",\"contentUrl\":\"http:\\\/\\\/wordpresstest.humakt.com\\\/wp-content\\\/uploads\\\/2018\\\/02\\\/HQ2-Front_Web_600px.png\"},{\"@type\":\"BreadcrumbList\",\"@id\":\"https:\\\/\\\/www.humakt.com\\\/publikationen\\\/heroquest-das-regelbuch\\\/#breadcrumb\",\"itemListElement\":[{\"@type\":\"ListItem\",\"position\":1,\"name\":\"Startseite\",\"item\":\"https:\\\/\\\/www.humakt.com\\\/\"},{\"@type\":\"ListItem\",\"position\":2,\"name\":\"Publikationen\",\"item\":\"https:\\\/\\\/www.humakt.com\\\/publikationen\\\/\"},{\"@type\":\"ListItem\",\"position\":3,\"name\":\"Heroquest: Das Regelbuch\"}]},{\"@type\":\"WebSite\",\"@id\":\"https:\\\/\\\/www.humakt.com\\\/#website\",\"url\":\"https:\\\/\\\/www.humakt.com\\\/\",\"name\":\"Humakt e.V.\",\"description\":\"\",\"publisher\":{\"@id\":\"https:\\\/\\\/www.humakt.com\\\/#organization\"},\"potentialAction\":[{\"@type\":\"SearchAction\",\"target\":{\"@type\":\"EntryPoint\",\"urlTemplate\":\"https:\\\/\\\/www.humakt.com\\\/?s={search_term_string}\"},\"query-input\":{\"@type\":\"PropertyValueSpecification\",\"valueRequired\":true,\"valueName\":\"search_term_string\"}}],\"inLanguage\":\"en-GB\"},{\"@type\":\"Organization\",\"@id\":\"https:\\\/\\\/www.humakt.com\\\/#organization\",\"name\":\"Humakt e.V.\",\"url\":\"https:\\\/\\\/www.humakt.com\\\/\",\"logo\":{\"@type\":\"ImageObject\",\"inLanguage\":\"en-GB\",\"@id\":\"https:\\\/\\\/www.humakt.com\\\/#\\\/schema\\\/logo\\\/image\\\/\",\"url\":\"https:\\\/\\\/www.humakt.com\\\/wp-content\\\/uploads\\\/2023\\\/12\\\/cropped-Humakt-eV-Logo-mit-Titel-weiss-1.png\",\"contentUrl\":\"https:\\\/\\\/www.humakt.com\\\/wp-content\\\/uploads\\\/2023\\\/12\\\/cropped-Humakt-eV-Logo-mit-Titel-weiss-1.png\",\"width\":166,\"height\":250,\"caption\":\"Humakt e.V.\"},\"image\":{\"@id\":\"https:\\\/\\\/www.humakt.com\\\/#\\\/schema\\\/logo\\\/image\\\/\"}}]}<\/script>\n<!-- \/ Yoast SEO plugin. -->","yoast_head_json":{"title":"HeroQuest: Das Regelbuch - Humakt e.V.","robots":{"index":"index","follow":"follow","max-snippet":"max-snippet:-1","max-image-preview":"max-image-preview:large","max-video-preview":"max-video-preview:-1"},"canonical":"https:\/\/www.humakt.com\/publikationen\/heroquest-das-regelbuch\/","og_locale":"en_GB","og_type":"article","og_title":"HeroQuest: Das Regelbuch - Humakt e.V.","og_url":"https:\/\/www.humakt.com\/publikationen\/heroquest-das-regelbuch\/","og_site_name":"Humakt e.V.","article_modified_time":"2024-12-02T19:35:55+00:00","og_image":[{"url":"http:\/\/wordpresstest.humakt.com\/wp-content\/uploads\/2018\/02\/HQ2-Front_Web_600px.png","type":"","width":"","height":""}],"twitter_card":"summary_large_image","twitter_misc":{"Est. reading time":"3 minutes"},"schema":{"@context":"https:\/\/schema.org","@graph":[{"@type":"WebPage","@id":"https:\/\/www.humakt.com\/publikationen\/heroquest-das-regelbuch\/","url":"https:\/\/www.humakt.com\/publikationen\/heroquest-das-regelbuch\/","name":"HeroQuest: Das Regelbuch - Humakt e.V.","isPartOf":{"@id":"https:\/\/www.humakt.com\/#website"},"primaryImageOfPage":{"@id":"https:\/\/www.humakt.com\/publikationen\/heroquest-das-regelbuch\/#primaryimage"},"image":{"@id":"https:\/\/www.humakt.com\/publikationen\/heroquest-das-regelbuch\/#primaryimage"},"thumbnailUrl":"http:\/\/wordpresstest.humakt.com\/wp-content\/uploads\/2018\/02\/HQ2-Front_Web_600px.png","datePublished":"2018-02-17T13:38:15+00:00","dateModified":"2024-12-02T19:35:55+00:00","breadcrumb":{"@id":"https:\/\/www.humakt.com\/publikationen\/heroquest-das-regelbuch\/#breadcrumb"},"inLanguage":"en-GB","potentialAction":[{"@type":"ReadAction","target":["https:\/\/www.humakt.com\/publikationen\/heroquest-das-regelbuch\/"]}]},{"@type":"ImageObject","inLanguage":"en-GB","@id":"https:\/\/www.humakt.com\/publikationen\/heroquest-das-regelbuch\/#primaryimage","url":"http:\/\/wordpresstest.humakt.com\/wp-content\/uploads\/2018\/02\/HQ2-Front_Web_600px.png","contentUrl":"http:\/\/wordpresstest.humakt.com\/wp-content\/uploads\/2018\/02\/HQ2-Front_Web_600px.png"},{"@type":"BreadcrumbList","@id":"https:\/\/www.humakt.com\/publikationen\/heroquest-das-regelbuch\/#breadcrumb","itemListElement":[{"@type":"ListItem","position":1,"name":"Startseite","item":"https:\/\/www.humakt.com\/"},{"@type":"ListItem","position":2,"name":"Publikationen","item":"https:\/\/www.humakt.com\/publikationen\/"},{"@type":"ListItem","position":3,"name":"Heroquest: Das Regelbuch"}]},{"@type":"WebSite","@id":"https:\/\/www.humakt.com\/#website","url":"https:\/\/www.humakt.com\/","name":"Humakt e.V.","description":"","publisher":{"@id":"https:\/\/www.humakt.com\/#organization"},"potentialAction":[{"@type":"SearchAction","target":{"@type":"EntryPoint","urlTemplate":"https:\/\/www.humakt.com\/?s={search_term_string}"},"query-input":{"@type":"PropertyValueSpecification","valueRequired":true,"valueName":"search_term_string"}}],"inLanguage":"en-GB"},{"@type":"Organization","@id":"https:\/\/www.humakt.com\/#organization","name":"Humakt e.V.","url":"https:\/\/www.humakt.com\/","logo":{"@type":"ImageObject","inLanguage":"en-GB","@id":"https:\/\/www.humakt.com\/#\/schema\/logo\/image\/","url":"https:\/\/www.humakt.com\/wp-content\/uploads\/2023\/12\/cropped-Humakt-eV-Logo-mit-Titel-weiss-1.png","contentUrl":"https:\/\/www.humakt.com\/wp-content\/uploads\/2023\/12\/cropped-Humakt-eV-Logo-mit-Titel-weiss-1.png","width":166,"height":250,"caption":"Humakt e.V."},"image":{"@id":"https:\/\/www.humakt.com\/#\/schema\/logo\/image\/"}}]}},"_links":{"self":[{"href":"https:\/\/www.humakt.com\/gb\/wp-json\/wp\/v2\/pages\/78","targetHints":{"allow":["GET"]}}],"collection":[{"href":"https:\/\/www.humakt.com\/gb\/wp-json\/wp\/v2\/pages"}],"about":[{"href":"https:\/\/www.humakt.com\/gb\/wp-json\/wp\/v2\/types\/page"}],"author":[{"embeddable":true,"href":"https:\/\/www.humakt.com\/gb\/wp-json\/wp\/v2\/users\/1"}],"replies":[{"embeddable":true,"href":"https:\/\/www.humakt.com\/gb\/wp-json\/wp\/v2\/comments?post=78"}],"version-history":[{"count":25,"href":"https:\/\/www.humakt.com\/gb\/wp-json\/wp\/v2\/pages\/78\/revisions"}],"predecessor-version":[{"id":1260,"href":"https:\/\/www.humakt.com\/gb\/wp-json\/wp\/v2\/pages\/78\/revisions\/1260"}],"up":[{"embeddable":true,"href":"https:\/\/www.humakt.com\/gb\/wp-json\/wp\/v2\/pages\/21"}],"wp:attachment":[{"href":"https:\/\/www.humakt.com\/gb\/wp-json\/wp\/v2\/media?parent=78"}],"curies":[{"name":"wp","href":"https:\/\/api.w.org\/{rel}","templated":true}]}}