{"id":661,"date":"2019-08-25T14:44:56","date_gmt":"2019-08-25T13:44:56","guid":{"rendered":"https:\/\/www.humakt.com\/?page_id=661"},"modified":"2019-08-26T07:06:19","modified_gmt":"2019-08-26T06:06:19","slug":"yinkin-der-schafhirte","status":"publish","type":"page","link":"https:\/\/www.humakt.com\/gb\/glorantha\/mythen-legenden-und-lieder\/yinkin-der-schafhirte\/","title":{"rendered":"Yinkin der Schafhirte"},"content":{"rendered":"\n<p>von Nick Brooke<\/p>\n\n\n\n<p>Eines\nTages, als Orlanth sich die Sorgen und N\u00f6te seiner Verwandten berichten lie\u00df,\nkam sein Halbbruder Yinkin die Katze, mit h\u00e4ngenden Ohren und eingerolltem\nSchwanz zu Orlanth und sprach: <\/p>\n\n\n\n<p>\u201eOh\nBruder Orlanth, Bruder Hund lacht mich schon wieder aus. Er sagt, er t\u00e4te\nsinnvolle Arbeit, w\u00e4hrend ich nur den ganzen Tag faul herum liegen w\u00fcrde. Da\nhabe ich ihm entgegnet, jemand m\u00fcsse schlie\u00dflich die Kornkammer bewachen und\ndiese l\u00e4stigen V\u00f6gel st\u00e4ndig von den Feldern scheuchen. Aber er hat immer noch\nweiter gemeckert, er k\u00f6nne das alles genauso gut, doch ich k\u00f6nne niemals seine\nArbeit verrichten und dem kleinen Voriof dabei helfen Deine Wolkenschafe in den\nH\u00fcgeln zu h\u00fcten. Oh Orlanth, mein Bruder, lass mich heute mit Deinem Sohn\nVoriof gehen und selbst die Schafe auf ihre Weide f\u00fchren.\u201c <\/p>\n\n\n\n<p>Orlanth\nlachte schallend und sprach: \u201eOh Bruder Yinkin, Du solltest dem, was Bruder\nHund sagt nicht zu viel Beachtung schenken. Wir sind alle verschieden, und\njeder von uns kann etwas anderes besonders gut. Aber wenn Du willst, dann\nerledige Du heute die Arbeit von Bruder Hund. Viel Gl\u00fcck! Nimm meine\nWolkenschafe und geh mit dem kleinen Voriof hoch auf das Weideland. Bewache\nsie, und bring sie wieder heil zur\u00fcck.\u201c<\/p>\n\n\n\n<p>So\nmachten sich Yinkin und Voriof zu den H\u00fcgeln auf, um die Schafe zu h\u00fcten. Da\ndachte Yinkin bei sich: \u201eWarum laufen wir blo\u00df so langsam? Die k\u00f6nnen doch viel\nschneller laufen.\u201c Da zeigte er seine Krallen und fletschte seine Z\u00e4hne, lie\u00df\nseine Augen aufblitzen und fauchte ein lautes \u201eChhh! Chhh!\u201c. Die Schafe\nsprangen los und fl\u00fcchteten bis auf die Spitze des H\u00fcgels hinauf. <\/p>\n\n\n\n<p>\u201eWieso\nhast Du das getan?\u201c, fragte Voriof, und Yinkin erkl\u00e4rte es ihm. \u201eAh, ich\nverstehe\u201c, sagte Yoriof, \u201eaber Bruder Hund macht es niemals auf diese Weise.\u201c\n\u201eDas mag sein\u201c, erwiderte Yinkin, \u201evielleicht mag er dieses faule Getrotte den\nWeg hinauf\u2026\u201c. Er sprach\u2019s und l\u00e4chelte sein Katzenl\u00e4cheln. <\/p>\n\n\n\n<p>Als\nsie oben ankamen, standen die Schafe alle auf einem Fleck zusammen und grasten\nalle dieselbe Stelle ab. Da dachte Yinkin bei sich: \u201eWieso hocken die nur alle\nauf einem Haufen und fressen alle das gleiche Gras? Die w\u00e4ren doch viel\ngl\u00fccklicher, h\u00e4tte jedes sein eigenes St\u00fcck, f\u00fcr sich allein.\u201c So scheuchte er\ndie Schafe umher, bis jedes zitternd und zappelnd allein dastand. <\/p>\n\n\n\n<p>\u201eWieso\nhast Du das getan?\u201c, fragte Voriof, und Yinkin erkl\u00e4rte es ihm. \u201eIch vermute Du\nhast Recht\u201c, sagte Voriof, \u201eaber Bruder Hund macht das niemals auf diese\nWeise.\u201c \u201eAch\u201c, erwiderte Yinkin, \u201evielleicht ist es leichter f\u00fcr ihn, wenn sie\nalle zusammen stehen\u2026\u201c Und Yinkin freute sich, dass er so viel besser war als\nsein Rivale. <\/p>\n\n\n\n<p>Als\nsonst nichts weiter geschah, legte sich Yinkin hin, w\u00e4hrend Voriof nach der\nHerde sah. \u201eWeck mich, falls etwas passiert\u201c, sagte Yinkin, \u201eIch k\u00e4mpfe besser,\nwenn ich ausgeruht bin.\u201c \u201eBruder Hund rennt normalerweise die ganze Zeit umher\nund bewacht die Schafe.\u201c, erkl\u00e4rte Voriof. \u201eNur ein schlechter Hirte muss\nst\u00e4ndig seine Arbeit kontrollieren\u201c, entgegnete Yinkin, \u201eIch wei\u00df, dass die\nSchafe hier gut und sicher aufgehoben sind.\u201c \u201eNun ja, \u2026\u201c, sagte Voriof, aber die\nKatze war bereits eingeschlafen. <\/p>\n\n\n\n<p>Nachdem\ner so die meiste Zeit des Tages verschlafen hatte, wachte er auf. Alles schien\nin Ordnung als er sich umblickte. Da ging er los, um etwas zu essen, f\u00fcr sich\nund den Jungen zu jagen. Er fand einen <\/p>\n\n\n\n<p>Hasen,\nden er zu Voriof zur\u00fcckbrachte. Doch dieser sah sehr ver\u00e4ngstigt aus. Es war\nschon sp\u00e4t geworden. <\/p>\n\n\n\n<p>\u201eDu\nbrauchst Dir um mich keine Sorgen zu machen. Ich kann auf mich selbst\naufpassen\u201c, sagte die Katze, \u201eWie dem auch sei. Schau, was ich gefunden habe!\u201c.\nDarauf sagte Voriof: \u201eDu bist es nicht, um den ich mir Sorgen machte, aber\negal. Schau, was ich verloren habe! Es wird dunkel und die Schafe sind \u00fcber den\nganzen Berg verteilt. Es wird eine harte Arbeit sie alle wieder zusammen und\nhinunter in den Stall zu treiben.\u201c \u201eOch, das ist leicht\u201c, sagte Yinkin. Mit\nseinen kleinen Katzenaugen konnte er sehen wo jedes einzelne Schaf war. Er\nschlich sich von hinten an sie heran und heulte und fauchte, bis sie alle den\nBerg hinunterrannten. Yinkin lief ihnen hinterher, so dass sie alle zusammen\nunten ankamen. <\/p>\n\n\n\n<p>\u201eDas\nwar ein Kinderspiel!\u201c, rief Yinkin. \u201eAber die Schafe sehen jetzt m\u00fcde aus\u201c,\nmeinte Voriof. \u201eWas soll\u2019s?\u201c, sagte die Katze, \u201eIch dachte, wir verschaffen\nihnen heute mal ein bisschen Aufregung. Sonst werden sie noch alle fett und\nfaul, wenn sie nicht genug Bewegung bekommen.\u201c \u201eJa, vermutlich\u201c, sagte Voriof\netwas durcheinander. Bruder Hund hatte das ihm gegen\u00fcber nie erw\u00e4hnt, aber\njetzt konnte er nicht erkennen, was falsch daran sein sollte, und dennoch\u2026<\/p>\n\n\n\n<p>Am\nn\u00e4chsten Tag kam Orlanth, um nach seinen Schafen zu sehen. Sie hatten St\u00f6ckchen\nund Kletten \u00fcberall in ihrer wolkig, wei\u00dfen Wolle. Sie schauten nerv\u00f6s aus und\nwaren viel d\u00fcnner geworden. Als Yinkin sich ihnen n\u00e4herte, huschten sie alle\ndavon. <\/p>\n\n\n\n<p>\u201eWie\nist es gelaufen, Yinkin?\u201c, fragte Orlanth. \u201eSehr einfach, mein Bruder\u201c,\nantwortete Yinkin. \u201eZu einfach, um ehrlich zu sein. Bruder Hund hat anscheinend\neine echt gem\u00fctliche Arbeit. Es bietet nicht genug, um mein Interesse zu\nwecken. Wenn Du willst, helfe ich ihm von Zeit zu Zeit ein bisschen aus. Ich\nglaube nicht, dass wir ihn derzeit vom Hof werfen m\u00fcssen \u2013 auch wenn er ein\nfauler Schnorrer ist.\u201c<\/p>\n\n\n\n<p>Orlanth\nlachte und kratzte seinem Halbbruder hinter den Ohren. \u201eDu hast nat\u00fcrlich\nRecht, Bruder Yinkin. Du hast es viel besser gemacht als Dein Bruder. Es ist\noffensichtlich, dass er nicht mit Dir konkurrieren kann. Aber ich will\ngro\u00dfz\u00fcgig sein und ihm seinen Teil lassen. Auf seine Weise verrichtet er die\nArbeit gut genug. Wenn er mal Hilfe braucht, wei\u00df ich jetzt ja, wen ich fragen\nmuss.\u201c Aber seltsamerweise, hat Orlanth danach Yinkin nie gebeten seine Schafe\nzu h\u00fcten. <\/p>\n\n\n\n<div class=\"wp-block-image\"><figure class=\"aligncenter\"><img loading=\"lazy\" decoding=\"async\" width=\"200\" height=\"250\" src=\"https:\/\/www.humakt.com\/wp-content\/uploads\/2019\/08\/cat-negativ-by-Simon-Bray.png\" alt=\"Katze\" class=\"wp-image-665\"\/><\/figure><\/div>\n\n\n\n<p><em>Diese\nGeschichte wurde inspiriert durch Martin Crim, der vorgeschlagen hatte, dass\ndie Orlanthi Katzen zum H\u00fcten von Schafen einsetzen w\u00fcrden. Da ich schon immer\nKatzen als Haustiere hatte, wollte ich die Unm\u00f6glichkeit, dass diese Tiere\nirgendeine Art n\u00fctzlicher Arbeit verrichten, zu einem Mythos verarbeiten \u2013\nbevor jemand seine Geduld (oder seine Schafe) verliert. <\/em><\/p>\n\n\n\n<p><em>Es wird gemeinhin angenommen, dass es in der Welt Katzenleute und Hundeleute gibt. Aber schlimmer noch als die lauten, dummen, Lasttier-Hooligan Hundemenschen, w\u00e4ren \u201eKatzen-werden-Hundeleute\u201c. Und es w\u00e4re mir ein Abscheu die Orlanthi zu solchen zu z\u00e4hlen. Sie bewundern Katzen vielmehr f\u00fcr offensichtlichen Eigenschaften (Arbeitsscheu, Unabh\u00e4ngigkeit und Autarkie). Sie verbiegen Katzen nicht, damit sie arbeiten. Das \u00fcberlassen sie lieber lauten, ahnungslosen Brutalos, wie den Hunden. Eine ungew\u00f6hnliche, seltsame Orlanthi Sippe k\u00f6nnte dennoch Katzen zum H\u00fcten von Schafen einsetzen. Deren Mythos h\u00e4tte wahrscheinlich eine Verbindung zu dieser Geschichte von Yinkin dem Schafhirten. Wahrscheinlich lie\u00dfen sich auch noch viele weitere Yinkini Einfl\u00fcsse auf einem solchen Hof finden. <\/em><\/p>\n\n\n\n<h3 class=\"wp-block-heading\">Hinweise<\/h3>\n\n\n\n<ul class=\"wp-block-list\"><li>\u00a9 2001 Nick Brooke<\/li><li>Quelle: <a href=\"http:\/\/etyries.albionsoft.com\/etyries.com\/folktale\/yinkin.html\">http:\/\/etyries.albionsoft.com\/etyries.com\/folktale\/yinkin.html<\/a><\/li><li>Aus dem Englischen von Robin Mitra \u00a9 2006, 2019 Humakt e.V.<\/li><li>Bild: <a rel=\"noreferrer noopener\" aria-label=\"Simon Bray (\u00f6ffnet in neuem Tab)\" href=\"https:\/\/www.deviantart.com\/blackyinkin\/gallery\" target=\"_blank\">Simon Bray<\/a> \u00a9 Moon Design Publications<\/li><li><a href=\"https:\/\/www.humakt.com\/wp-content\/uploads\/2019\/03\/Wie-Orlanth-das-Loch-im-Dach-flickte.pdf\">Die<\/a><a href=\"https:\/\/www.humakt.com\/wp-content\/uploads\/2019\/08\/Yinkin-der-Schafhirte.pdf\">se Seite als PDF anzeigen.<\/a><\/li><\/ul>\n","protected":false},"excerpt":{"rendered":"<p>von Nick Brooke Eines Tages, als Orlanth sich die Sorgen und N\u00f6te seiner Verwandten berichten lie\u00df, kam sein Halbbruder Yinkin die Katze, mit h\u00e4ngenden Ohren und eingerolltem Schwanz zu Orlanth und sprach: \u201eOh Bruder Orlanth, Bruder Hund lacht mich schon wieder aus. Er sagt, er t\u00e4te sinnvolle Arbeit, w\u00e4hrend ich nur den ganzen Tag faul &hellip; <\/p>\n<p class=\"link-more\"><a href=\"https:\/\/www.humakt.com\/gb\/glorantha\/mythen-legenden-und-lieder\/yinkin-der-schafhirte\/\" class=\"more-link\">Continue reading<span class=\"screen-reader-text\"> &#8220;Yinkin der Schafhirte&#8221;<\/span><\/a><\/p>\n","protected":false},"author":2,"featured_media":0,"parent":417,"menu_order":9,"comment_status":"closed","ping_status":"closed","template":"","meta":{"footnotes":""},"class_list":["post-661","page","type-page","status-publish","hentry"],"translation":{"provider":"WPGlobus","version":"3.0.2","language":"gb","enabled_languages":["de","gb"],"languages":{"de":{"title":true,"content":true,"excerpt":false},"gb":{"title":false,"content":false,"excerpt":false}}},"yoast_head":"<!-- This site is optimized with the Yoast SEO plugin v27.6 - https:\/\/yoast.com\/product\/yoast-seo-wordpress\/ -->\n<title>Yinkin der Schafhirte - Humakt e.V.<\/title>\n<meta name=\"robots\" content=\"index, follow, max-snippet:-1, max-image-preview:large, max-video-preview:-1\" \/>\n<link rel=\"canonical\" href=\"https:\/\/www.humakt.com\/glorantha\/mythen-legenden-und-lieder\/yinkin-der-schafhirte\/\" \/>\n<meta property=\"og:locale\" content=\"en_GB\" \/>\n<meta property=\"og:type\" content=\"article\" \/>\n<meta property=\"og:title\" content=\"Yinkin der Schafhirte - Humakt e.V.\" \/>\n<meta property=\"og:url\" content=\"https:\/\/www.humakt.com\/glorantha\/mythen-legenden-und-lieder\/yinkin-der-schafhirte\/\" \/>\n<meta property=\"og:site_name\" content=\"Humakt e.V.\" \/>\n<meta property=\"article:modified_time\" content=\"2019-08-26T06:06:19+00:00\" \/>\n<meta property=\"og:image\" content=\"https:\/\/www.humakt.com\/wp-content\/uploads\/2019\/08\/cat-negativ-by-Simon-Bray.png\" \/>\n<meta name=\"twitter:card\" content=\"summary_large_image\" \/>\n<meta name=\"twitter:label1\" content=\"Est. reading time\" \/>\n\t<meta name=\"twitter:data1\" content=\"6 minutes\" \/>\n<script type=\"application\/ld+json\" class=\"yoast-schema-graph\">{\"@context\":\"https:\\\/\\\/schema.org\",\"@graph\":[{\"@type\":\"WebPage\",\"@id\":\"https:\\\/\\\/www.humakt.com\\\/glorantha\\\/mythen-legenden-und-lieder\\\/yinkin-der-schafhirte\\\/\",\"url\":\"https:\\\/\\\/www.humakt.com\\\/glorantha\\\/mythen-legenden-und-lieder\\\/yinkin-der-schafhirte\\\/\",\"name\":\"Yinkin der Schafhirte - Humakt e.V.\",\"isPartOf\":{\"@id\":\"https:\\\/\\\/www.humakt.com\\\/#website\"},\"primaryImageOfPage\":{\"@id\":\"https:\\\/\\\/www.humakt.com\\\/glorantha\\\/mythen-legenden-und-lieder\\\/yinkin-der-schafhirte\\\/#primaryimage\"},\"image\":{\"@id\":\"https:\\\/\\\/www.humakt.com\\\/glorantha\\\/mythen-legenden-und-lieder\\\/yinkin-der-schafhirte\\\/#primaryimage\"},\"thumbnailUrl\":\"https:\\\/\\\/www.humakt.com\\\/wp-content\\\/uploads\\\/2019\\\/08\\\/cat-negativ-by-Simon-Bray.png\",\"datePublished\":\"2019-08-25T13:44:56+00:00\",\"dateModified\":\"2019-08-26T06:06:19+00:00\",\"breadcrumb\":{\"@id\":\"https:\\\/\\\/www.humakt.com\\\/glorantha\\\/mythen-legenden-und-lieder\\\/yinkin-der-schafhirte\\\/#breadcrumb\"},\"inLanguage\":\"en-GB\",\"potentialAction\":[{\"@type\":\"ReadAction\",\"target\":[\"https:\\\/\\\/www.humakt.com\\\/glorantha\\\/mythen-legenden-und-lieder\\\/yinkin-der-schafhirte\\\/\"]}]},{\"@type\":\"ImageObject\",\"inLanguage\":\"en-GB\",\"@id\":\"https:\\\/\\\/www.humakt.com\\\/glorantha\\\/mythen-legenden-und-lieder\\\/yinkin-der-schafhirte\\\/#primaryimage\",\"url\":\"https:\\\/\\\/www.humakt.com\\\/wp-content\\\/uploads\\\/2019\\\/08\\\/cat-negativ-by-Simon-Bray.png\",\"contentUrl\":\"https:\\\/\\\/www.humakt.com\\\/wp-content\\\/uploads\\\/2019\\\/08\\\/cat-negativ-by-Simon-Bray.png\"},{\"@type\":\"BreadcrumbList\",\"@id\":\"https:\\\/\\\/www.humakt.com\\\/glorantha\\\/mythen-legenden-und-lieder\\\/yinkin-der-schafhirte\\\/#breadcrumb\",\"itemListElement\":[{\"@type\":\"ListItem\",\"position\":1,\"name\":\"Startseite\",\"item\":\"https:\\\/\\\/www.humakt.com\\\/\"},{\"@type\":\"ListItem\",\"position\":2,\"name\":\"Glorantha\",\"item\":\"https:\\\/\\\/www.humakt.com\\\/glorantha\\\/\"},{\"@type\":\"ListItem\",\"position\":3,\"name\":\"Mythen, Legenden und Lieder\",\"item\":\"https:\\\/\\\/www.humakt.com\\\/glorantha\\\/mythen-legenden-und-lieder\\\/\"},{\"@type\":\"ListItem\",\"position\":4,\"name\":\"Yinkin der Schafhirte\"}]},{\"@type\":\"WebSite\",\"@id\":\"https:\\\/\\\/www.humakt.com\\\/#website\",\"url\":\"https:\\\/\\\/www.humakt.com\\\/\",\"name\":\"Humakt e.V.\",\"description\":\"\",\"publisher\":{\"@id\":\"https:\\\/\\\/www.humakt.com\\\/#organization\"},\"potentialAction\":[{\"@type\":\"SearchAction\",\"target\":{\"@type\":\"EntryPoint\",\"urlTemplate\":\"https:\\\/\\\/www.humakt.com\\\/?s={search_term_string}\"},\"query-input\":{\"@type\":\"PropertyValueSpecification\",\"valueRequired\":true,\"valueName\":\"search_term_string\"}}],\"inLanguage\":\"en-GB\"},{\"@type\":\"Organization\",\"@id\":\"https:\\\/\\\/www.humakt.com\\\/#organization\",\"name\":\"Humakt e.V.\",\"url\":\"https:\\\/\\\/www.humakt.com\\\/\",\"logo\":{\"@type\":\"ImageObject\",\"inLanguage\":\"en-GB\",\"@id\":\"https:\\\/\\\/www.humakt.com\\\/#\\\/schema\\\/logo\\\/image\\\/\",\"url\":\"https:\\\/\\\/www.humakt.com\\\/wp-content\\\/uploads\\\/2023\\\/12\\\/cropped-Humakt-eV-Logo-mit-Titel-weiss-1.png\",\"contentUrl\":\"https:\\\/\\\/www.humakt.com\\\/wp-content\\\/uploads\\\/2023\\\/12\\\/cropped-Humakt-eV-Logo-mit-Titel-weiss-1.png\",\"width\":166,\"height\":250,\"caption\":\"Humakt e.V.\"},\"image\":{\"@id\":\"https:\\\/\\\/www.humakt.com\\\/#\\\/schema\\\/logo\\\/image\\\/\"}}]}<\/script>\n<!-- \/ Yoast SEO plugin. -->","yoast_head_json":{"title":"Yinkin der Schafhirte - Humakt e.V.","robots":{"index":"index","follow":"follow","max-snippet":"max-snippet:-1","max-image-preview":"max-image-preview:large","max-video-preview":"max-video-preview:-1"},"canonical":"https:\/\/www.humakt.com\/glorantha\/mythen-legenden-und-lieder\/yinkin-der-schafhirte\/","og_locale":"en_GB","og_type":"article","og_title":"Yinkin der Schafhirte - Humakt e.V.","og_url":"https:\/\/www.humakt.com\/glorantha\/mythen-legenden-und-lieder\/yinkin-der-schafhirte\/","og_site_name":"Humakt e.V.","article_modified_time":"2019-08-26T06:06:19+00:00","og_image":[{"url":"https:\/\/www.humakt.com\/wp-content\/uploads\/2019\/08\/cat-negativ-by-Simon-Bray.png","type":"","width":"","height":""}],"twitter_card":"summary_large_image","twitter_misc":{"Est. reading time":"6 minutes"},"schema":{"@context":"https:\/\/schema.org","@graph":[{"@type":"WebPage","@id":"https:\/\/www.humakt.com\/glorantha\/mythen-legenden-und-lieder\/yinkin-der-schafhirte\/","url":"https:\/\/www.humakt.com\/glorantha\/mythen-legenden-und-lieder\/yinkin-der-schafhirte\/","name":"Yinkin der Schafhirte - Humakt e.V.","isPartOf":{"@id":"https:\/\/www.humakt.com\/#website"},"primaryImageOfPage":{"@id":"https:\/\/www.humakt.com\/glorantha\/mythen-legenden-und-lieder\/yinkin-der-schafhirte\/#primaryimage"},"image":{"@id":"https:\/\/www.humakt.com\/glorantha\/mythen-legenden-und-lieder\/yinkin-der-schafhirte\/#primaryimage"},"thumbnailUrl":"https:\/\/www.humakt.com\/wp-content\/uploads\/2019\/08\/cat-negativ-by-Simon-Bray.png","datePublished":"2019-08-25T13:44:56+00:00","dateModified":"2019-08-26T06:06:19+00:00","breadcrumb":{"@id":"https:\/\/www.humakt.com\/glorantha\/mythen-legenden-und-lieder\/yinkin-der-schafhirte\/#breadcrumb"},"inLanguage":"en-GB","potentialAction":[{"@type":"ReadAction","target":["https:\/\/www.humakt.com\/glorantha\/mythen-legenden-und-lieder\/yinkin-der-schafhirte\/"]}]},{"@type":"ImageObject","inLanguage":"en-GB","@id":"https:\/\/www.humakt.com\/glorantha\/mythen-legenden-und-lieder\/yinkin-der-schafhirte\/#primaryimage","url":"https:\/\/www.humakt.com\/wp-content\/uploads\/2019\/08\/cat-negativ-by-Simon-Bray.png","contentUrl":"https:\/\/www.humakt.com\/wp-content\/uploads\/2019\/08\/cat-negativ-by-Simon-Bray.png"},{"@type":"BreadcrumbList","@id":"https:\/\/www.humakt.com\/glorantha\/mythen-legenden-und-lieder\/yinkin-der-schafhirte\/#breadcrumb","itemListElement":[{"@type":"ListItem","position":1,"name":"Startseite","item":"https:\/\/www.humakt.com\/"},{"@type":"ListItem","position":2,"name":"Glorantha","item":"https:\/\/www.humakt.com\/glorantha\/"},{"@type":"ListItem","position":3,"name":"Mythen, Legenden und Lieder","item":"https:\/\/www.humakt.com\/glorantha\/mythen-legenden-und-lieder\/"},{"@type":"ListItem","position":4,"name":"Yinkin der Schafhirte"}]},{"@type":"WebSite","@id":"https:\/\/www.humakt.com\/#website","url":"https:\/\/www.humakt.com\/","name":"Humakt e.V.","description":"","publisher":{"@id":"https:\/\/www.humakt.com\/#organization"},"potentialAction":[{"@type":"SearchAction","target":{"@type":"EntryPoint","urlTemplate":"https:\/\/www.humakt.com\/?s={search_term_string}"},"query-input":{"@type":"PropertyValueSpecification","valueRequired":true,"valueName":"search_term_string"}}],"inLanguage":"en-GB"},{"@type":"Organization","@id":"https:\/\/www.humakt.com\/#organization","name":"Humakt e.V.","url":"https:\/\/www.humakt.com\/","logo":{"@type":"ImageObject","inLanguage":"en-GB","@id":"https:\/\/www.humakt.com\/#\/schema\/logo\/image\/","url":"https:\/\/www.humakt.com\/wp-content\/uploads\/2023\/12\/cropped-Humakt-eV-Logo-mit-Titel-weiss-1.png","contentUrl":"https:\/\/www.humakt.com\/wp-content\/uploads\/2023\/12\/cropped-Humakt-eV-Logo-mit-Titel-weiss-1.png","width":166,"height":250,"caption":"Humakt e.V."},"image":{"@id":"https:\/\/www.humakt.com\/#\/schema\/logo\/image\/"}}]}},"_links":{"self":[{"href":"https:\/\/www.humakt.com\/gb\/wp-json\/wp\/v2\/pages\/661","targetHints":{"allow":["GET"]}}],"collection":[{"href":"https:\/\/www.humakt.com\/gb\/wp-json\/wp\/v2\/pages"}],"about":[{"href":"https:\/\/www.humakt.com\/gb\/wp-json\/wp\/v2\/types\/page"}],"author":[{"embeddable":true,"href":"https:\/\/www.humakt.com\/gb\/wp-json\/wp\/v2\/users\/2"}],"replies":[{"embeddable":true,"href":"https:\/\/www.humakt.com\/gb\/wp-json\/wp\/v2\/comments?post=661"}],"version-history":[{"count":4,"href":"https:\/\/www.humakt.com\/gb\/wp-json\/wp\/v2\/pages\/661\/revisions"}],"predecessor-version":[{"id":669,"href":"https:\/\/www.humakt.com\/gb\/wp-json\/wp\/v2\/pages\/661\/revisions\/669"}],"up":[{"embeddable":true,"href":"https:\/\/www.humakt.com\/gb\/wp-json\/wp\/v2\/pages\/417"}],"wp:attachment":[{"href":"https:\/\/www.humakt.com\/gb\/wp-json\/wp\/v2\/media?parent=661"}],"curies":[{"name":"wp","href":"https:\/\/api.w.org\/{rel}","templated":true}]}}