{"id":601,"date":"2019-07-30T19:24:28","date_gmt":"2019-07-30T18:24:28","guid":{"rendered":"https:\/\/www.humakt.com\/?page_id=601"},"modified":"2019-08-05T17:11:52","modified_gmt":"2019-08-05T16:11:52","slug":"der-bullenbrueller","status":"publish","type":"page","link":"https:\/\/www.humakt.com\/gb\/glorantha\/mythen-legenden-und-lieder\/der-bullenbrueller\/","title":{"rendered":"Der Bullenbr\u00fcller"},"content":{"rendered":"\n<p>Es gibt mehrere Mythen, in denen der Bullenbr\u00fcller vorkommt. Die ber\u00fchmteste Geschichte ist &#8220;Wie Orlanth um Ernalda warb&#8221; (aus The Book of Heortling Mythology, von Moon Design Publications\/Issaries). Nirgends wird jedoch erkl\u00e4rt, um was es sich bei dem Bullenbr\u00fcller handelt. Ist es das, was man vielleicht als Erstes vermutet? Oder ist es doch etwas ganz anderes? Hier kommen drei verschiedene Geschichten zur Bedeutung des Bullenbr\u00fcllers, die alle gleichzeitig richtig und wahr sein k\u00f6nnten. <\/p>\n\n\n\n<figure class=\"wp-block-image\"><img loading=\"lazy\" decoding=\"async\" width=\"640\" height=\"640\" src=\"https:\/\/www.humakt.com\/wp-content\/uploads\/2019\/07\/bull-2892183_640-white-Image-by-johnnyet-from-Pixabay.png\" alt=\"ein stylisierter Bulle\" class=\"wp-image-603\" srcset=\"https:\/\/www.humakt.com\/wp-content\/uploads\/2019\/07\/bull-2892183_640-white-Image-by-johnnyet-from-Pixabay.png 640w, https:\/\/www.humakt.com\/wp-content\/uploads\/2019\/07\/bull-2892183_640-white-Image-by-johnnyet-from-Pixabay-150x150.png 150w, https:\/\/www.humakt.com\/wp-content\/uploads\/2019\/07\/bull-2892183_640-white-Image-by-johnnyet-from-Pixabay-300x300.png 300w, https:\/\/www.humakt.com\/wp-content\/uploads\/2019\/07\/bull-2892183_640-white-Image-by-johnnyet-from-Pixabay-100x100.png 100w\" sizes=\"auto, (max-width: 640px) 100vw, 640px\" \/><\/figure>\n\n\n\n<h3 class=\"wp-block-heading\">I.<\/h3>\n\n\n\n<p>Als die G\u00f6tterkriege herrschten, zog Orlanth oft mit seinen Br\u00fcdern in die Schlacht. Es gab viele Feinde: Die Schwergen des Weltherrschers wollten sich an Orlanth f\u00fcr dessen Tod r\u00e4chen. Die Trolle waren in der Dunkelheit \u00fcber die Welt hereingebrochen und fra\u00dfen wahllos Menschen, Tiere und G\u00f6tter. Die Wasserg\u00f6tter versuchten Orlanth seinen Rang in allen Elementen streitig zu machen und \u00fcberschwemmten Himmel, Luft und Erde. Und die Aldryami jagten jeden, der ihren W\u00e4ldern auch nur zu nahe kam. So musste Orlanth viele Kriege f\u00fchren.  <\/p>\n\n\n\n<p>Doch mit jeder\nSchlacht wurde Orlanth auch bekannter und ber\u00fchmter, und so\nschlossen sich immer mehr G\u00f6ttinnen und G\u00f6tter seinem\nFreiheitskampf an. Zuerst waren es nur Windg\u00f6tter. Nachdem Orlanth\ndann Ernalda geheiratet hatte, folgten auch viel Erdg\u00f6ttinnen und\nErdg\u00f6tter. Sp\u00e4ter trat mit Elmal dann der erste Feuergott dem\nSturmstamm bei. Schlie\u00dflich folgte mit Heler sogar noch die erste\nWassergottheit. So wuchs der Sturmstamm immer weiter an.<\/p>\n\n\n\n<p>In dem gleichen\nMa\u00dfe wuchs aber auch das Kampfget\u00f6se auf den Schlachtfeldern. Immer\nmehr Leute schrien und riefen durcheinander. Manche wollten Befehle\ngeben, andere br\u00fcllten vor Schmerzen. So kam es, dass niemand mehr\nden anderen verstehen konnte. Der L\u00e4rm war ohrenbet\u00e4ubend. Orlanth\nversuchte \u00fcber das Get\u00f6se hinweg zu br\u00fcllen, doch obwohl der Wind\nseine Stimme weit trug, konnten ihn schon die n\u00e4chsten seiner\nGef\u00e4hrten nicht mehr verstehen. \n<\/p>\n\n\n\n<p>Da ging sein gro\u00dfer Bruder Urox, der Sturmbulle, zu einem seiner Kinder. Er nahm sein Schwert und schlug seinem Sohn ein Horn vom Kopf. Dann hackte er die Spitze des Horns ab. Mit einem Messer schnitt er sich selbst zus\u00e4tzlich ein B\u00fcschel Haare ab und band das Horn daran. Daraufhin brachte er sein neues Ger\u00e4t zu Orlanth. Dieser erkannte sofort, was Urox ihm da geschenkt hatte. Augenblicklich nahm Orlanth das Horn und wirbelte es durch die Luft. \u00dcber dem ganzen Schlachtfeld ert\u00f6nte das Signal und nun wussten seine Leute, was sie zu tun hatten. Die Schlacht wurde gewonnen, und seither tr\u00e4gt Orlanth den Bullenbr\u00fcller stets an seiner Seite, wenn er in den Krieg zieht.  <\/p>\n\n\n\n<h3 class=\"wp-block-heading\"> II.<\/h3>\n\n\n\n<p>\nOrlanth ist nicht nur der m\u00e4chtigste der G\u00f6tter und ihr K\u00f6nig.\nOrlanth ist auch der gr\u00f6\u00dfte Bauer und damit der wichtigste Ern\u00e4hrer\nseines Sturmstammes. Orlanth pfl\u00fcgt die Felder, h\u00fctet die Schafe\nund z\u00fcchtet die Rinder, damit seine Familie stets gen\u00fcgend zu essen\nhat. Doch die Viehzucht und der Ackerbau waren damals f\u00fcr die G\u00f6tter\nkeine einfachere Aufgabe, als dies heute f\u00fcr uns Menschen ist. Die\nErnte konnte schlecht ausfallen und das Vieh konnte gestohlen werden.\n<\/p>\n\n\n\n<p>So passierte es\nauch in einer langen Nacht, dass die Uz auf Orlanths Land eindrangen.\nSie schlichen sich im Schutze der Finsternis heran und fra\u00dfen viele\nK\u00fche von der Weide und sogar den gro\u00dfen Leitbullen der Herde. Als\nOrlanth dies bemerkte, griff er sofort nach seinen Waffen und t\u00f6tete\ndie Eindringlinge. Doch f\u00fcr die meisten seiner Tiere kam alle Hilfe\nzu sp\u00e4t. Die eine H\u00e4lfte von ihnen war gefressen worden und die\nandere H\u00e4lfte hatte sich aus Angst und Panik in alle Winde\nzerstreut. Normalerweise hatte der gro\u00dfe Leitbulle Orlanth dabei\ngeholfen, die Herde zusammenzuhalten. Wenn er br\u00fcllte, kamen alle\nK\u00fche angelaufen. Doch dies war nun nicht mehr m\u00f6glich. Orlanth\nmachte sich also sofort daran seine Tiere wieder einzufangen. Doch\ndiese Aufgabe erwies sich als schier unm\u00f6glich. \n<\/p>\n\n\n\n<p>Dann traf Orlanth pl\u00f6tzlich eine G\u00f6ttin, die er zuvor noch nie gesehen hatte. Sie war die Tochter eines Pflanzengottes und Uraldas, der Mutter der K\u00fche. Sie zeigte ihm ein besonderes Grasb\u00fcschel von dem Orlanth essen sollte. Er kniete sich auf den Boden und a\u00df es. Doch als er etwas sagen wollte, kam aus seinem Mund nur das Br\u00fcllen eines Bullen. Seine K\u00fche h\u00f6rten dies und kamen angelaufen. Schon bald hatte Orlanth seine Herde wieder beisammen \u2013 und das \u00dcberleben des Stammes war gesichert.  <\/p>\n\n\n\n<h3 class=\"wp-block-heading\">III.<\/h3>\n\n\n\n<p>\nOrlanth, Yinkin und Eurmal waren gemeinsam unterwegs, um die Welt zu\nerkunden, als sie einen Handwerker trafen. Dieser hatte viele sch\u00f6ne\nund exotische Waren, die er anbot. Das letzte St\u00fcck, das er\nfertiggestellt hatte, war sein Meisterwerk. Es war ein gro\u00dfer und\neleganter Phallus. Sofort waren Orlanth, Yinkin Eurmal beeindruckt\nvon dem stolzen Zeichen der Manneskraft und jeder wollte es besitzen.\nDer Handwerker jedoch sagte, dass das sein bestes St\u00fcck sei, dass er\nje vollbracht hatte. Nun w\u00fcrde er sich zur Ruhe setzen und keine\nweitere Arbeit mehr leisten. Die drei Freunde mussten sich also\nentscheiden, wer das Gem\u00e4cht sein Eigen nennen durfte. Um zu\nentscheiden, wer von ihnen die besten Liebhaberqualit\u00e4ten habe,\nw\u00fcrden ein jeder mit einer Frau seiner Wahl schlafen. W\u00e4hrenddessen\nw\u00fcrden die anderen beiden au\u00dferhalb des Bettes lauschen, welche\nFrau am lautesten die Kunst des Liebhabers beurteilte. \n<\/p>\n\n\n\n<p>Orlanth war der\nErste. Er w\u00e4hlte eine G\u00f6ttin, die ihm beim letzten Fr\u00fchlingsfest\nsch\u00f6ne Augen gemacht hatte. Die beiden gingen gemeinsam in seine\nKammer und vergn\u00fcgten sich ausgiebig. Yinkin und Eurmal, die vor der\nT\u00fcr gewartet hatten, mussten hinterher zugeben, dass man die G\u00f6ttin\nim ganzen Hause jauchzen geh\u00f6rt hatte. \n<\/p>\n\n\n\n<p>Als n\u00e4chstes war\nYinkin an der Reihe. Er stromerte \u00fcber Berge und durch T\u00e4ler, bis\ner die attraktivste aller G\u00f6ttinnen gefunden hatte. Die beiden\nhatten sieben Tage lang ohne Unterlass ihre Freude aneinander. Sp\u00e4ter\nmussten Orlanth und Eurmal zugeben, dass man die G\u00f6ttin \u00fcber alle\nBerge und T\u00e4ler hinweg hatte h\u00f6ren k\u00f6nnen. \n<\/p>\n\n\n\n<p>Als Dritter kam\nEurmal dran. Er schlich sich heimlich davon und stahl des Phallus des\nHandwerkers. Damit ging er dann in Uraldas Stall und begl\u00fcckte eine\nihrer K\u00fche. Danach schlief er ersch\u00f6pft bei ihr ein. Orlanth und\nYinkin waren sich einig, dass das Gebr\u00fcll von Eurmals Liebster mit\nAbstand das Lauteste gewesen sei. Am Morgen gingen sie zu ihm, um ihm\nzu gratulieren, als sie sahen, wen sich Eurmal als Nachtgef\u00e4hrtin\nausgesucht hatte. \n<\/p>\n\n\n\n<p>Doch wie immer hatte Eurmal sofort einen Ausweg parat. Er schlug Orlanth ein Gesch\u00e4ft vor. Wenn Orlanth nicht herumerz\u00e4hlen w\u00fcrde, mit wem Eurmal die Nacht verbracht hatte, dann w\u00fcrde Eurmal ihm daf\u00fcr seinen neuerworbenen Bullenbr\u00fcller schenken.  <\/p>\n\n\n\n<h3 class=\"wp-block-heading\">Hinweise<\/h3>\n\n\n\n<ul class=\"wp-block-list\"><li>von Robin Mitra<\/li><li>Bild: <a href=\"https:\/\/pixabay.com\/users\/johnnyet-4734800\/?utm_source=link-attribution&amp;utm_medium=referral&amp;utm_campaign=image&amp;utm_content=2892183\">johnnyet<\/a> from <a href=\"https:\/\/pixabay.com\/?utm_source=link-attribution&amp;utm_medium=referral&amp;utm_campaign=image&amp;utm_content=2892183\">Pixabay<\/a><\/li><li><a href=\"https:\/\/www.humakt.com\/wp-content\/uploads\/2019\/07\/Der-Bullenbr\u00fcller.pdf\">Gesamten Text als PDF ansehen<\/a> oder einzelnen <a href=\"https:\/\/www.humakt.com\/wp-content\/uploads\/2019\/08\/Der-Bullenbr\u00fcller-Mythos-1.pdf\">Mythos 1<\/a>, <a href=\"https:\/\/www.humakt.com\/wp-content\/uploads\/2019\/08\/Der-Bullenbr\u00fcller-Mythos-2.pdf\">Mythos 2 <\/a>oder <a href=\"https:\/\/www.humakt.com\/wp-content\/uploads\/2019\/08\/Der-Bullenbr\u00fcller-Mythos-3.pdf\">Mythos 3<\/a><\/li><\/ul>\n","protected":false},"excerpt":{"rendered":"<p>Es gibt mehrere Mythen, in denen der Bullenbr\u00fcller vorkommt. Die ber\u00fchmteste Geschichte ist &#8220;Wie Orlanth um Ernalda warb&#8221; (aus The Book of Heortling Mythology, von Moon Design Publications\/Issaries). Nirgends wird jedoch erkl\u00e4rt, um was es sich bei dem Bullenbr\u00fcller handelt. Ist es das, was man vielleicht als Erstes vermutet? Oder ist es doch etwas ganz &hellip; <\/p>\n<p class=\"link-more\"><a href=\"https:\/\/www.humakt.com\/gb\/glorantha\/mythen-legenden-und-lieder\/der-bullenbrueller\/\" class=\"more-link\">Continue reading<span class=\"screen-reader-text\"> &#8220;Der Bullenbr\u00fcller&#8221;<\/span><\/a><\/p>\n","protected":false},"author":2,"featured_media":0,"parent":417,"menu_order":7,"comment_status":"closed","ping_status":"closed","template":"","meta":{"footnotes":""},"class_list":["post-601","page","type-page","status-publish","hentry"],"translation":{"provider":"WPGlobus","version":"3.0.2","language":"gb","enabled_languages":["de","gb"],"languages":{"de":{"title":true,"content":true,"excerpt":false},"gb":{"title":false,"content":false,"excerpt":false}}},"yoast_head":"<!-- This site is optimized with the Yoast SEO plugin v27.4 - https:\/\/yoast.com\/product\/yoast-seo-wordpress\/ -->\n<title>Der Bullenbr\u00fcller - Humakt e.V.<\/title>\n<meta name=\"robots\" content=\"index, follow, max-snippet:-1, max-image-preview:large, max-video-preview:-1\" \/>\n<link rel=\"canonical\" href=\"https:\/\/www.humakt.com\/glorantha\/mythen-legenden-und-lieder\/der-bullenbrueller\/\" \/>\n<meta property=\"og:locale\" content=\"en_GB\" \/>\n<meta property=\"og:type\" content=\"article\" \/>\n<meta property=\"og:title\" content=\"Der Bullenbr\u00fcller - Humakt e.V.\" \/>\n<meta property=\"og:url\" content=\"https:\/\/www.humakt.com\/glorantha\/mythen-legenden-und-lieder\/der-bullenbrueller\/\" \/>\n<meta property=\"og:site_name\" content=\"Humakt e.V.\" \/>\n<meta property=\"article:modified_time\" content=\"2019-08-05T16:11:52+00:00\" \/>\n<meta property=\"og:image\" content=\"https:\/\/www.humakt.com\/wp-content\/uploads\/2019\/07\/bull-2892183_640-white-Image-by-johnnyet-from-Pixabay.png\" \/>\n<meta name=\"twitter:card\" content=\"summary_large_image\" \/>\n<meta name=\"twitter:label1\" content=\"Est. reading time\" \/>\n\t<meta name=\"twitter:data1\" content=\"6 minutes\" \/>\n<script type=\"application\/ld+json\" class=\"yoast-schema-graph\">{\"@context\":\"https:\\\/\\\/schema.org\",\"@graph\":[{\"@type\":\"WebPage\",\"@id\":\"https:\\\/\\\/www.humakt.com\\\/glorantha\\\/mythen-legenden-und-lieder\\\/der-bullenbrueller\\\/\",\"url\":\"https:\\\/\\\/www.humakt.com\\\/glorantha\\\/mythen-legenden-und-lieder\\\/der-bullenbrueller\\\/\",\"name\":\"Der Bullenbr\u00fcller - Humakt e.V.\",\"isPartOf\":{\"@id\":\"https:\\\/\\\/www.humakt.com\\\/#website\"},\"primaryImageOfPage\":{\"@id\":\"https:\\\/\\\/www.humakt.com\\\/glorantha\\\/mythen-legenden-und-lieder\\\/der-bullenbrueller\\\/#primaryimage\"},\"image\":{\"@id\":\"https:\\\/\\\/www.humakt.com\\\/glorantha\\\/mythen-legenden-und-lieder\\\/der-bullenbrueller\\\/#primaryimage\"},\"thumbnailUrl\":\"https:\\\/\\\/www.humakt.com\\\/wp-content\\\/uploads\\\/2019\\\/07\\\/bull-2892183_640-white-Image-by-johnnyet-from-Pixabay.png\",\"datePublished\":\"2019-07-30T18:24:28+00:00\",\"dateModified\":\"2019-08-05T16:11:52+00:00\",\"breadcrumb\":{\"@id\":\"https:\\\/\\\/www.humakt.com\\\/glorantha\\\/mythen-legenden-und-lieder\\\/der-bullenbrueller\\\/#breadcrumb\"},\"inLanguage\":\"en-GB\",\"potentialAction\":[{\"@type\":\"ReadAction\",\"target\":[\"https:\\\/\\\/www.humakt.com\\\/glorantha\\\/mythen-legenden-und-lieder\\\/der-bullenbrueller\\\/\"]}]},{\"@type\":\"ImageObject\",\"inLanguage\":\"en-GB\",\"@id\":\"https:\\\/\\\/www.humakt.com\\\/glorantha\\\/mythen-legenden-und-lieder\\\/der-bullenbrueller\\\/#primaryimage\",\"url\":\"https:\\\/\\\/www.humakt.com\\\/wp-content\\\/uploads\\\/2019\\\/07\\\/bull-2892183_640-white-Image-by-johnnyet-from-Pixabay.png\",\"contentUrl\":\"https:\\\/\\\/www.humakt.com\\\/wp-content\\\/uploads\\\/2019\\\/07\\\/bull-2892183_640-white-Image-by-johnnyet-from-Pixabay.png\"},{\"@type\":\"BreadcrumbList\",\"@id\":\"https:\\\/\\\/www.humakt.com\\\/glorantha\\\/mythen-legenden-und-lieder\\\/der-bullenbrueller\\\/#breadcrumb\",\"itemListElement\":[{\"@type\":\"ListItem\",\"position\":1,\"name\":\"Startseite\",\"item\":\"https:\\\/\\\/www.humakt.com\\\/\"},{\"@type\":\"ListItem\",\"position\":2,\"name\":\"Glorantha\",\"item\":\"https:\\\/\\\/www.humakt.com\\\/glorantha\\\/\"},{\"@type\":\"ListItem\",\"position\":3,\"name\":\"Mythen, Legenden und Lieder\",\"item\":\"https:\\\/\\\/www.humakt.com\\\/glorantha\\\/mythen-legenden-und-lieder\\\/\"},{\"@type\":\"ListItem\",\"position\":4,\"name\":\"Der Bullenbr\u00fcller\"}]},{\"@type\":\"WebSite\",\"@id\":\"https:\\\/\\\/www.humakt.com\\\/#website\",\"url\":\"https:\\\/\\\/www.humakt.com\\\/\",\"name\":\"Humakt e.V.\",\"description\":\"\",\"publisher\":{\"@id\":\"https:\\\/\\\/www.humakt.com\\\/#organization\"},\"potentialAction\":[{\"@type\":\"SearchAction\",\"target\":{\"@type\":\"EntryPoint\",\"urlTemplate\":\"https:\\\/\\\/www.humakt.com\\\/?s={search_term_string}\"},\"query-input\":{\"@type\":\"PropertyValueSpecification\",\"valueRequired\":true,\"valueName\":\"search_term_string\"}}],\"inLanguage\":\"en-GB\"},{\"@type\":\"Organization\",\"@id\":\"https:\\\/\\\/www.humakt.com\\\/#organization\",\"name\":\"Humakt e.V.\",\"url\":\"https:\\\/\\\/www.humakt.com\\\/\",\"logo\":{\"@type\":\"ImageObject\",\"inLanguage\":\"en-GB\",\"@id\":\"https:\\\/\\\/www.humakt.com\\\/#\\\/schema\\\/logo\\\/image\\\/\",\"url\":\"https:\\\/\\\/www.humakt.com\\\/wp-content\\\/uploads\\\/2023\\\/12\\\/cropped-Humakt-eV-Logo-mit-Titel-weiss-1.png\",\"contentUrl\":\"https:\\\/\\\/www.humakt.com\\\/wp-content\\\/uploads\\\/2023\\\/12\\\/cropped-Humakt-eV-Logo-mit-Titel-weiss-1.png\",\"width\":166,\"height\":250,\"caption\":\"Humakt e.V.\"},\"image\":{\"@id\":\"https:\\\/\\\/www.humakt.com\\\/#\\\/schema\\\/logo\\\/image\\\/\"}}]}<\/script>\n<!-- \/ Yoast SEO plugin. -->","yoast_head_json":{"title":"Der Bullenbr\u00fcller - Humakt e.V.","robots":{"index":"index","follow":"follow","max-snippet":"max-snippet:-1","max-image-preview":"max-image-preview:large","max-video-preview":"max-video-preview:-1"},"canonical":"https:\/\/www.humakt.com\/glorantha\/mythen-legenden-und-lieder\/der-bullenbrueller\/","og_locale":"en_GB","og_type":"article","og_title":"Der Bullenbr\u00fcller - Humakt e.V.","og_url":"https:\/\/www.humakt.com\/glorantha\/mythen-legenden-und-lieder\/der-bullenbrueller\/","og_site_name":"Humakt e.V.","article_modified_time":"2019-08-05T16:11:52+00:00","og_image":[{"url":"https:\/\/www.humakt.com\/wp-content\/uploads\/2019\/07\/bull-2892183_640-white-Image-by-johnnyet-from-Pixabay.png","type":"","width":"","height":""}],"twitter_card":"summary_large_image","twitter_misc":{"Est. reading time":"6 minutes"},"schema":{"@context":"https:\/\/schema.org","@graph":[{"@type":"WebPage","@id":"https:\/\/www.humakt.com\/glorantha\/mythen-legenden-und-lieder\/der-bullenbrueller\/","url":"https:\/\/www.humakt.com\/glorantha\/mythen-legenden-und-lieder\/der-bullenbrueller\/","name":"Der Bullenbr\u00fcller - Humakt e.V.","isPartOf":{"@id":"https:\/\/www.humakt.com\/#website"},"primaryImageOfPage":{"@id":"https:\/\/www.humakt.com\/glorantha\/mythen-legenden-und-lieder\/der-bullenbrueller\/#primaryimage"},"image":{"@id":"https:\/\/www.humakt.com\/glorantha\/mythen-legenden-und-lieder\/der-bullenbrueller\/#primaryimage"},"thumbnailUrl":"https:\/\/www.humakt.com\/wp-content\/uploads\/2019\/07\/bull-2892183_640-white-Image-by-johnnyet-from-Pixabay.png","datePublished":"2019-07-30T18:24:28+00:00","dateModified":"2019-08-05T16:11:52+00:00","breadcrumb":{"@id":"https:\/\/www.humakt.com\/glorantha\/mythen-legenden-und-lieder\/der-bullenbrueller\/#breadcrumb"},"inLanguage":"en-GB","potentialAction":[{"@type":"ReadAction","target":["https:\/\/www.humakt.com\/glorantha\/mythen-legenden-und-lieder\/der-bullenbrueller\/"]}]},{"@type":"ImageObject","inLanguage":"en-GB","@id":"https:\/\/www.humakt.com\/glorantha\/mythen-legenden-und-lieder\/der-bullenbrueller\/#primaryimage","url":"https:\/\/www.humakt.com\/wp-content\/uploads\/2019\/07\/bull-2892183_640-white-Image-by-johnnyet-from-Pixabay.png","contentUrl":"https:\/\/www.humakt.com\/wp-content\/uploads\/2019\/07\/bull-2892183_640-white-Image-by-johnnyet-from-Pixabay.png"},{"@type":"BreadcrumbList","@id":"https:\/\/www.humakt.com\/glorantha\/mythen-legenden-und-lieder\/der-bullenbrueller\/#breadcrumb","itemListElement":[{"@type":"ListItem","position":1,"name":"Startseite","item":"https:\/\/www.humakt.com\/"},{"@type":"ListItem","position":2,"name":"Glorantha","item":"https:\/\/www.humakt.com\/glorantha\/"},{"@type":"ListItem","position":3,"name":"Mythen, Legenden und Lieder","item":"https:\/\/www.humakt.com\/glorantha\/mythen-legenden-und-lieder\/"},{"@type":"ListItem","position":4,"name":"Der Bullenbr\u00fcller"}]},{"@type":"WebSite","@id":"https:\/\/www.humakt.com\/#website","url":"https:\/\/www.humakt.com\/","name":"Humakt e.V.","description":"","publisher":{"@id":"https:\/\/www.humakt.com\/#organization"},"potentialAction":[{"@type":"SearchAction","target":{"@type":"EntryPoint","urlTemplate":"https:\/\/www.humakt.com\/?s={search_term_string}"},"query-input":{"@type":"PropertyValueSpecification","valueRequired":true,"valueName":"search_term_string"}}],"inLanguage":"en-GB"},{"@type":"Organization","@id":"https:\/\/www.humakt.com\/#organization","name":"Humakt e.V.","url":"https:\/\/www.humakt.com\/","logo":{"@type":"ImageObject","inLanguage":"en-GB","@id":"https:\/\/www.humakt.com\/#\/schema\/logo\/image\/","url":"https:\/\/www.humakt.com\/wp-content\/uploads\/2023\/12\/cropped-Humakt-eV-Logo-mit-Titel-weiss-1.png","contentUrl":"https:\/\/www.humakt.com\/wp-content\/uploads\/2023\/12\/cropped-Humakt-eV-Logo-mit-Titel-weiss-1.png","width":166,"height":250,"caption":"Humakt e.V."},"image":{"@id":"https:\/\/www.humakt.com\/#\/schema\/logo\/image\/"}}]}},"_links":{"self":[{"href":"https:\/\/www.humakt.com\/gb\/wp-json\/wp\/v2\/pages\/601","targetHints":{"allow":["GET"]}}],"collection":[{"href":"https:\/\/www.humakt.com\/gb\/wp-json\/wp\/v2\/pages"}],"about":[{"href":"https:\/\/www.humakt.com\/gb\/wp-json\/wp\/v2\/types\/page"}],"author":[{"embeddable":true,"href":"https:\/\/www.humakt.com\/gb\/wp-json\/wp\/v2\/users\/2"}],"replies":[{"embeddable":true,"href":"https:\/\/www.humakt.com\/gb\/wp-json\/wp\/v2\/comments?post=601"}],"version-history":[{"count":5,"href":"https:\/\/www.humakt.com\/gb\/wp-json\/wp\/v2\/pages\/601\/revisions"}],"predecessor-version":[{"id":631,"href":"https:\/\/www.humakt.com\/gb\/wp-json\/wp\/v2\/pages\/601\/revisions\/631"}],"up":[{"embeddable":true,"href":"https:\/\/www.humakt.com\/gb\/wp-json\/wp\/v2\/pages\/417"}],"wp:attachment":[{"href":"https:\/\/www.humakt.com\/gb\/wp-json\/wp\/v2\/media?parent=601"}],"curies":[{"name":"wp","href":"https:\/\/api.w.org\/{rel}","templated":true}]}}