{"id":584,"date":"2019-07-27T09:50:20","date_gmt":"2019-07-27T08:50:20","guid":{"rendered":"https:\/\/www.humakt.com\/?page_id=584"},"modified":"2019-07-27T09:50:20","modified_gmt":"2019-07-27T08:50:20","slug":"liebe-sex-und-zaertlichkeit","status":"publish","type":"page","link":"https:\/\/www.humakt.com\/gb\/glorantha\/hintergrundinformationen\/liebe-sex-und-zaertlichkeit\/","title":{"rendered":"Liebe, Sex und Z\u00e4rtlichkeit"},"content":{"rendered":"\n<h2 class=\"wp-block-heading\">\u00dcber\nGeschlechter und Geschlechterrollen<\/h2>\n\n\n\n<p>In\nder Orlanthi-Kultur gibt es vier physische Geschlechter (Sex):<\/p>\n\n\n\n<ul class=\"wp-block-list\"><li>weiblich,<\/li><li>m\u00e4nnlich,<\/li><li>geschlechtslos\nund<\/li><li>zwitter\/hermaphrodit.<\/li><\/ul>\n\n\n\n<p>Daneben\ngibt es sechs Geschlechterrollen (Gender):<\/p>\n\n\n\n<ul class=\"wp-block-list\"><li>weiblich,<\/li><li>m\u00e4nnlich,<\/li><li>vingisch,<\/li><li>nandisch,<\/li><li>helerisch\nund<\/li><li>ohne.<\/li><\/ul>\n\n\n\n<p>Dabei\nbeschreibt vingisch Frauen, die die m\u00e4nnliche Rolle einnehmen und meist die\nG\u00f6ttin Vinga anbeten. Nandisch beschreibt M\u00e4nner, die die weibliche Rolle\neinnehmen und meist die G\u00f6ttin Nandan anbeten. Helerisch beschreibt Personen\ndie androgyne Rollen einnehmen und oft die Gottheit Heler oder andere\nWassergottheiten anbeten.<\/p>\n\n\n\n<p>Alle\nGeschlechter und Geschlechterrollen haben in der Gesellschaft eine gleich\nwichtige Bedeutung, aber sie sind deswegen nicht gleich. Die Unterschiede\nwerden ohne Chauvinismus anerkannt und gelebt.<\/p>\n\n\n\n<h2 class=\"wp-block-heading\">\u00dcber\nBrautwerbung<\/h2>\n\n\n\n<figure class=\"wp-block-image is-resized\"><img loading=\"lazy\" decoding=\"async\" src=\"https:\/\/www.humakt.com\/wp-content\/uploads\/2019\/07\/boy-2029808_1280-man-woman-hug-white-by-Openclipart-vectors-855x1024.png\" alt=\"\" class=\"wp-image-593\" width=\"428\" height=\"512\" srcset=\"https:\/\/www.humakt.com\/wp-content\/uploads\/2019\/07\/boy-2029808_1280-man-woman-hug-white-by-Openclipart-vectors-855x1024.png 855w, https:\/\/www.humakt.com\/wp-content\/uploads\/2019\/07\/boy-2029808_1280-man-woman-hug-white-by-Openclipart-vectors-251x300.png 251w, https:\/\/www.humakt.com\/wp-content\/uploads\/2019\/07\/boy-2029808_1280-man-woman-hug-white-by-Openclipart-vectors-768x920.png 768w, https:\/\/www.humakt.com\/wp-content\/uploads\/2019\/07\/boy-2029808_1280-man-woman-hug-white-by-Openclipart-vectors.png 1069w\" sizes=\"auto, (max-width: 428px) 100vw, 428px\" \/><\/figure>\n\n\n\n<p>In der Regel fangen M\u00e4nner kurz\nnach ihrer Initiation zum Erwachsenen an, einer jungen Frau den Hof zu machen.\nSie werben um die Auserkorene, bringen ihr Geschenke, freunden sich mit ihren\n\u00e4lteren Br\u00fcdern an und arbeiten zum Teil mit denen gemeinsam auf deren Land, um\ndie Geschwister von den eigenen Qualit\u00e4ten zu \u00fcberzeugen. Junge Frauen\nversuchen sich von mehreren M\u00e4nnern den Hof machen zu lassen und spornen sie\nan, um sie zu werben. Es ist nicht ungew\u00f6hnlich f\u00fcr Frauen, ihren Werbern\ngezielte Questen zu geben, um sie zu testen. Dabei sollte der geeignete\nKandidat die besten Qualit\u00e4ten zeigen, sp\u00e4ter ein guter Ehemann zu sein. H\u00e4ufig\nwird innerhalb des eigenen Ranges geheiratet, d.h. Adlige (F\u00fcrsten und\nPriester) untereinander, sowie jeweils Thanen (Krieger), Karle (Gro\u00dfbauern) und\nK\u00f6tter (Landarbeiter). Mit gutem Verhandlungs\u00adgeschick oder belastenden\nFaktoren, kann das aber auch nach oben und unten abweichen. Wer wen heiratet\nwird meistens von den Eltern und den \u00e4lteren Geschwistern verhandelt. Die\nEntscheidung wird meist von der Familie gef\u00e4llt, bei wichtigen Hochzeiten\nmitunter auch unter Einfluss der Sippen. Braut und Br\u00e4utigam haben\nm\u00f6glicherweise ein Wort mitzureden, aber nicht notwendigerweise.<\/p>\n\n\n\n<h2 class=\"wp-block-heading\">\u00dcber\nden Bund der Ehe<\/h2>\n\n\n\n<p>Eine\nEhe wird immer zwischen exakt zwei erwachsenen Personen und gleichzeitig\nzwischen zwei Sippen geschlossen. Das Geschlecht und die Geschlechterrolle\nspielen dabei keine Rolle. Die Hauptfunktion eines Ehevertrages ist jedoch zu\nkl\u00e4ren, zu welcher Sippe die Nachkommen geh\u00f6ren. Es werden daher fast\nausschlie\u00dflich Ehen geschlossen, die zur Zeugung von Nachkommen f\u00e4hig sind.<\/p>\n\n\n\n<figure class=\"wp-block-image is-resized\"><img loading=\"lazy\" decoding=\"async\" src=\"https:\/\/www.humakt.com\/wp-content\/uploads\/2019\/07\/APULIA_ANTICHI_VASI_GRECI.jpg\" alt=\"Vasenbild mit einem Hochzeitspaar, dass sich zeremoniell die H\u00e4nde zusammenbindet\" class=\"wp-image-590\" width=\"738\" height=\"433\" srcset=\"https:\/\/www.humakt.com\/wp-content\/uploads\/2019\/07\/APULIA_ANTICHI_VASI_GRECI.jpg 984w, https:\/\/www.humakt.com\/wp-content\/uploads\/2019\/07\/APULIA_ANTICHI_VASI_GRECI-300x176.jpg 300w, https:\/\/www.humakt.com\/wp-content\/uploads\/2019\/07\/APULIA_ANTICHI_VASI_GRECI-768x450.jpg 768w\" sizes=\"auto, (max-width: 738px) 100vw, 738px\" \/><\/figure>\n\n\n\n<p>Es\ngibt im K\u00f6nigreich Sartar sieben ver\u00adschie\u00addene Typen der Ehe. Diese regeln <br>A) wer zu wem zieht, <br>B) ob ent\u00adweder Braut oder Br\u00e4u\u00adtigam mehr Ver\u00adm\u00f6gen, Status und Ent\u00adschei\u00addungsgewalt in der Ehe besitzt und vor allem <br>C) zu welcher Sippe der Nachwuchs geh\u00f6rt. Standardm\u00e4\u00dfig zieht die Frau zum Mann, es sind beide gleich\u00adbe\u00adrechtigt und die Kinder geh\u00f6ren zur Sippe des Mannes. <br>All diese Punkte k\u00f6nnen aber auch anders vereinbart werden.<\/p>\n\n\n\n<p>Der\nAustausch von Verm\u00f6gen ist dabei oft Thema f\u00fcr ausgiebige und harte\nVerhandlungen zwischen den Familien und Sippen. Es kann sowohl eine Zahlung von\nder Sippe des Br\u00e4utigams an die Sippe der Braut vereinbart werden (Brautgabe),\nals auch umgekehrt (Morgengabe). Es kann ebenfalls vereinbart werden, dass die\nBraut Verm\u00f6gen in die Ehe mitbringt (Mitgift). Bei einer einzelnen Hochzeit\nkann sogar eine Verbindung aller drei Elemente vorkommen.<\/p>\n\n\n\n<p>Eine\nEhe wird meistens auf Lebenszeit geschlossen, kann aber auch auf ein Jahr\nbefristet sein und dann gegebenenfalls verl\u00e4ngert werden. Anh\u00e4nger*innen des\nKatzengottes Yinkin haben als einzige die M\u00f6glichkeit einer 12-Tages-Ehe.<\/p>\n\n\n\n<p>Scheidungen\nsind generell auch m\u00f6glich, jedoch sehr kompliziert, da vor allem die\ngemeinsamen Verm\u00f6genswerte wieder getrennt werden m\u00fcssen. Dies ist oft Anlass\nf\u00fcr lange und schwerwiegende Verhandlungen zwischen den Sippen.<\/p>\n\n\n\n<h2 class=\"wp-block-heading\">\u00dcber\nLiebe und Geschlechtsverkehr<\/h2>\n\n\n\n<p>In\nder Orlanthi-Gesellschaft gehen die Menschen recht offen mit dem Thema\nGeschlechtsverkehr um. Unverheiratete erwachsene Personen k\u00f6nnen mit jeder\nanderen Person au\u00dferhalb der eigenen Sippe Sex haben. F\u00fcr die Dauer der Ehe\nsind beide Seiten jedoch zu Mono\u00adgamie ver\u00adpflichtet.<\/p>\n\n\n\n<p>Liebe ist ein Konzept, dass in der Orlanthi-Gesellschaft gro\u00dfen Stellenwert hat und die Grundlage f\u00fcr zahl\u00adreiche Legenden und Heldentaten ist. Sie muss jedoch nichts mit der Institution der Ehe zu tun haben. <\/p>\n\n\n\n<h3 class=\"wp-block-heading\">Hinweise<\/h3>\n\n\n\n<ul class=\"wp-block-list\"><li><a href=\"https:\/\/www.humakt.com\/wp-content\/uploads\/2019\/07\/Liebe-Sex-und-Z%C3%A4rtlichkeit.pdf\">Diese Seite als PDF anzeigen.<\/a><\/li><\/ul>\n","protected":false},"excerpt":{"rendered":"<p>\u00dcber Geschlechter und Geschlechterrollen In der Orlanthi-Kultur gibt es vier physische Geschlechter (Sex): weiblich, m\u00e4nnlich, geschlechtslos und zwitter\/hermaphrodit. Daneben gibt es sechs Geschlechterrollen (Gender): weiblich, m\u00e4nnlich, vingisch, nandisch, helerisch und ohne. Dabei beschreibt vingisch Frauen, die die m\u00e4nnliche Rolle einnehmen und meist die G\u00f6ttin Vinga anbeten. Nandisch beschreibt M\u00e4nner, die die weibliche Rolle einnehmen und &hellip; <\/p>\n<p class=\"link-more\"><a href=\"https:\/\/www.humakt.com\/gb\/glorantha\/hintergrundinformationen\/liebe-sex-und-zaertlichkeit\/\" class=\"more-link\">Continue reading<span class=\"screen-reader-text\"> &#8220;Liebe, Sex und Z\u00e4rtlichkeit&#8221;<\/span><\/a><\/p>\n","protected":false},"author":2,"featured_media":0,"parent":420,"menu_order":2,"comment_status":"closed","ping_status":"closed","template":"","meta":{"footnotes":""},"class_list":["post-584","page","type-page","status-publish","hentry"],"translation":{"provider":"WPGlobus","version":"3.0.2","language":"gb","enabled_languages":["de","gb"],"languages":{"de":{"title":true,"content":true,"excerpt":false},"gb":{"title":false,"content":false,"excerpt":false}}},"yoast_head":"<!-- This site is optimized with the Yoast SEO plugin v27.5 - https:\/\/yoast.com\/product\/yoast-seo-wordpress\/ -->\n<title>Liebe, Sex und Z\u00e4rtlichkeit - Humakt e.V.<\/title>\n<meta name=\"robots\" content=\"index, follow, max-snippet:-1, max-image-preview:large, max-video-preview:-1\" \/>\n<link rel=\"canonical\" href=\"https:\/\/www.humakt.com\/glorantha\/hintergrundinformationen\/liebe-sex-und-zaertlichkeit\/\" \/>\n<meta property=\"og:locale\" content=\"en_GB\" \/>\n<meta property=\"og:type\" content=\"article\" \/>\n<meta property=\"og:title\" content=\"Liebe, Sex und Z\u00e4rtlichkeit - Humakt e.V.\" \/>\n<meta property=\"og:url\" content=\"https:\/\/www.humakt.com\/glorantha\/hintergrundinformationen\/liebe-sex-und-zaertlichkeit\/\" \/>\n<meta property=\"og:site_name\" content=\"Humakt e.V.\" \/>\n<meta property=\"og:image\" content=\"https:\/\/www.humakt.com\/wp-content\/uploads\/2019\/07\/boy-2029808_1280-man-woman-hug-white-by-Openclipart-vectors-855x1024.png\" \/>\n<meta name=\"twitter:card\" content=\"summary_large_image\" \/>\n<meta name=\"twitter:label1\" content=\"Est. reading time\" \/>\n\t<meta name=\"twitter:data1\" content=\"3 minutes\" \/>\n<script type=\"application\/ld+json\" class=\"yoast-schema-graph\">{\"@context\":\"https:\\\/\\\/schema.org\",\"@graph\":[{\"@type\":\"WebPage\",\"@id\":\"https:\\\/\\\/www.humakt.com\\\/glorantha\\\/hintergrundinformationen\\\/liebe-sex-und-zaertlichkeit\\\/\",\"url\":\"https:\\\/\\\/www.humakt.com\\\/glorantha\\\/hintergrundinformationen\\\/liebe-sex-und-zaertlichkeit\\\/\",\"name\":\"Liebe, Sex und Z\u00e4rtlichkeit - Humakt e.V.\",\"isPartOf\":{\"@id\":\"https:\\\/\\\/www.humakt.com\\\/#website\"},\"primaryImageOfPage\":{\"@id\":\"https:\\\/\\\/www.humakt.com\\\/glorantha\\\/hintergrundinformationen\\\/liebe-sex-und-zaertlichkeit\\\/#primaryimage\"},\"image\":{\"@id\":\"https:\\\/\\\/www.humakt.com\\\/glorantha\\\/hintergrundinformationen\\\/liebe-sex-und-zaertlichkeit\\\/#primaryimage\"},\"thumbnailUrl\":\"https:\\\/\\\/www.humakt.com\\\/wp-content\\\/uploads\\\/2019\\\/07\\\/boy-2029808_1280-man-woman-hug-white-by-Openclipart-vectors-855x1024.png\",\"datePublished\":\"2019-07-27T08:50:20+00:00\",\"breadcrumb\":{\"@id\":\"https:\\\/\\\/www.humakt.com\\\/glorantha\\\/hintergrundinformationen\\\/liebe-sex-und-zaertlichkeit\\\/#breadcrumb\"},\"inLanguage\":\"en-GB\",\"potentialAction\":[{\"@type\":\"ReadAction\",\"target\":[\"https:\\\/\\\/www.humakt.com\\\/glorantha\\\/hintergrundinformationen\\\/liebe-sex-und-zaertlichkeit\\\/\"]}]},{\"@type\":\"ImageObject\",\"inLanguage\":\"en-GB\",\"@id\":\"https:\\\/\\\/www.humakt.com\\\/glorantha\\\/hintergrundinformationen\\\/liebe-sex-und-zaertlichkeit\\\/#primaryimage\",\"url\":\"https:\\\/\\\/www.humakt.com\\\/wp-content\\\/uploads\\\/2019\\\/07\\\/boy-2029808_1280-man-woman-hug-white-by-Openclipart-vectors-855x1024.png\",\"contentUrl\":\"https:\\\/\\\/www.humakt.com\\\/wp-content\\\/uploads\\\/2019\\\/07\\\/boy-2029808_1280-man-woman-hug-white-by-Openclipart-vectors-855x1024.png\"},{\"@type\":\"BreadcrumbList\",\"@id\":\"https:\\\/\\\/www.humakt.com\\\/glorantha\\\/hintergrundinformationen\\\/liebe-sex-und-zaertlichkeit\\\/#breadcrumb\",\"itemListElement\":[{\"@type\":\"ListItem\",\"position\":1,\"name\":\"Startseite\",\"item\":\"https:\\\/\\\/www.humakt.com\\\/\"},{\"@type\":\"ListItem\",\"position\":2,\"name\":\"Glorantha\",\"item\":\"https:\\\/\\\/www.humakt.com\\\/glorantha\\\/\"},{\"@type\":\"ListItem\",\"position\":3,\"name\":\"Hintergrundinformationen\",\"item\":\"https:\\\/\\\/www.humakt.com\\\/glorantha\\\/hintergrundinformationen\\\/\"},{\"@type\":\"ListItem\",\"position\":4,\"name\":\"Liebe, Sex und Z\u00e4rtlichkeit\"}]},{\"@type\":\"WebSite\",\"@id\":\"https:\\\/\\\/www.humakt.com\\\/#website\",\"url\":\"https:\\\/\\\/www.humakt.com\\\/\",\"name\":\"Humakt e.V.\",\"description\":\"\",\"publisher\":{\"@id\":\"https:\\\/\\\/www.humakt.com\\\/#organization\"},\"potentialAction\":[{\"@type\":\"SearchAction\",\"target\":{\"@type\":\"EntryPoint\",\"urlTemplate\":\"https:\\\/\\\/www.humakt.com\\\/?s={search_term_string}\"},\"query-input\":{\"@type\":\"PropertyValueSpecification\",\"valueRequired\":true,\"valueName\":\"search_term_string\"}}],\"inLanguage\":\"en-GB\"},{\"@type\":\"Organization\",\"@id\":\"https:\\\/\\\/www.humakt.com\\\/#organization\",\"name\":\"Humakt e.V.\",\"url\":\"https:\\\/\\\/www.humakt.com\\\/\",\"logo\":{\"@type\":\"ImageObject\",\"inLanguage\":\"en-GB\",\"@id\":\"https:\\\/\\\/www.humakt.com\\\/#\\\/schema\\\/logo\\\/image\\\/\",\"url\":\"https:\\\/\\\/www.humakt.com\\\/wp-content\\\/uploads\\\/2023\\\/12\\\/cropped-Humakt-eV-Logo-mit-Titel-weiss-1.png\",\"contentUrl\":\"https:\\\/\\\/www.humakt.com\\\/wp-content\\\/uploads\\\/2023\\\/12\\\/cropped-Humakt-eV-Logo-mit-Titel-weiss-1.png\",\"width\":166,\"height\":250,\"caption\":\"Humakt e.V.\"},\"image\":{\"@id\":\"https:\\\/\\\/www.humakt.com\\\/#\\\/schema\\\/logo\\\/image\\\/\"}}]}<\/script>\n<!-- \/ Yoast SEO plugin. -->","yoast_head_json":{"title":"Liebe, Sex und Z\u00e4rtlichkeit - Humakt e.V.","robots":{"index":"index","follow":"follow","max-snippet":"max-snippet:-1","max-image-preview":"max-image-preview:large","max-video-preview":"max-video-preview:-1"},"canonical":"https:\/\/www.humakt.com\/glorantha\/hintergrundinformationen\/liebe-sex-und-zaertlichkeit\/","og_locale":"en_GB","og_type":"article","og_title":"Liebe, Sex und Z\u00e4rtlichkeit - Humakt e.V.","og_url":"https:\/\/www.humakt.com\/glorantha\/hintergrundinformationen\/liebe-sex-und-zaertlichkeit\/","og_site_name":"Humakt e.V.","og_image":[{"url":"https:\/\/www.humakt.com\/wp-content\/uploads\/2019\/07\/boy-2029808_1280-man-woman-hug-white-by-Openclipart-vectors-855x1024.png","type":"","width":"","height":""}],"twitter_card":"summary_large_image","twitter_misc":{"Est. reading time":"3 minutes"},"schema":{"@context":"https:\/\/schema.org","@graph":[{"@type":"WebPage","@id":"https:\/\/www.humakt.com\/glorantha\/hintergrundinformationen\/liebe-sex-und-zaertlichkeit\/","url":"https:\/\/www.humakt.com\/glorantha\/hintergrundinformationen\/liebe-sex-und-zaertlichkeit\/","name":"Liebe, Sex und Z\u00e4rtlichkeit - Humakt e.V.","isPartOf":{"@id":"https:\/\/www.humakt.com\/#website"},"primaryImageOfPage":{"@id":"https:\/\/www.humakt.com\/glorantha\/hintergrundinformationen\/liebe-sex-und-zaertlichkeit\/#primaryimage"},"image":{"@id":"https:\/\/www.humakt.com\/glorantha\/hintergrundinformationen\/liebe-sex-und-zaertlichkeit\/#primaryimage"},"thumbnailUrl":"https:\/\/www.humakt.com\/wp-content\/uploads\/2019\/07\/boy-2029808_1280-man-woman-hug-white-by-Openclipart-vectors-855x1024.png","datePublished":"2019-07-27T08:50:20+00:00","breadcrumb":{"@id":"https:\/\/www.humakt.com\/glorantha\/hintergrundinformationen\/liebe-sex-und-zaertlichkeit\/#breadcrumb"},"inLanguage":"en-GB","potentialAction":[{"@type":"ReadAction","target":["https:\/\/www.humakt.com\/glorantha\/hintergrundinformationen\/liebe-sex-und-zaertlichkeit\/"]}]},{"@type":"ImageObject","inLanguage":"en-GB","@id":"https:\/\/www.humakt.com\/glorantha\/hintergrundinformationen\/liebe-sex-und-zaertlichkeit\/#primaryimage","url":"https:\/\/www.humakt.com\/wp-content\/uploads\/2019\/07\/boy-2029808_1280-man-woman-hug-white-by-Openclipart-vectors-855x1024.png","contentUrl":"https:\/\/www.humakt.com\/wp-content\/uploads\/2019\/07\/boy-2029808_1280-man-woman-hug-white-by-Openclipart-vectors-855x1024.png"},{"@type":"BreadcrumbList","@id":"https:\/\/www.humakt.com\/glorantha\/hintergrundinformationen\/liebe-sex-und-zaertlichkeit\/#breadcrumb","itemListElement":[{"@type":"ListItem","position":1,"name":"Startseite","item":"https:\/\/www.humakt.com\/"},{"@type":"ListItem","position":2,"name":"Glorantha","item":"https:\/\/www.humakt.com\/glorantha\/"},{"@type":"ListItem","position":3,"name":"Hintergrundinformationen","item":"https:\/\/www.humakt.com\/glorantha\/hintergrundinformationen\/"},{"@type":"ListItem","position":4,"name":"Liebe, Sex und Z\u00e4rtlichkeit"}]},{"@type":"WebSite","@id":"https:\/\/www.humakt.com\/#website","url":"https:\/\/www.humakt.com\/","name":"Humakt e.V.","description":"","publisher":{"@id":"https:\/\/www.humakt.com\/#organization"},"potentialAction":[{"@type":"SearchAction","target":{"@type":"EntryPoint","urlTemplate":"https:\/\/www.humakt.com\/?s={search_term_string}"},"query-input":{"@type":"PropertyValueSpecification","valueRequired":true,"valueName":"search_term_string"}}],"inLanguage":"en-GB"},{"@type":"Organization","@id":"https:\/\/www.humakt.com\/#organization","name":"Humakt e.V.","url":"https:\/\/www.humakt.com\/","logo":{"@type":"ImageObject","inLanguage":"en-GB","@id":"https:\/\/www.humakt.com\/#\/schema\/logo\/image\/","url":"https:\/\/www.humakt.com\/wp-content\/uploads\/2023\/12\/cropped-Humakt-eV-Logo-mit-Titel-weiss-1.png","contentUrl":"https:\/\/www.humakt.com\/wp-content\/uploads\/2023\/12\/cropped-Humakt-eV-Logo-mit-Titel-weiss-1.png","width":166,"height":250,"caption":"Humakt e.V."},"image":{"@id":"https:\/\/www.humakt.com\/#\/schema\/logo\/image\/"}}]}},"_links":{"self":[{"href":"https:\/\/www.humakt.com\/gb\/wp-json\/wp\/v2\/pages\/584","targetHints":{"allow":["GET"]}}],"collection":[{"href":"https:\/\/www.humakt.com\/gb\/wp-json\/wp\/v2\/pages"}],"about":[{"href":"https:\/\/www.humakt.com\/gb\/wp-json\/wp\/v2\/types\/page"}],"author":[{"embeddable":true,"href":"https:\/\/www.humakt.com\/gb\/wp-json\/wp\/v2\/users\/2"}],"replies":[{"embeddable":true,"href":"https:\/\/www.humakt.com\/gb\/wp-json\/wp\/v2\/comments?post=584"}],"version-history":[{"count":11,"href":"https:\/\/www.humakt.com\/gb\/wp-json\/wp\/v2\/pages\/584\/revisions"}],"predecessor-version":[{"id":606,"href":"https:\/\/www.humakt.com\/gb\/wp-json\/wp\/v2\/pages\/584\/revisions\/606"}],"up":[{"embeddable":true,"href":"https:\/\/www.humakt.com\/gb\/wp-json\/wp\/v2\/pages\/420"}],"wp:attachment":[{"href":"https:\/\/www.humakt.com\/gb\/wp-json\/wp\/v2\/media?parent=584"}],"curies":[{"name":"wp","href":"https:\/\/api.w.org\/{rel}","templated":true}]}}