{"id":544,"date":"2019-03-25T21:42:54","date_gmt":"2019-03-25T20:42:54","guid":{"rendered":"http:\/\/www.humakt.com\/?page_id=544"},"modified":"2019-03-25T21:42:54","modified_gmt":"2019-03-25T20:42:54","slug":"heroquest-charakterblatt-mit-beispielcharakteren-der-rotkuhsippe-2","status":"publish","type":"page","link":"https:\/\/www.humakt.com\/gb\/heroquest-charakterblatt-mit-beispielcharakteren-der-rotkuhsippe-2\/","title":{"rendered":"HeroQuest Charakterblatt mit Beispielcharakteren der Rotkuhsippe"},"content":{"rendered":"<p>\u00dcber den Link unten kommst Du zu einem HeroQuest-Charakterblatt. Es beinhaltet drei unvollst\u00e4ndige Beispielcharaktere aus der Rotkuh-Sippe in Sartar. Die Beispiele k\u00f6nnen auch als Spielercharaktere genutzt und nach Belieben vervollst\u00e4ndigt werden. Das Charakterblatt kann grunds\u00e4tzlich f\u00fcr jede Rollenspielrunde auch au\u00dferhalb Sartars eingesetzt werden, eignet sich aber am besten f\u00fcr Charaktere mit zahlreichen sozialen Beziehungen und g\u00f6ttlicher Magie.<\/p>\n<p><a href=\"https:\/\/www.humakt.com\/wp-content\/uploads\/2019\/03\/HeroQuest-Charakterblatt-mit-Beispielcharakteren-der-Rotkuhsippe.pdf\">Zum Charakterblatt (PDF).<\/a><\/p>\n","protected":false},"excerpt":{"rendered":"<p>\u00dcber den Link unten kommst Du zu einem HeroQuest-Charakterblatt. Es beinhaltet drei unvollst\u00e4ndige Beispielcharaktere aus der Rotkuh-Sippe in Sartar. Die Beispiele k\u00f6nnen auch als Spielercharaktere genutzt und nach Belieben vervollst\u00e4ndigt werden. Das Charakterblatt kann grunds\u00e4tzlich f\u00fcr jede Rollenspielrunde auch au\u00dferhalb Sartars eingesetzt werden, eignet sich aber am besten f\u00fcr Charaktere mit zahlreichen sozialen Beziehungen und &hellip; <\/p>\n<p class=\"link-more\"><a href=\"https:\/\/www.humakt.com\/gb\/heroquest-charakterblatt-mit-beispielcharakteren-der-rotkuhsippe-2\/\" class=\"more-link\">Continue reading<span class=\"screen-reader-text\"> &#8220;HeroQuest Charakterblatt mit Beispielcharakteren der Rotkuhsippe&#8221;<\/span><\/a><\/p>\n","protected":false},"author":2,"featured_media":0,"parent":0,"menu_order":0,"comment_status":"closed","ping_status":"closed","template":"","meta":{"footnotes":""},"class_list":["post-544","page","type-page","status-publish","hentry"],"translation":{"provider":"WPGlobus","version":"3.0.2","language":"gb","enabled_languages":["de","gb"],"languages":{"de":{"title":true,"content":true,"excerpt":false},"gb":{"title":false,"content":false,"excerpt":false}}},"yoast_head":"<!-- This site is optimized with the Yoast SEO plugin v27.5 - https:\/\/yoast.com\/product\/yoast-seo-wordpress\/ -->\n<title>HeroQuest Charakterblatt mit Beispielcharakteren der Rotkuhsippe - Humakt e.V.<\/title>\n<meta name=\"robots\" content=\"index, follow, max-snippet:-1, max-image-preview:large, max-video-preview:-1\" \/>\n<link rel=\"canonical\" href=\"https:\/\/www.humakt.com\/heroquest-charakterblatt-mit-beispielcharakteren-der-rotkuhsippe-2\/\" \/>\n<meta property=\"og:locale\" content=\"en_GB\" \/>\n<meta property=\"og:type\" content=\"article\" \/>\n<meta property=\"og:title\" content=\"HeroQuest Charakterblatt mit Beispielcharakteren der Rotkuhsippe - Humakt e.V.\" \/>\n<meta property=\"og:url\" content=\"https:\/\/www.humakt.com\/heroquest-charakterblatt-mit-beispielcharakteren-der-rotkuhsippe-2\/\" \/>\n<meta property=\"og:site_name\" content=\"Humakt e.V.\" \/>\n<meta name=\"twitter:card\" content=\"summary_large_image\" \/>\n<script type=\"application\/ld+json\" class=\"yoast-schema-graph\">{\"@context\":\"https:\\\/\\\/schema.org\",\"@graph\":[{\"@type\":\"WebPage\",\"@id\":\"https:\\\/\\\/www.humakt.com\\\/heroquest-charakterblatt-mit-beispielcharakteren-der-rotkuhsippe-2\\\/\",\"url\":\"https:\\\/\\\/www.humakt.com\\\/heroquest-charakterblatt-mit-beispielcharakteren-der-rotkuhsippe-2\\\/\",\"name\":\"HeroQuest Charakterblatt mit Beispielcharakteren der Rotkuhsippe - Humakt e.V.\",\"isPartOf\":{\"@id\":\"https:\\\/\\\/www.humakt.com\\\/#website\"},\"datePublished\":\"2019-03-25T20:42:54+00:00\",\"breadcrumb\":{\"@id\":\"https:\\\/\\\/www.humakt.com\\\/heroquest-charakterblatt-mit-beispielcharakteren-der-rotkuhsippe-2\\\/#breadcrumb\"},\"inLanguage\":\"en-GB\",\"potentialAction\":[{\"@type\":\"ReadAction\",\"target\":[\"https:\\\/\\\/www.humakt.com\\\/heroquest-charakterblatt-mit-beispielcharakteren-der-rotkuhsippe-2\\\/\"]}]},{\"@type\":\"BreadcrumbList\",\"@id\":\"https:\\\/\\\/www.humakt.com\\\/heroquest-charakterblatt-mit-beispielcharakteren-der-rotkuhsippe-2\\\/#breadcrumb\",\"itemListElement\":[{\"@type\":\"ListItem\",\"position\":1,\"name\":\"Startseite\",\"item\":\"https:\\\/\\\/www.humakt.com\\\/\"},{\"@type\":\"ListItem\",\"position\":2,\"name\":\"HeroQuest Charakterblatt mit Beispielcharakteren der Rotkuhsippe\"}]},{\"@type\":\"WebSite\",\"@id\":\"https:\\\/\\\/www.humakt.com\\\/#website\",\"url\":\"https:\\\/\\\/www.humakt.com\\\/\",\"name\":\"Humakt e.V.\",\"description\":\"\",\"publisher\":{\"@id\":\"https:\\\/\\\/www.humakt.com\\\/#organization\"},\"potentialAction\":[{\"@type\":\"SearchAction\",\"target\":{\"@type\":\"EntryPoint\",\"urlTemplate\":\"https:\\\/\\\/www.humakt.com\\\/?s={search_term_string}\"},\"query-input\":{\"@type\":\"PropertyValueSpecification\",\"valueRequired\":true,\"valueName\":\"search_term_string\"}}],\"inLanguage\":\"en-GB\"},{\"@type\":\"Organization\",\"@id\":\"https:\\\/\\\/www.humakt.com\\\/#organization\",\"name\":\"Humakt e.V.\",\"url\":\"https:\\\/\\\/www.humakt.com\\\/\",\"logo\":{\"@type\":\"ImageObject\",\"inLanguage\":\"en-GB\",\"@id\":\"https:\\\/\\\/www.humakt.com\\\/#\\\/schema\\\/logo\\\/image\\\/\",\"url\":\"https:\\\/\\\/www.humakt.com\\\/wp-content\\\/uploads\\\/2023\\\/12\\\/cropped-Humakt-eV-Logo-mit-Titel-weiss-1.png\",\"contentUrl\":\"https:\\\/\\\/www.humakt.com\\\/wp-content\\\/uploads\\\/2023\\\/12\\\/cropped-Humakt-eV-Logo-mit-Titel-weiss-1.png\",\"width\":166,\"height\":250,\"caption\":\"Humakt e.V.\"},\"image\":{\"@id\":\"https:\\\/\\\/www.humakt.com\\\/#\\\/schema\\\/logo\\\/image\\\/\"}}]}<\/script>\n<!-- \/ Yoast SEO plugin. -->","yoast_head_json":{"title":"HeroQuest Charakterblatt mit Beispielcharakteren der Rotkuhsippe - Humakt e.V.","robots":{"index":"index","follow":"follow","max-snippet":"max-snippet:-1","max-image-preview":"max-image-preview:large","max-video-preview":"max-video-preview:-1"},"canonical":"https:\/\/www.humakt.com\/heroquest-charakterblatt-mit-beispielcharakteren-der-rotkuhsippe-2\/","og_locale":"en_GB","og_type":"article","og_title":"HeroQuest Charakterblatt mit Beispielcharakteren der Rotkuhsippe - Humakt e.V.","og_url":"https:\/\/www.humakt.com\/heroquest-charakterblatt-mit-beispielcharakteren-der-rotkuhsippe-2\/","og_site_name":"Humakt e.V.","twitter_card":"summary_large_image","schema":{"@context":"https:\/\/schema.org","@graph":[{"@type":"WebPage","@id":"https:\/\/www.humakt.com\/heroquest-charakterblatt-mit-beispielcharakteren-der-rotkuhsippe-2\/","url":"https:\/\/www.humakt.com\/heroquest-charakterblatt-mit-beispielcharakteren-der-rotkuhsippe-2\/","name":"HeroQuest Charakterblatt mit Beispielcharakteren der Rotkuhsippe - Humakt e.V.","isPartOf":{"@id":"https:\/\/www.humakt.com\/#website"},"datePublished":"2019-03-25T20:42:54+00:00","breadcrumb":{"@id":"https:\/\/www.humakt.com\/heroquest-charakterblatt-mit-beispielcharakteren-der-rotkuhsippe-2\/#breadcrumb"},"inLanguage":"en-GB","potentialAction":[{"@type":"ReadAction","target":["https:\/\/www.humakt.com\/heroquest-charakterblatt-mit-beispielcharakteren-der-rotkuhsippe-2\/"]}]},{"@type":"BreadcrumbList","@id":"https:\/\/www.humakt.com\/heroquest-charakterblatt-mit-beispielcharakteren-der-rotkuhsippe-2\/#breadcrumb","itemListElement":[{"@type":"ListItem","position":1,"name":"Startseite","item":"https:\/\/www.humakt.com\/"},{"@type":"ListItem","position":2,"name":"HeroQuest Charakterblatt mit Beispielcharakteren der Rotkuhsippe"}]},{"@type":"WebSite","@id":"https:\/\/www.humakt.com\/#website","url":"https:\/\/www.humakt.com\/","name":"Humakt e.V.","description":"","publisher":{"@id":"https:\/\/www.humakt.com\/#organization"},"potentialAction":[{"@type":"SearchAction","target":{"@type":"EntryPoint","urlTemplate":"https:\/\/www.humakt.com\/?s={search_term_string}"},"query-input":{"@type":"PropertyValueSpecification","valueRequired":true,"valueName":"search_term_string"}}],"inLanguage":"en-GB"},{"@type":"Organization","@id":"https:\/\/www.humakt.com\/#organization","name":"Humakt e.V.","url":"https:\/\/www.humakt.com\/","logo":{"@type":"ImageObject","inLanguage":"en-GB","@id":"https:\/\/www.humakt.com\/#\/schema\/logo\/image\/","url":"https:\/\/www.humakt.com\/wp-content\/uploads\/2023\/12\/cropped-Humakt-eV-Logo-mit-Titel-weiss-1.png","contentUrl":"https:\/\/www.humakt.com\/wp-content\/uploads\/2023\/12\/cropped-Humakt-eV-Logo-mit-Titel-weiss-1.png","width":166,"height":250,"caption":"Humakt e.V."},"image":{"@id":"https:\/\/www.humakt.com\/#\/schema\/logo\/image\/"}}]}},"_links":{"self":[{"href":"https:\/\/www.humakt.com\/gb\/wp-json\/wp\/v2\/pages\/544","targetHints":{"allow":["GET"]}}],"collection":[{"href":"https:\/\/www.humakt.com\/gb\/wp-json\/wp\/v2\/pages"}],"about":[{"href":"https:\/\/www.humakt.com\/gb\/wp-json\/wp\/v2\/types\/page"}],"author":[{"embeddable":true,"href":"https:\/\/www.humakt.com\/gb\/wp-json\/wp\/v2\/users\/2"}],"replies":[{"embeddable":true,"href":"https:\/\/www.humakt.com\/gb\/wp-json\/wp\/v2\/comments?post=544"}],"version-history":[{"count":2,"href":"https:\/\/www.humakt.com\/gb\/wp-json\/wp\/v2\/pages\/544\/revisions"}],"predecessor-version":[{"id":546,"href":"https:\/\/www.humakt.com\/gb\/wp-json\/wp\/v2\/pages\/544\/revisions\/546"}],"wp:attachment":[{"href":"https:\/\/www.humakt.com\/gb\/wp-json\/wp\/v2\/media?parent=544"}],"curies":[{"name":"wp","href":"https:\/\/api.w.org\/{rel}","templated":true}]}}