{"id":510,"date":"2019-03-23T19:52:42","date_gmt":"2019-03-23T18:52:42","guid":{"rendered":"http:\/\/www.humakt.com\/?page_id=510"},"modified":"2019-03-23T19:53:02","modified_gmt":"2019-03-23T18:53:02","slug":"ein-balazarischer-menstruationsmythos","status":"publish","type":"page","link":"https:\/\/www.humakt.com\/gb\/glorantha\/mythen-legenden-und-lieder\/ein-balazarischer-menstruationsmythos\/","title":{"rendered":"Ein balazarischer Menstruationsmythos?"},"content":{"rendered":"<p class=\"western\">von Oliver D. Bernuetz<\/p>\n<p class=\"western\">Die Herdmutter sa\u00df an der Feuerstelle in der Finsternis mahlte Ocker. Ihre Knie erlaubten es ihr nicht mehr zu hocken, daher hatte sie sich hingesetzt. In die Dunkelheit hinein sprach sie: \u201eWas willst Du?\u201c. Sie meinte einen nackten Jungen, der sich ans Feuer schlich. Er erschrak wie ein Hase und w\u00e4re beinahe davon gelaufen, da die Herdmutter einen bedrohlichen Ruf unter den Jungen hatte. Doch nach einer Weile faste er sich ein Herz und kroch in ihre Sicht. Als sie ihm \u00fcber das Feuer hinweg zunickte, tapste er voran und hockte sich hin.<\/p>\n<p class=\"western\">Da sa\u00df er eine Weile, w\u00e4hrend er zitterte und in die Flammen blickte. Herdmutter mahlte in der Zwischenzeit das Ocker weiter. Nach einer recht langen Weile sprach sie: \u201eNun, was gibt es? Du siehst nicht aus, als seist Du hungrig, und auch ich bin satt.\u201c Er zuckte nur zusammen. \u201eSicher bist Du noch noch nicht alt genug, Dich zu paaren, oder?\u201c Er wurde knallrot und w\u00e4re am liebsten auf der Stelle gestorben. \u201eNicht, dass Du nicht eine bessere Partie finden k\u00f6nntest \u2013 wenn Du irgendwann bereit zum Paaren bist. Obgleich ich zu meiner Zeit von vielen M\u00e4nnern verehrt wurde. Dein Urgro\u00dfvater schien mich damals zu m\u00f6gen.\u201c Dies h\u00e4tte dem Jungen den letzten Stich versetzt, wenn Herdmutter in dem Moment nicht zu ihm hin\u00fcber gereicht h\u00e4tte, um sein Kinn in ihre Hand zu nehmen. \u201eDu siehst recht h\u00fcbsch aus. Nun, was ist es, das Du willst?\u201c Er fl\u00fcsterte etwas bis sie ihn unwirsch unterbrach: \u201eSprich lauter! Die Jahre haben mir meinen Geh\u00f6rsinn abgejagt.\u201c Sie unterbrach sich, und fuhr dann mit sanfterer Stimme fort, um dem Jungen Mut zu geben: \u201eWas willst Du, Junge?\u201c<\/p>\n<p class=\"western\">Der Junge r\u00e4usperte sich und sprach dann laut genug, um verstanden zu werden: \u201eWieso bluten Frauen?\u201c Die Herdmutter schnaubte: \u201eAlle Leute bluten, wenn sie sich schneiden oder etwas brechen.\u201c Der Junge blickte wieder ver\u00e4ngstigt und sagte leise: \u201eJa, aber wieso bluten <i>Frauen<\/i>?\u201c Er machte eine Pause, holte tief Luft und erg\u00e4nzte dann: \u201e&#8230;aus ihren Frauen\u2026Teilen?\u201c Jetzt war es an der Herdmutter geschockt zu sein. \u201eUnd was geht Dich das an, kleiner Mann? Das ist eine heilige Frauen-Sache und nicht Deine Angelegenheit.\u201c Sie schaute sehr zornig, und der Junge war ver\u00e4ngstigt und wollte gerade fl\u00fcchten. Doch dann l\u00e4chelte sie. \u201eIch bin eine alte Frau, und vielleicht kann ich Dir eine kleine Geschichte erz\u00e4hlen.\u201c Der Junge freute sich und schaute Herdmutter erwartungsvoll an, w\u00e4hrend er es sich bequem machte, denn sie war die beste Geschichtenerz\u00e4hlerin, die er kannte.<\/p>\n<p class=\"western\">\u201eDu musst wissen, dass vor langer Zeit die K\u00f6rper von M\u00e4nnern und Frauen so verbunden waren, dass sich ihre Gesichter sich gegenseitig anblickten. Dann kam das Eichh\u00f6rnchen und trennte uns voneinander mit einem Werkzeug, dass es vom Steinmann erhalten hatte. Und seither sind M\u00e4nner und Frauen getrennt, au\u00dfer wenn sie sich paaren.\u201c Der Junge lief wieder rot an, und Herdmutter verbarg ein Grinsen. \u201eDas Eichh\u00f6rnchen musste nun die Wunden, die er aufgeschnitten hatten wieder zun\u00e4hen, und so entstanden M\u00e4nner und Frauen.\u201c<\/p>\n<p class=\"western\">Sie schnaubte ver\u00e4chtlich. \u201eLausige Arbeit. \u00dcberall L\u00f6cher und herunter h\u00e4ngende Teile. Typisch f\u00fcr einen Mann, das N\u00e4hen zu verhunzen. Wenn Herdmutter es gemacht h\u00e4tte, dann w\u00e4ren die N\u00e4hte auch anst\u00e4ndig geworden.\u201c Sie blickte einen Moment lang vertr\u00e4umt in die Dunkelheit. \u201eNat\u00fcrlich h\u00e4tten M\u00e4nner und Frauen dann auch nicht so viel Spa\u00df beim Paaren. Also ist es vielleicht gar nicht so schlecht.\u201c Der Junge verzog eine Grimasse, als w\u00fcrde es ihm Qualen bereiten nicht fliehen zu k\u00f6nnen. Die Herdmutter sch\u00fcttelte ihren Kopf. \u201eWie dem auch sei, M\u00e4nner und Frauen verbringen einige Zeit damit zu versuchen, wieder zueinander zu kommen \u2013 und sie genie\u00dfen es. Doch wenn M\u00e4nner es versuchen, tun sie es und dann sind sie zufrieden. Nicht so bei den Frauen. Wir vermissen das Zusammensein so sehr, dass zweimal pro Jahreszeit unser K\u00f6rperteil, das zuvor am innigsten mit der anderen Seite verbunden war, aus Trauer \u00fcber den Verlust Tr\u00e4nen aus Blut weint.\u201c<\/p>\n<p class=\"western\">Herdmutter beugte sich nach vorne und verbarg ihr Gesicht zwischen den Armen, w\u00e4hrend ihr K\u00f6rper vor Lachen bebte. Der Junge hockte wie angewurzelt am Feuer und fl\u00fcsterte: \u201eIst das wahr?\u201c Die Herdmutter hob ihren Kopf w\u00e4hrend sich ihr K\u00f6rper immer noch sch\u00fcttelte. Dann starte sie dem Jungen tief in die Augen. \u201eWas meinst Du?\u201c Das war zu viel f\u00fcr ihn. Die Panik packte ihn und er rannte hinaus in die Nacht so schnell ihn seine Beine trugen, nur begleitet vom lauten Lachen der Herdmutter, dass in der Ferne als Echo verhallte.<\/p>\n<hr \/>\n<h2>Hinweise<\/h2>\n<ul>\n<li>\u00a9 2003, 2016 Oliver D. Bernuetz <a href=\"https:\/\/oliverbernuetz.neocities.org\">oliverbernuetz.neocities.org<\/a><\/li>\n<li>aus dem Englischen Robin Mitra \u00a9 2019 Humakt e.V.<\/li>\n<li>Diese Seite als PDF anzeigen.<\/li>\n<\/ul>\n","protected":false},"excerpt":{"rendered":"<p>von Oliver D. Bernuetz Die Herdmutter sa\u00df an der Feuerstelle in der Finsternis mahlte Ocker. Ihre Knie erlaubten es ihr nicht mehr zu hocken, daher hatte sie sich hingesetzt. In die Dunkelheit hinein sprach sie: \u201eWas willst Du?\u201c. Sie meinte einen nackten Jungen, der sich ans Feuer schlich. Er erschrak wie ein Hase und w\u00e4re &hellip; <\/p>\n<p class=\"link-more\"><a href=\"https:\/\/www.humakt.com\/gb\/glorantha\/mythen-legenden-und-lieder\/ein-balazarischer-menstruationsmythos\/\" class=\"more-link\">Continue reading<span class=\"screen-reader-text\"> &#8220;Ein balazarischer Menstruationsmythos?&#8221;<\/span><\/a><\/p>\n","protected":false},"author":2,"featured_media":0,"parent":417,"menu_order":0,"comment_status":"closed","ping_status":"closed","template":"","meta":{"footnotes":""},"class_list":["post-510","page","type-page","status-publish","hentry"],"translation":{"provider":"WPGlobus","version":"3.0.2","language":"gb","enabled_languages":["de","gb"],"languages":{"de":{"title":true,"content":true,"excerpt":false},"gb":{"title":false,"content":false,"excerpt":false}}},"yoast_head":"<!-- This site is optimized with the Yoast SEO plugin v27.4 - https:\/\/yoast.com\/product\/yoast-seo-wordpress\/ -->\n<title>Ein balazarischer Menstruationsmythos? - Humakt e.V.<\/title>\n<meta name=\"robots\" content=\"index, follow, max-snippet:-1, max-image-preview:large, max-video-preview:-1\" \/>\n<link rel=\"canonical\" href=\"https:\/\/www.humakt.com\/glorantha\/mythen-legenden-und-lieder\/ein-balazarischer-menstruationsmythos\/\" \/>\n<meta property=\"og:locale\" content=\"en_GB\" \/>\n<meta property=\"og:type\" content=\"article\" \/>\n<meta property=\"og:title\" content=\"Ein balazarischer Menstruationsmythos? - Humakt e.V.\" \/>\n<meta property=\"og:url\" content=\"https:\/\/www.humakt.com\/glorantha\/mythen-legenden-und-lieder\/ein-balazarischer-menstruationsmythos\/\" \/>\n<meta property=\"og:site_name\" content=\"Humakt e.V.\" \/>\n<meta property=\"article:modified_time\" content=\"2019-03-23T18:53:02+00:00\" \/>\n<meta name=\"twitter:card\" content=\"summary_large_image\" \/>\n<meta name=\"twitter:label1\" content=\"Est. reading time\" \/>\n\t<meta name=\"twitter:data1\" content=\"4 minutes\" \/>\n<script type=\"application\/ld+json\" class=\"yoast-schema-graph\">{\"@context\":\"https:\\\/\\\/schema.org\",\"@graph\":[{\"@type\":\"WebPage\",\"@id\":\"https:\\\/\\\/www.humakt.com\\\/glorantha\\\/mythen-legenden-und-lieder\\\/ein-balazarischer-menstruationsmythos\\\/\",\"url\":\"https:\\\/\\\/www.humakt.com\\\/glorantha\\\/mythen-legenden-und-lieder\\\/ein-balazarischer-menstruationsmythos\\\/\",\"name\":\"Ein balazarischer Menstruationsmythos? - Humakt e.V.\",\"isPartOf\":{\"@id\":\"https:\\\/\\\/www.humakt.com\\\/#website\"},\"datePublished\":\"2019-03-23T18:52:42+00:00\",\"dateModified\":\"2019-03-23T18:53:02+00:00\",\"breadcrumb\":{\"@id\":\"https:\\\/\\\/www.humakt.com\\\/glorantha\\\/mythen-legenden-und-lieder\\\/ein-balazarischer-menstruationsmythos\\\/#breadcrumb\"},\"inLanguage\":\"en-GB\",\"potentialAction\":[{\"@type\":\"ReadAction\",\"target\":[\"https:\\\/\\\/www.humakt.com\\\/glorantha\\\/mythen-legenden-und-lieder\\\/ein-balazarischer-menstruationsmythos\\\/\"]}]},{\"@type\":\"BreadcrumbList\",\"@id\":\"https:\\\/\\\/www.humakt.com\\\/glorantha\\\/mythen-legenden-und-lieder\\\/ein-balazarischer-menstruationsmythos\\\/#breadcrumb\",\"itemListElement\":[{\"@type\":\"ListItem\",\"position\":1,\"name\":\"Startseite\",\"item\":\"https:\\\/\\\/www.humakt.com\\\/\"},{\"@type\":\"ListItem\",\"position\":2,\"name\":\"Glorantha\",\"item\":\"https:\\\/\\\/www.humakt.com\\\/glorantha\\\/\"},{\"@type\":\"ListItem\",\"position\":3,\"name\":\"Mythen, Legenden und Lieder\",\"item\":\"https:\\\/\\\/www.humakt.com\\\/glorantha\\\/mythen-legenden-und-lieder\\\/\"},{\"@type\":\"ListItem\",\"position\":4,\"name\":\"Ein balazarischer Menstruationsmythos?\"}]},{\"@type\":\"WebSite\",\"@id\":\"https:\\\/\\\/www.humakt.com\\\/#website\",\"url\":\"https:\\\/\\\/www.humakt.com\\\/\",\"name\":\"Humakt e.V.\",\"description\":\"\",\"publisher\":{\"@id\":\"https:\\\/\\\/www.humakt.com\\\/#organization\"},\"potentialAction\":[{\"@type\":\"SearchAction\",\"target\":{\"@type\":\"EntryPoint\",\"urlTemplate\":\"https:\\\/\\\/www.humakt.com\\\/?s={search_term_string}\"},\"query-input\":{\"@type\":\"PropertyValueSpecification\",\"valueRequired\":true,\"valueName\":\"search_term_string\"}}],\"inLanguage\":\"en-GB\"},{\"@type\":\"Organization\",\"@id\":\"https:\\\/\\\/www.humakt.com\\\/#organization\",\"name\":\"Humakt e.V.\",\"url\":\"https:\\\/\\\/www.humakt.com\\\/\",\"logo\":{\"@type\":\"ImageObject\",\"inLanguage\":\"en-GB\",\"@id\":\"https:\\\/\\\/www.humakt.com\\\/#\\\/schema\\\/logo\\\/image\\\/\",\"url\":\"https:\\\/\\\/www.humakt.com\\\/wp-content\\\/uploads\\\/2023\\\/12\\\/cropped-Humakt-eV-Logo-mit-Titel-weiss-1.png\",\"contentUrl\":\"https:\\\/\\\/www.humakt.com\\\/wp-content\\\/uploads\\\/2023\\\/12\\\/cropped-Humakt-eV-Logo-mit-Titel-weiss-1.png\",\"width\":166,\"height\":250,\"caption\":\"Humakt e.V.\"},\"image\":{\"@id\":\"https:\\\/\\\/www.humakt.com\\\/#\\\/schema\\\/logo\\\/image\\\/\"}}]}<\/script>\n<!-- \/ Yoast SEO plugin. -->","yoast_head_json":{"title":"Ein balazarischer Menstruationsmythos? - Humakt e.V.","robots":{"index":"index","follow":"follow","max-snippet":"max-snippet:-1","max-image-preview":"max-image-preview:large","max-video-preview":"max-video-preview:-1"},"canonical":"https:\/\/www.humakt.com\/glorantha\/mythen-legenden-und-lieder\/ein-balazarischer-menstruationsmythos\/","og_locale":"en_GB","og_type":"article","og_title":"Ein balazarischer Menstruationsmythos? - Humakt e.V.","og_url":"https:\/\/www.humakt.com\/glorantha\/mythen-legenden-und-lieder\/ein-balazarischer-menstruationsmythos\/","og_site_name":"Humakt e.V.","article_modified_time":"2019-03-23T18:53:02+00:00","twitter_card":"summary_large_image","twitter_misc":{"Est. reading time":"4 minutes"},"schema":{"@context":"https:\/\/schema.org","@graph":[{"@type":"WebPage","@id":"https:\/\/www.humakt.com\/glorantha\/mythen-legenden-und-lieder\/ein-balazarischer-menstruationsmythos\/","url":"https:\/\/www.humakt.com\/glorantha\/mythen-legenden-und-lieder\/ein-balazarischer-menstruationsmythos\/","name":"Ein balazarischer Menstruationsmythos? - Humakt e.V.","isPartOf":{"@id":"https:\/\/www.humakt.com\/#website"},"datePublished":"2019-03-23T18:52:42+00:00","dateModified":"2019-03-23T18:53:02+00:00","breadcrumb":{"@id":"https:\/\/www.humakt.com\/glorantha\/mythen-legenden-und-lieder\/ein-balazarischer-menstruationsmythos\/#breadcrumb"},"inLanguage":"en-GB","potentialAction":[{"@type":"ReadAction","target":["https:\/\/www.humakt.com\/glorantha\/mythen-legenden-und-lieder\/ein-balazarischer-menstruationsmythos\/"]}]},{"@type":"BreadcrumbList","@id":"https:\/\/www.humakt.com\/glorantha\/mythen-legenden-und-lieder\/ein-balazarischer-menstruationsmythos\/#breadcrumb","itemListElement":[{"@type":"ListItem","position":1,"name":"Startseite","item":"https:\/\/www.humakt.com\/"},{"@type":"ListItem","position":2,"name":"Glorantha","item":"https:\/\/www.humakt.com\/glorantha\/"},{"@type":"ListItem","position":3,"name":"Mythen, Legenden und Lieder","item":"https:\/\/www.humakt.com\/glorantha\/mythen-legenden-und-lieder\/"},{"@type":"ListItem","position":4,"name":"Ein balazarischer Menstruationsmythos?"}]},{"@type":"WebSite","@id":"https:\/\/www.humakt.com\/#website","url":"https:\/\/www.humakt.com\/","name":"Humakt e.V.","description":"","publisher":{"@id":"https:\/\/www.humakt.com\/#organization"},"potentialAction":[{"@type":"SearchAction","target":{"@type":"EntryPoint","urlTemplate":"https:\/\/www.humakt.com\/?s={search_term_string}"},"query-input":{"@type":"PropertyValueSpecification","valueRequired":true,"valueName":"search_term_string"}}],"inLanguage":"en-GB"},{"@type":"Organization","@id":"https:\/\/www.humakt.com\/#organization","name":"Humakt e.V.","url":"https:\/\/www.humakt.com\/","logo":{"@type":"ImageObject","inLanguage":"en-GB","@id":"https:\/\/www.humakt.com\/#\/schema\/logo\/image\/","url":"https:\/\/www.humakt.com\/wp-content\/uploads\/2023\/12\/cropped-Humakt-eV-Logo-mit-Titel-weiss-1.png","contentUrl":"https:\/\/www.humakt.com\/wp-content\/uploads\/2023\/12\/cropped-Humakt-eV-Logo-mit-Titel-weiss-1.png","width":166,"height":250,"caption":"Humakt e.V."},"image":{"@id":"https:\/\/www.humakt.com\/#\/schema\/logo\/image\/"}}]}},"_links":{"self":[{"href":"https:\/\/www.humakt.com\/gb\/wp-json\/wp\/v2\/pages\/510","targetHints":{"allow":["GET"]}}],"collection":[{"href":"https:\/\/www.humakt.com\/gb\/wp-json\/wp\/v2\/pages"}],"about":[{"href":"https:\/\/www.humakt.com\/gb\/wp-json\/wp\/v2\/types\/page"}],"author":[{"embeddable":true,"href":"https:\/\/www.humakt.com\/gb\/wp-json\/wp\/v2\/users\/2"}],"replies":[{"embeddable":true,"href":"https:\/\/www.humakt.com\/gb\/wp-json\/wp\/v2\/comments?post=510"}],"version-history":[{"count":1,"href":"https:\/\/www.humakt.com\/gb\/wp-json\/wp\/v2\/pages\/510\/revisions"}],"predecessor-version":[{"id":511,"href":"https:\/\/www.humakt.com\/gb\/wp-json\/wp\/v2\/pages\/510\/revisions\/511"}],"up":[{"embeddable":true,"href":"https:\/\/www.humakt.com\/gb\/wp-json\/wp\/v2\/pages\/417"}],"wp:attachment":[{"href":"https:\/\/www.humakt.com\/gb\/wp-json\/wp\/v2\/media?parent=510"}],"curies":[{"name":"wp","href":"https:\/\/api.w.org\/{rel}","templated":true}]}}