{"id":495,"date":"2019-03-23T10:47:21","date_gmt":"2019-03-23T09:47:21","guid":{"rendered":"http:\/\/www.humakt.com\/?page_id=495"},"modified":"2024-12-02T20:25:11","modified_gmt":"2024-12-02T19:25:11","slug":"kindersuche-im-sauren-hirschland","status":"publish","type":"page","link":"https:\/\/www.humakt.com\/gb\/glorantha\/mythen-legenden-und-lieder\/kindersuche-im-sauren-hirschland\/","title":{"rendered":"Kindersuche im Sauren Hirschland"},"content":{"rendered":"<h3>von Robin Mita<\/h3>\n<p><em>[Diese Geschichte spielt in der Rotkuh-Sippe im K\u00f6nigreich Sartar und beschreibt den gescheiterten Versuch von Charakteren im Sauren Hirschland vermisste Kinder oder die Nymphe Wandle zu finden (vgl. das Abenteuer The Missing aus dem Buch Eleven Lights von Ian Cooper). Die Geschichte kann von Erz\u00e4hler*innen genutzt werden, deren Gruppen bei einem \u00e4hnlichen Vorhaben\u00a0 gescheitert sind.]<\/em><\/p>\n<p>Yerestestra, Finvale und Hantrakar gehen zum Bach, um am Ufer die verschwundenen Kinder zu suchen. Dem Ort, an dem auch die Nymphe Wandle zu Hause ist. Dort teilen sie sich auf, um ein m\u00f6glichst weitest Gebiet durchstreifen zu k\u00f6nnen. Dies f\u00fchrt alle drei unabh\u00e4ngig voneinander unweigerlich ins Saure Hirschland. Dies ist ein Sumpfgebiet diesseits und jenseits des Baches. Obwohl das Gebiet zur Rotkuh-Sippe geh\u00f6rt, wird es von den meisten Menschen, die Ihr kennt, gemieden. Hier w\u00e4chst kein Getreide, f\u00fcr Vieh ist der sumpfige Boden lebensgef\u00e4hrlich und selbst Fischfang ist hier nicht m\u00f6glich. Dennoch (oder gerade deswegen) ist das Saure Hirschland ein Ort, an dem Kinder und auch Erwachsene lange Zeit verborgen bleiben k\u00f6nnten \u2013 ob gewollt oder ungewollt. Aus diesem Grund begebt Ihr Euch weiter und weiter in den Sumpf hinein.<\/p>\n<p>Es ist eine unwirtliche Gegend. Der Boden ist weder Erde noch Wasser, sondern beides und auch nichts davon. Auch der Nebel ist nicht wirklich Luft oder Wasser, sondern irgendetwas anderes. Es riecht sauer und nach F\u00e4ulnis. Jede*r von Euch bemerkt, dass Elementar-Magie nicht funktioniert, wie sie es sollte, weil die Elemente durcheinander sind.<br \/>\nErst versinkt Ihr nur bis zu den Kn\u00f6cheln im Schlamm, aber bald schon bis zu den Knien und sogar bis zur H\u00fcfte. Es ist an der Zeit umzukehren. Wenn die Kinder je hier gewesen sein sollten, sind sie vermutlich nicht mehr am Leben. Doch wo bist Du hergekommen? Wo willst Du hin?<\/p>\n<p>Der Schlamm um Dich herum bewegt sich. Schlangen schl\u00e4ngeln sich durch das Nass um Deinen K\u00f6rper, sie schwimmen unter Deine Kleidung und scheinen nicht wieder herauszukommen. Insekten, so gro\u00df wie K\u00fcrbisse, umschwirren Deinen Kopf. Ekelhafte Kr\u00f6ten beobachten Dich und lachen Dich mit kr\u00e4chzenden Stimmen aus.<\/p>\n<p>Es ist dunkel, und Du kannst nicht einmal sagen, wie lange schon. Du hast das Gef\u00fchl von hunderten Augen beobachten zu werden. Doch es ist niemand dort. Oder doch? Bist Du das, der\/die gerade auf Dich selbst zu l\u00e4uft? Du schaust an Dir herunter und siehst, wie Deine Beine in eine andere Richtung laufen, als Dein Oberk\u00f6rper. Doch besser Beine haben, als nur auf so abgenagten Knochen herumlaufen zu m\u00fcssen. Wie kommst Du jetzt auf den Gedanken? Was f\u00fcr Knochen?<br \/>\nDort sitzt wieder so eine h\u00e4ssliche Kr\u00f6te und lacht Dich aus. Du schnappst sie Dir mit Deinen drei H\u00e4nden und steckst sie in Deinen Mund. Es quiekt und knirscht, als Du sie zerkaust und sie herunterschluckst. Das hat sie nun davon! Sie h\u00e4tte Dich nicht auslachen d\u00fcrfen.<a href=\"https:\/\/www.humakt.com\/impressum\/bilderverzeichnis\/\"><img loading=\"lazy\" decoding=\"async\" class=\"aligncenter wp-image-497\" src=\"https:\/\/www.humakt.com\/wp-content\/uploads\/2019\/03\/Fairie-Swamp-Garden-echoroo-Flickr-original-1024x768.png\" alt=\"Fairie Swamp Garden echoroo Flickr original\" width=\"600\" height=\"450\" srcset=\"https:\/\/www.humakt.com\/wp-content\/uploads\/2019\/03\/Fairie-Swamp-Garden-echoroo-Flickr-original-1024x768.png 1024w, https:\/\/www.humakt.com\/wp-content\/uploads\/2019\/03\/Fairie-Swamp-Garden-echoroo-Flickr-original-300x225.png 300w, https:\/\/www.humakt.com\/wp-content\/uploads\/2019\/03\/Fairie-Swamp-Garden-echoroo-Flickr-original-768x576.png 768w\" sizes=\"auto, (max-width: 600px) 100vw, 600px\" \/><\/a><\/p>\n<p>Du siehst Lichter. Sie sind noch weit weg, aber sie weisen Dir deutlich den Weg. Du schwimmst ihnen entgegen. Das Wasser schmeckt salzig und schwefelig. W\u00fcrmer versuchen Deine Speiser\u00f6hre hoch zu klettern, um in die Freiheit zu entkommen. Aber Du schluckst sie wieder herunter. Was Du einmal gewonnen hast, gibst Du nicht wieder her. Die Lichter haben ihre Richtung ge\u00e4ndert, doch Du h\u00e4ltst weiter auf sie zu. Deine Kr\u00e4fte verlassen Dich. Du wirst m\u00fcde. Doch Du musst durchhalten. Bald hast Du es geschafft.<br \/>\nWas hast Du geschafft?<br \/>\nWer hat das gesagt?<br \/>\nDu hast das gesagt.<br \/>\nWas hast Du gesagt?<\/p>\n<p>Pl\u00f6tzlich sind \u00fcberall um Dich herum Lichter. Sie tanzen um Dich herum. Oder umkreisen sie Dich wie ein J\u00e4ger sein Wild? Selbst unter und \u00fcber Dir sind Lichter. Sie verschmelzen und trennen sich wieder. Du stehst im Licht. \u00dcberall ist Wasser. Du bist im Wasser. Du bist Wasser.<\/p>\n<hr \/>\n<h2>Hinweise<\/h2>\n<p>Diese Seite als PDF anzeigen.<\/p>\n\n\n<hr class=\"wp-block-separator has-alpha-channel-opacity\"\/>\n\n\n\n<details class=\"wp-block-details is-layout-flow wp-block-details-is-layout-flow\"><summary>Bild<\/summary>\n<p><a href=\"https:\/\/www.flickr.com\/photos\/22544551@N04\/6063587499\/in\/photostream\/\" target=\"_blank\" rel=\"noreferrer noopener\">CC BY Echoroo<\/a><\/p>\n<\/details>\n","protected":false},"excerpt":{"rendered":"<p>von Robin Mita [Diese Geschichte spielt in der Rotkuh-Sippe im K\u00f6nigreich Sartar und beschreibt den gescheiterten Versuch von Charakteren im Sauren Hirschland vermisste Kinder oder die Nymphe Wandle zu finden (vgl. das Abenteuer The Missing aus dem Buch Eleven Lights von Ian Cooper). Die Geschichte kann von Erz\u00e4hler*innen genutzt werden, deren Gruppen bei einem \u00e4hnlichen &hellip; <\/p>\n<p class=\"link-more\"><a href=\"https:\/\/www.humakt.com\/gb\/glorantha\/mythen-legenden-und-lieder\/kindersuche-im-sauren-hirschland\/\" class=\"more-link\">Continue reading<span class=\"screen-reader-text\"> &#8220;Kindersuche im Sauren Hirschland&#8221;<\/span><\/a><\/p>\n","protected":false},"author":2,"featured_media":0,"parent":417,"menu_order":0,"comment_status":"closed","ping_status":"closed","template":"","meta":{"footnotes":""},"class_list":["post-495","page","type-page","status-publish","hentry"],"translation":{"provider":"WPGlobus","version":"3.0.2","language":"gb","enabled_languages":["de","gb"],"languages":{"de":{"title":true,"content":true,"excerpt":false},"gb":{"title":false,"content":false,"excerpt":false}}},"yoast_head":"<!-- This site is optimized with the Yoast SEO plugin v27.4 - https:\/\/yoast.com\/product\/yoast-seo-wordpress\/ -->\n<title>Kindersuche im Sauren Hirschland - Humakt e.V.<\/title>\n<meta name=\"robots\" content=\"index, follow, max-snippet:-1, max-image-preview:large, max-video-preview:-1\" \/>\n<link rel=\"canonical\" href=\"https:\/\/www.humakt.com\/glorantha\/mythen-legenden-und-lieder\/kindersuche-im-sauren-hirschland\/\" \/>\n<meta property=\"og:locale\" content=\"en_GB\" \/>\n<meta property=\"og:type\" content=\"article\" \/>\n<meta property=\"og:title\" content=\"Kindersuche im Sauren Hirschland - Humakt e.V.\" \/>\n<meta property=\"og:url\" content=\"https:\/\/www.humakt.com\/glorantha\/mythen-legenden-und-lieder\/kindersuche-im-sauren-hirschland\/\" \/>\n<meta property=\"og:site_name\" content=\"Humakt e.V.\" \/>\n<meta property=\"article:modified_time\" content=\"2024-12-02T19:25:11+00:00\" \/>\n<meta property=\"og:image\" content=\"https:\/\/www.humakt.com\/wp-content\/uploads\/2019\/03\/Fairie-Swamp-Garden-echoroo-Flickr-original-1024x768.png\" \/>\n<meta name=\"twitter:card\" content=\"summary_large_image\" \/>\n<meta name=\"twitter:label1\" content=\"Est. reading time\" \/>\n\t<meta name=\"twitter:data1\" content=\"4 minutes\" \/>\n<script type=\"application\/ld+json\" class=\"yoast-schema-graph\">{\"@context\":\"https:\\\/\\\/schema.org\",\"@graph\":[{\"@type\":\"WebPage\",\"@id\":\"https:\\\/\\\/www.humakt.com\\\/glorantha\\\/mythen-legenden-und-lieder\\\/kindersuche-im-sauren-hirschland\\\/\",\"url\":\"https:\\\/\\\/www.humakt.com\\\/glorantha\\\/mythen-legenden-und-lieder\\\/kindersuche-im-sauren-hirschland\\\/\",\"name\":\"Kindersuche im Sauren Hirschland - Humakt e.V.\",\"isPartOf\":{\"@id\":\"https:\\\/\\\/www.humakt.com\\\/#website\"},\"primaryImageOfPage\":{\"@id\":\"https:\\\/\\\/www.humakt.com\\\/glorantha\\\/mythen-legenden-und-lieder\\\/kindersuche-im-sauren-hirschland\\\/#primaryimage\"},\"image\":{\"@id\":\"https:\\\/\\\/www.humakt.com\\\/glorantha\\\/mythen-legenden-und-lieder\\\/kindersuche-im-sauren-hirschland\\\/#primaryimage\"},\"thumbnailUrl\":\"https:\\\/\\\/www.humakt.com\\\/wp-content\\\/uploads\\\/2019\\\/03\\\/Fairie-Swamp-Garden-echoroo-Flickr-original-1024x768.png\",\"datePublished\":\"2019-03-23T09:47:21+00:00\",\"dateModified\":\"2024-12-02T19:25:11+00:00\",\"breadcrumb\":{\"@id\":\"https:\\\/\\\/www.humakt.com\\\/glorantha\\\/mythen-legenden-und-lieder\\\/kindersuche-im-sauren-hirschland\\\/#breadcrumb\"},\"inLanguage\":\"en-GB\",\"potentialAction\":[{\"@type\":\"ReadAction\",\"target\":[\"https:\\\/\\\/www.humakt.com\\\/glorantha\\\/mythen-legenden-und-lieder\\\/kindersuche-im-sauren-hirschland\\\/\"]}]},{\"@type\":\"ImageObject\",\"inLanguage\":\"en-GB\",\"@id\":\"https:\\\/\\\/www.humakt.com\\\/glorantha\\\/mythen-legenden-und-lieder\\\/kindersuche-im-sauren-hirschland\\\/#primaryimage\",\"url\":\"https:\\\/\\\/www.humakt.com\\\/wp-content\\\/uploads\\\/2019\\\/03\\\/Fairie-Swamp-Garden-echoroo-Flickr-original-1024x768.png\",\"contentUrl\":\"https:\\\/\\\/www.humakt.com\\\/wp-content\\\/uploads\\\/2019\\\/03\\\/Fairie-Swamp-Garden-echoroo-Flickr-original-1024x768.png\"},{\"@type\":\"BreadcrumbList\",\"@id\":\"https:\\\/\\\/www.humakt.com\\\/glorantha\\\/mythen-legenden-und-lieder\\\/kindersuche-im-sauren-hirschland\\\/#breadcrumb\",\"itemListElement\":[{\"@type\":\"ListItem\",\"position\":1,\"name\":\"Startseite\",\"item\":\"https:\\\/\\\/www.humakt.com\\\/\"},{\"@type\":\"ListItem\",\"position\":2,\"name\":\"Glorantha\",\"item\":\"https:\\\/\\\/www.humakt.com\\\/glorantha\\\/\"},{\"@type\":\"ListItem\",\"position\":3,\"name\":\"Mythen, Legenden und Lieder\",\"item\":\"https:\\\/\\\/www.humakt.com\\\/glorantha\\\/mythen-legenden-und-lieder\\\/\"},{\"@type\":\"ListItem\",\"position\":4,\"name\":\"Kindersuche im Sauren Hirschland\"}]},{\"@type\":\"WebSite\",\"@id\":\"https:\\\/\\\/www.humakt.com\\\/#website\",\"url\":\"https:\\\/\\\/www.humakt.com\\\/\",\"name\":\"Humakt e.V.\",\"description\":\"\",\"publisher\":{\"@id\":\"https:\\\/\\\/www.humakt.com\\\/#organization\"},\"potentialAction\":[{\"@type\":\"SearchAction\",\"target\":{\"@type\":\"EntryPoint\",\"urlTemplate\":\"https:\\\/\\\/www.humakt.com\\\/?s={search_term_string}\"},\"query-input\":{\"@type\":\"PropertyValueSpecification\",\"valueRequired\":true,\"valueName\":\"search_term_string\"}}],\"inLanguage\":\"en-GB\"},{\"@type\":\"Organization\",\"@id\":\"https:\\\/\\\/www.humakt.com\\\/#organization\",\"name\":\"Humakt e.V.\",\"url\":\"https:\\\/\\\/www.humakt.com\\\/\",\"logo\":{\"@type\":\"ImageObject\",\"inLanguage\":\"en-GB\",\"@id\":\"https:\\\/\\\/www.humakt.com\\\/#\\\/schema\\\/logo\\\/image\\\/\",\"url\":\"https:\\\/\\\/www.humakt.com\\\/wp-content\\\/uploads\\\/2023\\\/12\\\/cropped-Humakt-eV-Logo-mit-Titel-weiss-1.png\",\"contentUrl\":\"https:\\\/\\\/www.humakt.com\\\/wp-content\\\/uploads\\\/2023\\\/12\\\/cropped-Humakt-eV-Logo-mit-Titel-weiss-1.png\",\"width\":166,\"height\":250,\"caption\":\"Humakt e.V.\"},\"image\":{\"@id\":\"https:\\\/\\\/www.humakt.com\\\/#\\\/schema\\\/logo\\\/image\\\/\"}}]}<\/script>\n<!-- \/ Yoast SEO plugin. -->","yoast_head_json":{"title":"Kindersuche im Sauren Hirschland - Humakt e.V.","robots":{"index":"index","follow":"follow","max-snippet":"max-snippet:-1","max-image-preview":"max-image-preview:large","max-video-preview":"max-video-preview:-1"},"canonical":"https:\/\/www.humakt.com\/glorantha\/mythen-legenden-und-lieder\/kindersuche-im-sauren-hirschland\/","og_locale":"en_GB","og_type":"article","og_title":"Kindersuche im Sauren Hirschland - Humakt e.V.","og_url":"https:\/\/www.humakt.com\/glorantha\/mythen-legenden-und-lieder\/kindersuche-im-sauren-hirschland\/","og_site_name":"Humakt e.V.","article_modified_time":"2024-12-02T19:25:11+00:00","og_image":[{"url":"https:\/\/www.humakt.com\/wp-content\/uploads\/2019\/03\/Fairie-Swamp-Garden-echoroo-Flickr-original-1024x768.png","type":"","width":"","height":""}],"twitter_card":"summary_large_image","twitter_misc":{"Est. reading time":"4 minutes"},"schema":{"@context":"https:\/\/schema.org","@graph":[{"@type":"WebPage","@id":"https:\/\/www.humakt.com\/glorantha\/mythen-legenden-und-lieder\/kindersuche-im-sauren-hirschland\/","url":"https:\/\/www.humakt.com\/glorantha\/mythen-legenden-und-lieder\/kindersuche-im-sauren-hirschland\/","name":"Kindersuche im Sauren Hirschland - Humakt e.V.","isPartOf":{"@id":"https:\/\/www.humakt.com\/#website"},"primaryImageOfPage":{"@id":"https:\/\/www.humakt.com\/glorantha\/mythen-legenden-und-lieder\/kindersuche-im-sauren-hirschland\/#primaryimage"},"image":{"@id":"https:\/\/www.humakt.com\/glorantha\/mythen-legenden-und-lieder\/kindersuche-im-sauren-hirschland\/#primaryimage"},"thumbnailUrl":"https:\/\/www.humakt.com\/wp-content\/uploads\/2019\/03\/Fairie-Swamp-Garden-echoroo-Flickr-original-1024x768.png","datePublished":"2019-03-23T09:47:21+00:00","dateModified":"2024-12-02T19:25:11+00:00","breadcrumb":{"@id":"https:\/\/www.humakt.com\/glorantha\/mythen-legenden-und-lieder\/kindersuche-im-sauren-hirschland\/#breadcrumb"},"inLanguage":"en-GB","potentialAction":[{"@type":"ReadAction","target":["https:\/\/www.humakt.com\/glorantha\/mythen-legenden-und-lieder\/kindersuche-im-sauren-hirschland\/"]}]},{"@type":"ImageObject","inLanguage":"en-GB","@id":"https:\/\/www.humakt.com\/glorantha\/mythen-legenden-und-lieder\/kindersuche-im-sauren-hirschland\/#primaryimage","url":"https:\/\/www.humakt.com\/wp-content\/uploads\/2019\/03\/Fairie-Swamp-Garden-echoroo-Flickr-original-1024x768.png","contentUrl":"https:\/\/www.humakt.com\/wp-content\/uploads\/2019\/03\/Fairie-Swamp-Garden-echoroo-Flickr-original-1024x768.png"},{"@type":"BreadcrumbList","@id":"https:\/\/www.humakt.com\/glorantha\/mythen-legenden-und-lieder\/kindersuche-im-sauren-hirschland\/#breadcrumb","itemListElement":[{"@type":"ListItem","position":1,"name":"Startseite","item":"https:\/\/www.humakt.com\/"},{"@type":"ListItem","position":2,"name":"Glorantha","item":"https:\/\/www.humakt.com\/glorantha\/"},{"@type":"ListItem","position":3,"name":"Mythen, Legenden und Lieder","item":"https:\/\/www.humakt.com\/glorantha\/mythen-legenden-und-lieder\/"},{"@type":"ListItem","position":4,"name":"Kindersuche im Sauren Hirschland"}]},{"@type":"WebSite","@id":"https:\/\/www.humakt.com\/#website","url":"https:\/\/www.humakt.com\/","name":"Humakt e.V.","description":"","publisher":{"@id":"https:\/\/www.humakt.com\/#organization"},"potentialAction":[{"@type":"SearchAction","target":{"@type":"EntryPoint","urlTemplate":"https:\/\/www.humakt.com\/?s={search_term_string}"},"query-input":{"@type":"PropertyValueSpecification","valueRequired":true,"valueName":"search_term_string"}}],"inLanguage":"en-GB"},{"@type":"Organization","@id":"https:\/\/www.humakt.com\/#organization","name":"Humakt e.V.","url":"https:\/\/www.humakt.com\/","logo":{"@type":"ImageObject","inLanguage":"en-GB","@id":"https:\/\/www.humakt.com\/#\/schema\/logo\/image\/","url":"https:\/\/www.humakt.com\/wp-content\/uploads\/2023\/12\/cropped-Humakt-eV-Logo-mit-Titel-weiss-1.png","contentUrl":"https:\/\/www.humakt.com\/wp-content\/uploads\/2023\/12\/cropped-Humakt-eV-Logo-mit-Titel-weiss-1.png","width":166,"height":250,"caption":"Humakt e.V."},"image":{"@id":"https:\/\/www.humakt.com\/#\/schema\/logo\/image\/"}}]}},"_links":{"self":[{"href":"https:\/\/www.humakt.com\/gb\/wp-json\/wp\/v2\/pages\/495","targetHints":{"allow":["GET"]}}],"collection":[{"href":"https:\/\/www.humakt.com\/gb\/wp-json\/wp\/v2\/pages"}],"about":[{"href":"https:\/\/www.humakt.com\/gb\/wp-json\/wp\/v2\/types\/page"}],"author":[{"embeddable":true,"href":"https:\/\/www.humakt.com\/gb\/wp-json\/wp\/v2\/users\/2"}],"replies":[{"embeddable":true,"href":"https:\/\/www.humakt.com\/gb\/wp-json\/wp\/v2\/comments?post=495"}],"version-history":[{"count":5,"href":"https:\/\/www.humakt.com\/gb\/wp-json\/wp\/v2\/pages\/495\/revisions"}],"predecessor-version":[{"id":1254,"href":"https:\/\/www.humakt.com\/gb\/wp-json\/wp\/v2\/pages\/495\/revisions\/1254"}],"up":[{"embeddable":true,"href":"https:\/\/www.humakt.com\/gb\/wp-json\/wp\/v2\/pages\/417"}],"wp:attachment":[{"href":"https:\/\/www.humakt.com\/gb\/wp-json\/wp\/v2\/media?parent=495"}],"curies":[{"name":"wp","href":"https:\/\/api.w.org\/{rel}","templated":true}]}}