{"id":479,"date":"2019-03-22T21:30:07","date_gmt":"2019-03-22T20:30:07","guid":{"rendered":"http:\/\/www.humakt.com\/?page_id=479"},"modified":"2019-03-22T22:24:31","modified_gmt":"2019-03-22T21:24:31","slug":"wie-orlanth-das-loch-im-dach-flickte-2","status":"publish","type":"page","link":"https:\/\/www.humakt.com\/gb\/glorantha\/mythen-legenden-und-lieder\/wie-orlanth-das-loch-im-dach-flickte-2\/","title":{"rendered":"Wie Orlanth das Loch im Dach flickte"},"content":{"rendered":"<h2>von Bruce Ferrie<\/h2>\n<p>Nachdem Orlanth und Ernalda geheiratet hatten, brachte er seiner Frau viele Geschenke, so wie es alle jungen Ehem\u00e4nner tun. Er schenkte ihr den Gr\u00fcnen Korb des \u00dcberflusses, der stets aller G\u00e4ste Hunger stillte, gleich wie viele auch kamen. Er schenkte ihr den Kinderkessel, der jedem, der es mit einem angemessenen Opfer bedachte, viele Nachkommen bescherte. Und er schenkte ihr den Webstuhl aus Gold und Silber. Ernalda war sehr gl\u00fccklich \u00fcber diese Geschenke und sie erwiderte Orlanths Liebe indem sie seine vielen Wunden versorgte, wenn er nach einer Schlacht heimkam. Sie buk ihm Haferkekse ges\u00fc\u00dft mit Honig, und insbesondere erwiderte sie seine Liebe, wenn sie mit ihm als seine Ehefrau im Bette lag. Orlanth und Ernalda waren verliebt und sie waren gl\u00fccklich.<\/p>\n<p>Doch eines Tages, als Orlanth gerade fort war, um seine zahlreichen Feinde zu bek\u00e4mpfen, fand Ernalda ein stinkendes B\u00fcndel Lumpen und Stroh bei der Feuerstelle. Als sie es aufhob, um es hinaus zu werden, bemerkte sie, dass es Eurmal war. Ernalda schalt ihn und verlangte zu wissen, was die Unordnung bedeutete und was das ganze Stroh vor dem Kamin solle.<\/p>\n<p>\u201eIch versuche es nur ein wenig warm zu haben.\u201c, jammerte er. \u201eIch w\u00fcrde nicht so dicht beim Feuer sitzen m\u00fcssen, wenn nur jemand das Loch im Dach flicken w\u00fcrde.\u201c<\/p>\n<p>Ernalda runzelte die Stirn und fragte: \u201eDas Loch im Dach?\u201c<\/p>\n<p>Eurmal kauerte weiterhin auf dem Boden und deutete nach oben, gewiss, dass dort ein gro\u00dfes Loch ins Reet gerissen war. Ernalda seufzte und warf Eurmal hinaus in den Dreck.<\/p>\n<p>Ernalda war das Loch zuvor nicht aufgefallen. Zur Zeit war es noch nicht sehr kalt, so dass sie wartete bis ihr junger Ehemann sie wieder w\u00e4rmen w\u00fcrde. Aber sie wusste auch, dass das Loch geflickt werden musste, damit es nicht hineinregnete.<\/p>\n<p>Nach einiger Zeit kam Orlanth heim von seinem Kampf. Ernalda sagte nichts \u00fcber das Loch im Dach, als sie seine Wunden verband. Sie sagte nichts als sie ihm die mit Honig ges\u00fc\u00dften Haferkekse reichte.<\/p>\n<p>Doch bevor sie sich ins Bett legten, sprach sie zu ihm: \u201eGatte, ich bin sehr zufrieden mit den Geschenken, die Du mir bringst. Der Gr\u00fcne Korb des \u00dcberflusses garantiert, dass wir immer gen\u00fcgend zu Essen haben, um unsere Familie und G\u00e4ste zu s\u00e4ttigen. Der Kinderkessel sorgt daf\u00fcr, dass immer viele Kinder auf unserem Hofe leben. Der Webstuhl aus Gold und Silber versorgt unsere Leute stets mit den sch\u00f6nsten Kleidern. Doch es gibt da ein anderes Geschenk, das ich gerne von Dir h\u00e4tte. Wirst Du das Loch im Dach flicken?\u201c<\/p>\n<p>Wie jeder Mann im Schlafgemach, so versprach auch Orlanth seiner Frau alles, was sie begehrte. \u201eMeine geliebte Gr\u00fcne Gattin, ich werde das Loch im Dach flicken.\u201c Und Orlanth und Ernalda waren verliebt, und sie waren gl\u00fccklich.<\/p>\n<p>Am n\u00e4chsten Morgen ging Orlanth hinaus, um das Loch im Dach zu flicken. Da traf er Yinkin, der vorschlug, sie sollten auf die Jagd gehen. Orlanth dachte, dies sei eine gute Idee. Sie verbrachten den ganzen Tag auf der Pirsch und kamen Abends mit einem riesigen B\u00e4ren zur\u00fcck. Ernalda war jedoch nicht zufrieden und im Schlafgemach wandte sie sich ab von Orlanth, da er nichts unternommen hatte, um das Loch im Dach zu flicken.<\/p>\n<p>Orlanth sagte: \u201eAber ich werde Dir aus dem Fell des B\u00e4ren einen sch\u00f6nen Mantel fertigen, der Dich warm halten wird.\u201c<\/p>\n<p>\u201eDas ist sehr sch\u00f6n\u201c, entgegnete Ernalda, \u201eaber wirst Du das Loch im Dach flicken?\u201c<\/p>\n<p>Am n\u00e4chsten Morgen ging Orlanth davon und fragte Yinkin, ob er ihm behilflich sein k\u00f6nne das Loch im Dach zu flicken. \u201eYinkin erkl\u00e4rte sich bereit sich auf das Loch zu legen, damit es nicht hineinregnete. Das war gut und Ernalda war gl\u00fccklich. Doch als Elmal hinter Heler zur\u00fccktrat und es kein warmes Sonnenlicht mehr gab, um ihn zu w\u00e4rmen, stand Yinkin auf und ging fort \u2013 und das Loch war zur\u00fcck.<\/p>\n<p>Ernalda war nicht gl\u00fccklich, aber erneut versprach Orlanth ihr: \u201eGeliebte Gr\u00fcne Gattin, ich werde das Loch im Dach flicken.\u201c<\/p>\n<p>Am n\u00e4chsten Morgen ging Orlanth hinaus, um das Loch im Dach zu flicken. Dort traf er Elmal, der vorschlug die Fyrd an den Waffen zu trainieren. Orlanth dachte, dies sei eine gute Idee und griff nach Schild und Schwert und verbrachte den ganzen Tag mit Elmal, um die Fyrd zu trainieren. Des Nachts war Ernalda nicht gl\u00fccklich und wandte sich von Orlanth ab, da er nicht das Loch im Dach geflickt hatte.<\/p>\n<p>\u201eAber unsere Fyrdm\u00e4nner werden unsere Feinde davonjagen und unsere Familie vor \u00dcbel sch\u00fctzen.\u201c, sagte Orlanth.<\/p>\n<p>\u201eDas ist gut\u201c, sagte Ernalda, \u201edoch wirst Du das Loch im Dach flicken?\u201c<\/p>\n<p>Am n\u00e4chsten Morgen ging Orlanth hinaus und fragte Elmal, ob er ihm behilflich sein k\u00f6nne das Loch im Dach zu flicken. Elmal erkl\u00e4rte sich bereit seinen leuchtenden Schild \u00fcber das Loch zu halten, damit es nicht hineinregnete. Das war gut und Ernalda war gl\u00fccklich. Doch als die Nacht hereinbrach, musste Elmal gehen \u2013 und das Loch war zur\u00fcck.<\/p>\n<p>Ernalda war nicht gl\u00fccklich, aber erneut versprach Orlanth ihr: \u201eGeliebte Gr\u00fcne Gattin, ich werde das Loch im Dach flicken.\u201c Am n\u00e4chsten Morgen ging Orlanth hinaus, um das Loch im Dach zu flicken. Dort traf er Urox, der vorschlug auf die Suche nach Chaos zu gehen und es zu zerst\u00f6ren. Orlanth dachte, dies sei eine gute Idee und nahm seine R\u00fcstung und seine Waffen und sie t\u00f6teten den ganzen Tag Feinde. Des Nachts war Ernalda nicht gl\u00fccklich und wandte sich von Orlanth ab, da er nicht das Loch im Dach geflickt hatte.<\/p>\n<p>\u201eAber ich habe Chaos zerst\u00f6rt und viele Taten zu Deiner Ehre vollbracht.\u201c, sagte Orlanth.<\/p>\n<p>\u201eDas ist gut\u201c, sagte Ernalda, \u201edoch wirst Du das Loch im Dach flicken?\u201c<\/p>\n<p>So ging Orlanth hinaus und fragte Urox, er ob er ihm behilflich sein k\u00f6nne das Loch im Dach zu flicken. Urox erkl\u00e4rte sich bereit sein gro\u00dfes Bullenfell \u00fcber das Loch auszubreiten, damit es nicht hineinregnete. Doch mit dem Wind roch Urox das Chaos und rannte fort, um es zu bek\u00e4mpfen \u2013 und das Loch war zur\u00fcck.<\/p>\n<p>Ernalda war nicht gl\u00fccklich. Sie war sogar ausgesprochen w\u00fctend und wollte nicht l\u00e4nger auf Orlanths Versprechungen h\u00f6ren. \u201eAlles, was Du kannst, ist prahlen. Es steckt nichts dahinter!\u201c, schrie sie. \u201eDu hattest noch nicht einmal bemerkt, dass das Dach ein Loch hat. Da musste erst Eurmal kommen und es zeigen. Alles, was Dich interessiert, ist jagen, k\u00e4mpfen und pl\u00fcndern.\u201c<\/p>\n<p>Orlanth lag die ganze Nacht \u00fcber wach. Jetzt wusste er, wer f\u00fcr das Loch im Dach verantwortlich war. \u201eAls ob es da irgendeinen Zweifel g\u00e4be.\u201c, dachte er bei sich. Am n\u00e4chsten Morgen erhielt er die Hilfe von Yinkin, der mit seinen scharfen Augen Eurmals Spur aufnehmen konnte, denn dieser hatte sich in einem dunklen Loch versteckt. Er erhielt die Hilfe von Elmal, dessen leuchtender Schild das dunkle Loch erhellte, so dass er hineinsehen konnte. Und er erhielt die Hilfe von Urox, mit dessen gewaltiger St\u00e4rke er Eurmal aus dem Loch zog und auf das Dach setzte.<\/p>\n<p>Orlanth nahm darauf seine Speere und stach Eurmal genau \u00fcber dem Loch auf dem Dach fest, so dass es nicht hineinregnen konnte. Weil er fest gestochen war, konnte Eurmal nicht wie Yinkin davon gehen, wenn Elmal hinter Heler zur\u00fccktrat und es kein Sonnenlicht mehr gab, um sich darin zu w\u00e4rmen. Eurmal konnte auch nicht wie Elmal des Nachts davon gehen. Und er konnte nicht wie Urox das Chaos mit dem Winde sp\u00fcren und hinter rennen, um es zu bek\u00e4mpfen.<\/p>\n<p>Drunten in der Halle war es jedem trocken und warm. Ernalda wandte sich im Schlafgemach nicht l\u00e4nger von Orlanth ab. Orlanth und Ernalda waren verliebt und sie waren gl\u00fccklich.<\/p>\n<p>Der einzige, der nicht gl\u00fccklich war, war Eurmal. Er musste den ganzen Winter in K\u00e4lte und Regen auf dem Dach verbringen.<\/p>\n<hr \/>\n<h2 align=\"justify\">Hinweise<\/h2>\n<ul>\n<li>\u00a9 2001 Bruce Ferrie<\/li>\n<li>Aus dem Englischen von Robin Mitra \u00a9 2019 Humakt e.V.<\/li>\n<li><a href=\"https:\/\/www.humakt.com\/wp-content\/uploads\/2019\/03\/Wie-Orlanth-das-Loch-im-Dach-flickte.pdf\">Diese Seite als PDF anzeigen.<\/a><\/li>\n<\/ul>\n","protected":false},"excerpt":{"rendered":"<p>von Bruce Ferrie Nachdem Orlanth und Ernalda geheiratet hatten, brachte er seiner Frau viele Geschenke, so wie es alle jungen Ehem\u00e4nner tun. Er schenkte ihr den Gr\u00fcnen Korb des \u00dcberflusses, der stets aller G\u00e4ste Hunger stillte, gleich wie viele auch kamen. Er schenkte ihr den Kinderkessel, der jedem, der es mit einem angemessenen Opfer bedachte, &hellip; <\/p>\n<p class=\"link-more\"><a href=\"https:\/\/www.humakt.com\/gb\/glorantha\/mythen-legenden-und-lieder\/wie-orlanth-das-loch-im-dach-flickte-2\/\" class=\"more-link\">Continue reading<span class=\"screen-reader-text\"> &#8220;Wie Orlanth das Loch im Dach flickte&#8221;<\/span><\/a><\/p>\n","protected":false},"author":2,"featured_media":0,"parent":417,"menu_order":0,"comment_status":"closed","ping_status":"closed","template":"","meta":{"footnotes":""},"class_list":["post-479","page","type-page","status-publish","hentry"],"translation":{"provider":"WPGlobus","version":"3.0.2","language":"gb","enabled_languages":["de","gb"],"languages":{"de":{"title":true,"content":true,"excerpt":false},"gb":{"title":false,"content":false,"excerpt":false}}},"yoast_head":"<!-- This site is optimized with the Yoast SEO plugin v27.4 - https:\/\/yoast.com\/product\/yoast-seo-wordpress\/ -->\n<title>Wie Orlanth das Loch im Dach flickte - Humakt e.V.<\/title>\n<meta name=\"robots\" content=\"index, follow, max-snippet:-1, max-image-preview:large, max-video-preview:-1\" \/>\n<link rel=\"canonical\" href=\"https:\/\/www.humakt.com\/glorantha\/mythen-legenden-und-lieder\/wie-orlanth-das-loch-im-dach-flickte-2\/\" \/>\n<meta property=\"og:locale\" content=\"en_GB\" \/>\n<meta property=\"og:type\" content=\"article\" \/>\n<meta property=\"og:title\" content=\"Wie Orlanth das Loch im Dach flickte - Humakt e.V.\" \/>\n<meta property=\"og:url\" content=\"https:\/\/www.humakt.com\/glorantha\/mythen-legenden-und-lieder\/wie-orlanth-das-loch-im-dach-flickte-2\/\" \/>\n<meta property=\"og:site_name\" content=\"Humakt e.V.\" \/>\n<meta property=\"article:modified_time\" content=\"2019-03-22T21:24:31+00:00\" \/>\n<meta name=\"twitter:card\" content=\"summary_large_image\" \/>\n<meta name=\"twitter:label1\" content=\"Est. reading time\" \/>\n\t<meta name=\"twitter:data1\" content=\"7 minutes\" \/>\n<script type=\"application\/ld+json\" class=\"yoast-schema-graph\">{\"@context\":\"https:\\\/\\\/schema.org\",\"@graph\":[{\"@type\":\"WebPage\",\"@id\":\"https:\\\/\\\/www.humakt.com\\\/glorantha\\\/mythen-legenden-und-lieder\\\/wie-orlanth-das-loch-im-dach-flickte-2\\\/\",\"url\":\"https:\\\/\\\/www.humakt.com\\\/glorantha\\\/mythen-legenden-und-lieder\\\/wie-orlanth-das-loch-im-dach-flickte-2\\\/\",\"name\":\"Wie Orlanth das Loch im Dach flickte - Humakt e.V.\",\"isPartOf\":{\"@id\":\"https:\\\/\\\/www.humakt.com\\\/#website\"},\"datePublished\":\"2019-03-22T20:30:07+00:00\",\"dateModified\":\"2019-03-22T21:24:31+00:00\",\"breadcrumb\":{\"@id\":\"https:\\\/\\\/www.humakt.com\\\/glorantha\\\/mythen-legenden-und-lieder\\\/wie-orlanth-das-loch-im-dach-flickte-2\\\/#breadcrumb\"},\"inLanguage\":\"en-GB\",\"potentialAction\":[{\"@type\":\"ReadAction\",\"target\":[\"https:\\\/\\\/www.humakt.com\\\/glorantha\\\/mythen-legenden-und-lieder\\\/wie-orlanth-das-loch-im-dach-flickte-2\\\/\"]}]},{\"@type\":\"BreadcrumbList\",\"@id\":\"https:\\\/\\\/www.humakt.com\\\/glorantha\\\/mythen-legenden-und-lieder\\\/wie-orlanth-das-loch-im-dach-flickte-2\\\/#breadcrumb\",\"itemListElement\":[{\"@type\":\"ListItem\",\"position\":1,\"name\":\"Startseite\",\"item\":\"https:\\\/\\\/www.humakt.com\\\/\"},{\"@type\":\"ListItem\",\"position\":2,\"name\":\"Glorantha\",\"item\":\"https:\\\/\\\/www.humakt.com\\\/glorantha\\\/\"},{\"@type\":\"ListItem\",\"position\":3,\"name\":\"Mythen, Legenden und Lieder\",\"item\":\"https:\\\/\\\/www.humakt.com\\\/glorantha\\\/mythen-legenden-und-lieder\\\/\"},{\"@type\":\"ListItem\",\"position\":4,\"name\":\"Wie Orlanth das Loch im Dach flickte\"}]},{\"@type\":\"WebSite\",\"@id\":\"https:\\\/\\\/www.humakt.com\\\/#website\",\"url\":\"https:\\\/\\\/www.humakt.com\\\/\",\"name\":\"Humakt e.V.\",\"description\":\"\",\"publisher\":{\"@id\":\"https:\\\/\\\/www.humakt.com\\\/#organization\"},\"potentialAction\":[{\"@type\":\"SearchAction\",\"target\":{\"@type\":\"EntryPoint\",\"urlTemplate\":\"https:\\\/\\\/www.humakt.com\\\/?s={search_term_string}\"},\"query-input\":{\"@type\":\"PropertyValueSpecification\",\"valueRequired\":true,\"valueName\":\"search_term_string\"}}],\"inLanguage\":\"en-GB\"},{\"@type\":\"Organization\",\"@id\":\"https:\\\/\\\/www.humakt.com\\\/#organization\",\"name\":\"Humakt e.V.\",\"url\":\"https:\\\/\\\/www.humakt.com\\\/\",\"logo\":{\"@type\":\"ImageObject\",\"inLanguage\":\"en-GB\",\"@id\":\"https:\\\/\\\/www.humakt.com\\\/#\\\/schema\\\/logo\\\/image\\\/\",\"url\":\"https:\\\/\\\/www.humakt.com\\\/wp-content\\\/uploads\\\/2023\\\/12\\\/cropped-Humakt-eV-Logo-mit-Titel-weiss-1.png\",\"contentUrl\":\"https:\\\/\\\/www.humakt.com\\\/wp-content\\\/uploads\\\/2023\\\/12\\\/cropped-Humakt-eV-Logo-mit-Titel-weiss-1.png\",\"width\":166,\"height\":250,\"caption\":\"Humakt e.V.\"},\"image\":{\"@id\":\"https:\\\/\\\/www.humakt.com\\\/#\\\/schema\\\/logo\\\/image\\\/\"}}]}<\/script>\n<!-- \/ Yoast SEO plugin. -->","yoast_head_json":{"title":"Wie Orlanth das Loch im Dach flickte - Humakt e.V.","robots":{"index":"index","follow":"follow","max-snippet":"max-snippet:-1","max-image-preview":"max-image-preview:large","max-video-preview":"max-video-preview:-1"},"canonical":"https:\/\/www.humakt.com\/glorantha\/mythen-legenden-und-lieder\/wie-orlanth-das-loch-im-dach-flickte-2\/","og_locale":"en_GB","og_type":"article","og_title":"Wie Orlanth das Loch im Dach flickte - Humakt e.V.","og_url":"https:\/\/www.humakt.com\/glorantha\/mythen-legenden-und-lieder\/wie-orlanth-das-loch-im-dach-flickte-2\/","og_site_name":"Humakt e.V.","article_modified_time":"2019-03-22T21:24:31+00:00","twitter_card":"summary_large_image","twitter_misc":{"Est. reading time":"7 minutes"},"schema":{"@context":"https:\/\/schema.org","@graph":[{"@type":"WebPage","@id":"https:\/\/www.humakt.com\/glorantha\/mythen-legenden-und-lieder\/wie-orlanth-das-loch-im-dach-flickte-2\/","url":"https:\/\/www.humakt.com\/glorantha\/mythen-legenden-und-lieder\/wie-orlanth-das-loch-im-dach-flickte-2\/","name":"Wie Orlanth das Loch im Dach flickte - Humakt e.V.","isPartOf":{"@id":"https:\/\/www.humakt.com\/#website"},"datePublished":"2019-03-22T20:30:07+00:00","dateModified":"2019-03-22T21:24:31+00:00","breadcrumb":{"@id":"https:\/\/www.humakt.com\/glorantha\/mythen-legenden-und-lieder\/wie-orlanth-das-loch-im-dach-flickte-2\/#breadcrumb"},"inLanguage":"en-GB","potentialAction":[{"@type":"ReadAction","target":["https:\/\/www.humakt.com\/glorantha\/mythen-legenden-und-lieder\/wie-orlanth-das-loch-im-dach-flickte-2\/"]}]},{"@type":"BreadcrumbList","@id":"https:\/\/www.humakt.com\/glorantha\/mythen-legenden-und-lieder\/wie-orlanth-das-loch-im-dach-flickte-2\/#breadcrumb","itemListElement":[{"@type":"ListItem","position":1,"name":"Startseite","item":"https:\/\/www.humakt.com\/"},{"@type":"ListItem","position":2,"name":"Glorantha","item":"https:\/\/www.humakt.com\/glorantha\/"},{"@type":"ListItem","position":3,"name":"Mythen, Legenden und Lieder","item":"https:\/\/www.humakt.com\/glorantha\/mythen-legenden-und-lieder\/"},{"@type":"ListItem","position":4,"name":"Wie Orlanth das Loch im Dach flickte"}]},{"@type":"WebSite","@id":"https:\/\/www.humakt.com\/#website","url":"https:\/\/www.humakt.com\/","name":"Humakt e.V.","description":"","publisher":{"@id":"https:\/\/www.humakt.com\/#organization"},"potentialAction":[{"@type":"SearchAction","target":{"@type":"EntryPoint","urlTemplate":"https:\/\/www.humakt.com\/?s={search_term_string}"},"query-input":{"@type":"PropertyValueSpecification","valueRequired":true,"valueName":"search_term_string"}}],"inLanguage":"en-GB"},{"@type":"Organization","@id":"https:\/\/www.humakt.com\/#organization","name":"Humakt e.V.","url":"https:\/\/www.humakt.com\/","logo":{"@type":"ImageObject","inLanguage":"en-GB","@id":"https:\/\/www.humakt.com\/#\/schema\/logo\/image\/","url":"https:\/\/www.humakt.com\/wp-content\/uploads\/2023\/12\/cropped-Humakt-eV-Logo-mit-Titel-weiss-1.png","contentUrl":"https:\/\/www.humakt.com\/wp-content\/uploads\/2023\/12\/cropped-Humakt-eV-Logo-mit-Titel-weiss-1.png","width":166,"height":250,"caption":"Humakt e.V."},"image":{"@id":"https:\/\/www.humakt.com\/#\/schema\/logo\/image\/"}}]}},"_links":{"self":[{"href":"https:\/\/www.humakt.com\/gb\/wp-json\/wp\/v2\/pages\/479","targetHints":{"allow":["GET"]}}],"collection":[{"href":"https:\/\/www.humakt.com\/gb\/wp-json\/wp\/v2\/pages"}],"about":[{"href":"https:\/\/www.humakt.com\/gb\/wp-json\/wp\/v2\/types\/page"}],"author":[{"embeddable":true,"href":"https:\/\/www.humakt.com\/gb\/wp-json\/wp\/v2\/users\/2"}],"replies":[{"embeddable":true,"href":"https:\/\/www.humakt.com\/gb\/wp-json\/wp\/v2\/comments?post=479"}],"version-history":[{"count":2,"href":"https:\/\/www.humakt.com\/gb\/wp-json\/wp\/v2\/pages\/479\/revisions"}],"predecessor-version":[{"id":481,"href":"https:\/\/www.humakt.com\/gb\/wp-json\/wp\/v2\/pages\/479\/revisions\/481"}],"up":[{"embeddable":true,"href":"https:\/\/www.humakt.com\/gb\/wp-json\/wp\/v2\/pages\/417"}],"wp:attachment":[{"href":"https:\/\/www.humakt.com\/gb\/wp-json\/wp\/v2\/media?parent=479"}],"curies":[{"name":"wp","href":"https:\/\/api.w.org\/{rel}","templated":true}]}}