{"id":475,"date":"2019-03-22T21:23:29","date_gmt":"2019-03-22T20:23:29","guid":{"rendered":"http:\/\/www.humakt.com\/?page_id=475"},"modified":"2019-08-16T20:55:40","modified_gmt":"2019-08-16T19:55:40","slug":"wie-chalana-arroy-die-motte-verbrannte-2","status":"publish","type":"page","link":"https:\/\/www.humakt.com\/gb\/glorantha\/mythen-legenden-und-lieder\/wie-chalana-arroy-die-motte-verbrannte-2\/","title":{"rendered":"Wie Chalana Arroy die Motte verbrannte"},"content":{"rendered":"<h3>von Robin Mitra<\/h3>\n<p>Im Gr\u00fcnen Zeitalter lag Glorantha noch in Frieden. Chalana Arroy lebte in einem kleinen Haus in der bl\u00fchenden Wildnis. Sie war bereits ber\u00fchmt f\u00fcr ihre F\u00e4higkeit Wunden zu heilen, auch wenn sie damals noch nicht so viel tun hatte. Sp\u00e4ter, nachdem die G\u00f6tterkriege begonnen hatten, war sie st\u00e4ndig unterwegs und rettete G\u00f6ttern und Sterblichen das Leben. Doch im Gr\u00fcnen Zeitalter war die die Welt noch friedlicher. Viele G\u00f6tter kamen damals zu ihr, um ihren Rat einzuholen, und viele Tiere lebten nahe ihres Hauses.<\/p>\n<p>Eines Tages verflog sich eine Motte, die damals noch ausschlie\u00dflich in der Unterwelt lebten. Durch Schicksal oder Gl\u00fcck kam sie dabei bis zur oberen Welt. Die Motte mochte diesen neuen Ort, und insbesondere mochte sie die Blumen und Pflanzen. Allerdings war die Sonne so hell und hei\u00df, dass die kleine Motte sie nicht ertragen konnte. Deshalb flog sie in der Gegend herum auf der Suche nach einem schattigen Pl\u00e4tzchen. Schlie\u00dflich kam sie an Chalana Arroys H\u00fctte und versteckte sich dort unter dem Dach.<\/p>\n<p>Bald darauf musste die Barmherzige auf ihren Dachboden gehen. Sie nahm eine Kerze und ging die Treppe nach oben. Doch, oh Weh! Welch ein Ungl\u00fcck! Noch bevor sie die Motte sehen konnte, kam die Heilerin der Motte mit der Kerze zu nahe und die Fl\u00fcgel fingen sofort Feuer und brannten lichterloh.<\/p>\n<p><img loading=\"lazy\" decoding=\"async\" class=\"alignright wp-image-657\" src=\"https:\/\/www.humakt.com\/wp-content\/uploads\/2019\/08\/moth-2769682_1280-white-Dawn-McKibbin-from-Pixabay-300x233.png\" alt=\"Motte\" width=\"400\" height=\"311\" srcset=\"https:\/\/www.humakt.com\/wp-content\/uploads\/2019\/08\/moth-2769682_1280-white-Dawn-McKibbin-from-Pixabay-300x233.png 300w, https:\/\/www.humakt.com\/wp-content\/uploads\/2019\/08\/moth-2769682_1280-white-Dawn-McKibbin-from-Pixabay-768x596.png 768w, https:\/\/www.humakt.com\/wp-content\/uploads\/2019\/08\/moth-2769682_1280-white-Dawn-McKibbin-from-Pixabay-1024x795.png 1024w, https:\/\/www.humakt.com\/wp-content\/uploads\/2019\/08\/moth-2769682_1280-white-Dawn-McKibbin-from-Pixabay.png 1280w\" sizes=\"auto, (max-width: 400px) 100vw, 400px\" \/>Die Wei\u00dfe Dame war geschockt, als sie sah, was sie getan hatte. Sie, die in ihrem ganzen Leben noch nie ein Lebewesen verletzt hatte. Doch sie verzagte nicht, da sie wusste, sie k\u00f6nne alles heilen, was der Heilung bedurfte. Doch in diesem Falle war es nicht einfach, denn sie hatte die kleine Motte nie zuvor gesehen, und auch die Br\u00fcder und Schwestern der Motte waren der Gro\u00dfen Heilerin unbekannt. So wusste sie nicht, wie die Fl\u00fcgel ausgesehen hatten, bevor sie verbrannt waren. Doch sie wusste eines: wenn sie nicht so schnell wie m\u00f6glich handelte, w\u00fcrde ihr Patient sterben.<\/p>\n<p>So ging sie hinaus in ihren Garten und fragte ihre Blumen, ob sie ihr helfen w\u00fcrden die Motte zu retten. Die Blumen liebten die Wei\u00dfe Dame und waren froh sie unterst\u00fctzen zu k\u00f6nnen. So lie\u00dfen sie einige ihrer sch\u00f6nsten Bl\u00fctenbl\u00e4tter fallen. Chalana Arroy nahm sie auf und benutzte sie, um aus den Bl\u00fcten neue Fl\u00fcgel f\u00fcr die Motte zu formen.<\/p>\n<p>Die kleine Motte war sehr gl\u00fccklich und flog sofort zu allen Blumen, die ihr geholfen hatten, um ihnen zu danken. Seit je her verbindet die Motte und die Blumen eine enge Freundschaft, und die Motte kann oft beobachtet werden, wie sie ihre Freunde besucht und sich auf ihren Bl\u00fcten niederl\u00e4sst.<\/p>\n<p>Sehr viel sp\u00e4ter, lange nach diesem Ereignis, erhielt die kleine Motte den Namen Schmetterling, wegen ihrer Vorliebe f\u00fcr Butter und Sahne. Aber das ist eine andere Geschichte, die ein anderes Mal erz\u00e4hlt wird.<\/p>\n<p>Auch mit Challana Arroy hat die Motte seither eine besondere Beziehung. Um sich f\u00fcr ihre Rettung erkenntlich zu zeigen, fliegt sie manchmal als Botin f\u00fcr die Wei\u00dfe Dame. Wenn jemand in einer ausweglosen Situation ist und dringend die Hilfe der Barmherzigen ben\u00f6tigt, kann es ihm passieren, dass ihm ein Schmetterling begegnet. Wenn derjenige den Schmetterling f\u00e4ngt aber ihm kein Leid antut, sondern wieder frei l\u00e4sst, dann fliegt der Schmetterling zu Chalana Arroy, um ihr davon zu berichten.<\/p>\n<p>Schon bald bemerkte der Schmetterling gewisse Ver\u00e4nderungen. Die Sonnenstrahlen konnten ihr nichts mehr anhaben. Im Gegenteil f\u00fchlte sich die W\u00e4rme wohl an und es bereitet ihr viel Freude in der Sonne zu liegen und die Fl\u00fcgel auszubreiten. Sp\u00e4ter jedoch, als die Gro\u00dfe Finsternis \u00fcber die Welt hereinbrach, konnte der Schmetterling pl\u00f6tzlich die Fl\u00fcgel nicht mehr \u00f6ffnen. Fast w\u00e4re sie in der Finsternis umgekommen, wenn die Barmherzige ihr nicht wieder beigestanden h\u00e4tte. Seit dem Anbeginn der Zeit, seitdem sich nun t\u00e4glich Licht und Dunkelheit abwechseln, macht der Schmetterling es genauso wie seine Freunde die Blumen. Solange die Sonne scheint, kann der Schmetterling die Fl\u00fcgel spreizen und fliegen, doch wenn die Dunkelheit hereinbricht, faltet der Schmetterling seine Fl\u00fcgel zusammen und legt sich schlafen.<\/p>\n<p>Mit der Gro\u00dfen Finsternis fanden aber auch noch andere Motten ihren Weg in die obere Welt. Die neu angekommenen Motten und ihre bereits heimisch gewordenen Verwandten erkannten sich gegenseitig. Manche der Motten wollten ihren bunten und sch\u00f6nen Geschwistern sogar nacheifern. Selbst heutzutage ist dies noch so. Wenn die Motten irgendwo ein Feuer sehen, fliegen sie direkt hinein, in der Hoffnung von der Wei\u00dfen Dame gerettet und mit neuen Fl\u00fcgeln ausgestattet zu werden. Doch seit die G\u00f6tter den Gro\u00dfen Kompromiss besiegelten, um Tag und Nacht einzuf\u00fchren und damit die ganze Welt zu retten, ist es Chalana Arroy unm\u00f6glich direkt in das Geschehen der Welt einzugreifen. Und so fliegen die jungen Motten jedes Mal in den eignen Tod.<\/p>\n<hr \/>\n<h2>Hinweise<\/h2>\n<ul>\n<li>Robin Mitra \u00a9 2019 Humakt e.V.<\/li>\n<li>Bild: <a href=\"https:\/\/pixabay.com\/vectors\/moth-insect-fly-wing-summer-2769682\/\">Spottedfins<\/a><\/li>\n<li><a href=\"https:\/\/www.humakt.com\/wp-content\/uploads\/2019\/03\/Wie-Chalana-Arroy-die-Motte-verbrannte.pdf\">Diese Seite als PDF anzeigen.<\/a><\/li>\n<\/ul>\n","protected":false},"excerpt":{"rendered":"<p>von Robin Mitra Im Gr\u00fcnen Zeitalter lag Glorantha noch in Frieden. Chalana Arroy lebte in einem kleinen Haus in der bl\u00fchenden Wildnis. Sie war bereits ber\u00fchmt f\u00fcr ihre F\u00e4higkeit Wunden zu heilen, auch wenn sie damals noch nicht so viel tun hatte. Sp\u00e4ter, nachdem die G\u00f6tterkriege begonnen hatten, war sie st\u00e4ndig unterwegs und rettete G\u00f6ttern &hellip; <\/p>\n<p class=\"link-more\"><a href=\"https:\/\/www.humakt.com\/gb\/glorantha\/mythen-legenden-und-lieder\/wie-chalana-arroy-die-motte-verbrannte-2\/\" class=\"more-link\">Continue reading<span class=\"screen-reader-text\"> &#8220;Wie Chalana Arroy die Motte verbrannte&#8221;<\/span><\/a><\/p>\n","protected":false},"author":2,"featured_media":0,"parent":417,"menu_order":0,"comment_status":"closed","ping_status":"closed","template":"","meta":{"footnotes":""},"class_list":["post-475","page","type-page","status-publish","hentry"],"translation":{"provider":"WPGlobus","version":"3.0.2","language":"gb","enabled_languages":["de","gb"],"languages":{"de":{"title":true,"content":true,"excerpt":false},"gb":{"title":false,"content":false,"excerpt":false}}},"yoast_head":"<!-- This site is optimized with the Yoast SEO plugin v27.4 - https:\/\/yoast.com\/product\/yoast-seo-wordpress\/ -->\n<title>Wie Chalana Arroy die Motte verbrannte - Humakt e.V.<\/title>\n<meta name=\"robots\" content=\"index, follow, max-snippet:-1, max-image-preview:large, max-video-preview:-1\" \/>\n<link rel=\"canonical\" href=\"https:\/\/www.humakt.com\/en\/glorantha\/mythen-legenden-und-lieder\/wie-chalana-arroy-die-motte-verbrannte-2\/\" \/>\n<meta property=\"og:locale\" content=\"en_GB\" \/>\n<meta property=\"og:type\" content=\"article\" \/>\n<meta property=\"og:title\" content=\"Wie Chalana Arroy die Motte verbrannte - Humakt e.V.\" \/>\n<meta property=\"og:url\" content=\"https:\/\/www.humakt.com\/en\/glorantha\/mythen-legenden-und-lieder\/wie-chalana-arroy-die-motte-verbrannte-2\/\" \/>\n<meta property=\"og:site_name\" content=\"Humakt e.V.\" \/>\n<meta property=\"article:modified_time\" content=\"2019-08-16T19:55:40+00:00\" \/>\n<meta property=\"og:image\" content=\"https:\/\/www.humakt.com\/wp-content\/uploads\/2019\/08\/moth-2769682_1280-white-Dawn-McKibbin-from-Pixabay-300x233.png\" \/>\n<meta name=\"twitter:card\" content=\"summary_large_image\" \/>\n<meta name=\"twitter:label1\" content=\"Est. reading time\" \/>\n\t<meta name=\"twitter:data1\" content=\"4 minutes\" \/>\n<script type=\"application\/ld+json\" class=\"yoast-schema-graph\">{\"@context\":\"https:\\\/\\\/schema.org\",\"@graph\":[{\"@type\":\"WebPage\",\"@id\":\"https:\\\/\\\/www.humakt.com\\\/en\\\/glorantha\\\/mythen-legenden-und-lieder\\\/wie-chalana-arroy-die-motte-verbrannte-2\\\/\",\"url\":\"https:\\\/\\\/www.humakt.com\\\/en\\\/glorantha\\\/mythen-legenden-und-lieder\\\/wie-chalana-arroy-die-motte-verbrannte-2\\\/\",\"name\":\"Wie Chalana Arroy die Motte verbrannte - Humakt e.V.\",\"isPartOf\":{\"@id\":\"https:\\\/\\\/www.humakt.com\\\/#website\"},\"primaryImageOfPage\":{\"@id\":\"https:\\\/\\\/www.humakt.com\\\/en\\\/glorantha\\\/mythen-legenden-und-lieder\\\/wie-chalana-arroy-die-motte-verbrannte-2\\\/#primaryimage\"},\"image\":{\"@id\":\"https:\\\/\\\/www.humakt.com\\\/en\\\/glorantha\\\/mythen-legenden-und-lieder\\\/wie-chalana-arroy-die-motte-verbrannte-2\\\/#primaryimage\"},\"thumbnailUrl\":\"https:\\\/\\\/www.humakt.com\\\/wp-content\\\/uploads\\\/2019\\\/08\\\/moth-2769682_1280-white-Dawn-McKibbin-from-Pixabay-300x233.png\",\"datePublished\":\"2019-03-22T20:23:29+00:00\",\"dateModified\":\"2019-08-16T19:55:40+00:00\",\"breadcrumb\":{\"@id\":\"https:\\\/\\\/www.humakt.com\\\/en\\\/glorantha\\\/mythen-legenden-und-lieder\\\/wie-chalana-arroy-die-motte-verbrannte-2\\\/#breadcrumb\"},\"inLanguage\":\"en-GB\",\"potentialAction\":[{\"@type\":\"ReadAction\",\"target\":[\"https:\\\/\\\/www.humakt.com\\\/en\\\/glorantha\\\/mythen-legenden-und-lieder\\\/wie-chalana-arroy-die-motte-verbrannte-2\\\/\"]}]},{\"@type\":\"ImageObject\",\"inLanguage\":\"en-GB\",\"@id\":\"https:\\\/\\\/www.humakt.com\\\/en\\\/glorantha\\\/mythen-legenden-und-lieder\\\/wie-chalana-arroy-die-motte-verbrannte-2\\\/#primaryimage\",\"url\":\"https:\\\/\\\/www.humakt.com\\\/wp-content\\\/uploads\\\/2019\\\/08\\\/moth-2769682_1280-white-Dawn-McKibbin-from-Pixabay-300x233.png\",\"contentUrl\":\"https:\\\/\\\/www.humakt.com\\\/wp-content\\\/uploads\\\/2019\\\/08\\\/moth-2769682_1280-white-Dawn-McKibbin-from-Pixabay-300x233.png\"},{\"@type\":\"BreadcrumbList\",\"@id\":\"https:\\\/\\\/www.humakt.com\\\/en\\\/glorantha\\\/mythen-legenden-und-lieder\\\/wie-chalana-arroy-die-motte-verbrannte-2\\\/#breadcrumb\",\"itemListElement\":[{\"@type\":\"ListItem\",\"position\":1,\"name\":\"Startseite\",\"item\":\"https:\\\/\\\/www.humakt.com\\\/\"},{\"@type\":\"ListItem\",\"position\":2,\"name\":\"Glorantha\",\"item\":\"https:\\\/\\\/www.humakt.com\\\/glorantha\\\/\"},{\"@type\":\"ListItem\",\"position\":3,\"name\":\"Mythen, Legenden und Lieder\",\"item\":\"https:\\\/\\\/www.humakt.com\\\/glorantha\\\/mythen-legenden-und-lieder\\\/\"},{\"@type\":\"ListItem\",\"position\":4,\"name\":\"Wie Chalana Arroy die Motte verbrannte\"}]},{\"@type\":\"WebSite\",\"@id\":\"https:\\\/\\\/www.humakt.com\\\/#website\",\"url\":\"https:\\\/\\\/www.humakt.com\\\/\",\"name\":\"Humakt e.V.\",\"description\":\"\",\"publisher\":{\"@id\":\"https:\\\/\\\/www.humakt.com\\\/#organization\"},\"potentialAction\":[{\"@type\":\"SearchAction\",\"target\":{\"@type\":\"EntryPoint\",\"urlTemplate\":\"https:\\\/\\\/www.humakt.com\\\/?s={search_term_string}\"},\"query-input\":{\"@type\":\"PropertyValueSpecification\",\"valueRequired\":true,\"valueName\":\"search_term_string\"}}],\"inLanguage\":\"en-GB\"},{\"@type\":\"Organization\",\"@id\":\"https:\\\/\\\/www.humakt.com\\\/#organization\",\"name\":\"Humakt e.V.\",\"url\":\"https:\\\/\\\/www.humakt.com\\\/\",\"logo\":{\"@type\":\"ImageObject\",\"inLanguage\":\"en-GB\",\"@id\":\"https:\\\/\\\/www.humakt.com\\\/#\\\/schema\\\/logo\\\/image\\\/\",\"url\":\"https:\\\/\\\/www.humakt.com\\\/wp-content\\\/uploads\\\/2023\\\/12\\\/cropped-Humakt-eV-Logo-mit-Titel-weiss-1.png\",\"contentUrl\":\"https:\\\/\\\/www.humakt.com\\\/wp-content\\\/uploads\\\/2023\\\/12\\\/cropped-Humakt-eV-Logo-mit-Titel-weiss-1.png\",\"width\":166,\"height\":250,\"caption\":\"Humakt e.V.\"},\"image\":{\"@id\":\"https:\\\/\\\/www.humakt.com\\\/#\\\/schema\\\/logo\\\/image\\\/\"}}]}<\/script>\n<!-- \/ Yoast SEO plugin. -->","yoast_head_json":{"title":"Wie Chalana Arroy die Motte verbrannte - Humakt e.V.","robots":{"index":"index","follow":"follow","max-snippet":"max-snippet:-1","max-image-preview":"max-image-preview:large","max-video-preview":"max-video-preview:-1"},"canonical":"https:\/\/www.humakt.com\/en\/glorantha\/mythen-legenden-und-lieder\/wie-chalana-arroy-die-motte-verbrannte-2\/","og_locale":"en_GB","og_type":"article","og_title":"Wie Chalana Arroy die Motte verbrannte - Humakt e.V.","og_url":"https:\/\/www.humakt.com\/en\/glorantha\/mythen-legenden-und-lieder\/wie-chalana-arroy-die-motte-verbrannte-2\/","og_site_name":"Humakt e.V.","article_modified_time":"2019-08-16T19:55:40+00:00","og_image":[{"url":"https:\/\/www.humakt.com\/wp-content\/uploads\/2019\/08\/moth-2769682_1280-white-Dawn-McKibbin-from-Pixabay-300x233.png","type":"","width":"","height":""}],"twitter_card":"summary_large_image","twitter_misc":{"Est. reading time":"4 minutes"},"schema":{"@context":"https:\/\/schema.org","@graph":[{"@type":"WebPage","@id":"https:\/\/www.humakt.com\/en\/glorantha\/mythen-legenden-und-lieder\/wie-chalana-arroy-die-motte-verbrannte-2\/","url":"https:\/\/www.humakt.com\/en\/glorantha\/mythen-legenden-und-lieder\/wie-chalana-arroy-die-motte-verbrannte-2\/","name":"Wie Chalana Arroy die Motte verbrannte - Humakt e.V.","isPartOf":{"@id":"https:\/\/www.humakt.com\/#website"},"primaryImageOfPage":{"@id":"https:\/\/www.humakt.com\/en\/glorantha\/mythen-legenden-und-lieder\/wie-chalana-arroy-die-motte-verbrannte-2\/#primaryimage"},"image":{"@id":"https:\/\/www.humakt.com\/en\/glorantha\/mythen-legenden-und-lieder\/wie-chalana-arroy-die-motte-verbrannte-2\/#primaryimage"},"thumbnailUrl":"https:\/\/www.humakt.com\/wp-content\/uploads\/2019\/08\/moth-2769682_1280-white-Dawn-McKibbin-from-Pixabay-300x233.png","datePublished":"2019-03-22T20:23:29+00:00","dateModified":"2019-08-16T19:55:40+00:00","breadcrumb":{"@id":"https:\/\/www.humakt.com\/en\/glorantha\/mythen-legenden-und-lieder\/wie-chalana-arroy-die-motte-verbrannte-2\/#breadcrumb"},"inLanguage":"en-GB","potentialAction":[{"@type":"ReadAction","target":["https:\/\/www.humakt.com\/en\/glorantha\/mythen-legenden-und-lieder\/wie-chalana-arroy-die-motte-verbrannte-2\/"]}]},{"@type":"ImageObject","inLanguage":"en-GB","@id":"https:\/\/www.humakt.com\/en\/glorantha\/mythen-legenden-und-lieder\/wie-chalana-arroy-die-motte-verbrannte-2\/#primaryimage","url":"https:\/\/www.humakt.com\/wp-content\/uploads\/2019\/08\/moth-2769682_1280-white-Dawn-McKibbin-from-Pixabay-300x233.png","contentUrl":"https:\/\/www.humakt.com\/wp-content\/uploads\/2019\/08\/moth-2769682_1280-white-Dawn-McKibbin-from-Pixabay-300x233.png"},{"@type":"BreadcrumbList","@id":"https:\/\/www.humakt.com\/en\/glorantha\/mythen-legenden-und-lieder\/wie-chalana-arroy-die-motte-verbrannte-2\/#breadcrumb","itemListElement":[{"@type":"ListItem","position":1,"name":"Startseite","item":"https:\/\/www.humakt.com\/"},{"@type":"ListItem","position":2,"name":"Glorantha","item":"https:\/\/www.humakt.com\/glorantha\/"},{"@type":"ListItem","position":3,"name":"Mythen, Legenden und Lieder","item":"https:\/\/www.humakt.com\/glorantha\/mythen-legenden-und-lieder\/"},{"@type":"ListItem","position":4,"name":"Wie Chalana Arroy die Motte verbrannte"}]},{"@type":"WebSite","@id":"https:\/\/www.humakt.com\/#website","url":"https:\/\/www.humakt.com\/","name":"Humakt e.V.","description":"","publisher":{"@id":"https:\/\/www.humakt.com\/#organization"},"potentialAction":[{"@type":"SearchAction","target":{"@type":"EntryPoint","urlTemplate":"https:\/\/www.humakt.com\/?s={search_term_string}"},"query-input":{"@type":"PropertyValueSpecification","valueRequired":true,"valueName":"search_term_string"}}],"inLanguage":"en-GB"},{"@type":"Organization","@id":"https:\/\/www.humakt.com\/#organization","name":"Humakt e.V.","url":"https:\/\/www.humakt.com\/","logo":{"@type":"ImageObject","inLanguage":"en-GB","@id":"https:\/\/www.humakt.com\/#\/schema\/logo\/image\/","url":"https:\/\/www.humakt.com\/wp-content\/uploads\/2023\/12\/cropped-Humakt-eV-Logo-mit-Titel-weiss-1.png","contentUrl":"https:\/\/www.humakt.com\/wp-content\/uploads\/2023\/12\/cropped-Humakt-eV-Logo-mit-Titel-weiss-1.png","width":166,"height":250,"caption":"Humakt e.V."},"image":{"@id":"https:\/\/www.humakt.com\/#\/schema\/logo\/image\/"}}]}},"_links":{"self":[{"href":"https:\/\/www.humakt.com\/gb\/wp-json\/wp\/v2\/pages\/475","targetHints":{"allow":["GET"]}}],"collection":[{"href":"https:\/\/www.humakt.com\/gb\/wp-json\/wp\/v2\/pages"}],"about":[{"href":"https:\/\/www.humakt.com\/gb\/wp-json\/wp\/v2\/types\/page"}],"author":[{"embeddable":true,"href":"https:\/\/www.humakt.com\/gb\/wp-json\/wp\/v2\/users\/2"}],"replies":[{"embeddable":true,"href":"https:\/\/www.humakt.com\/gb\/wp-json\/wp\/v2\/comments?post=475"}],"version-history":[{"count":4,"href":"https:\/\/www.humakt.com\/gb\/wp-json\/wp\/v2\/pages\/475\/revisions"}],"predecessor-version":[{"id":660,"href":"https:\/\/www.humakt.com\/gb\/wp-json\/wp\/v2\/pages\/475\/revisions\/660"}],"up":[{"embeddable":true,"href":"https:\/\/www.humakt.com\/gb\/wp-json\/wp\/v2\/pages\/417"}],"wp:attachment":[{"href":"https:\/\/www.humakt.com\/gb\/wp-json\/wp\/v2\/media?parent=475"}],"curies":[{"name":"wp","href":"https:\/\/api.w.org\/{rel}","templated":true}]}}