{"id":467,"date":"2019-03-22T21:13:39","date_gmt":"2019-03-22T20:13:39","guid":{"rendered":"http:\/\/www.humakt.com\/?page_id=467"},"modified":"2019-03-22T22:23:13","modified_gmt":"2019-03-22T21:23:13","slug":"wie-bruder-hund-zu-findelkind-kam-2","status":"publish","type":"page","link":"https:\/\/www.humakt.com\/gb\/glorantha\/mythen-legenden-und-lieder\/wie-bruder-hund-zu-findelkind-kam-2\/","title":{"rendered":"Wie Bruder Hund zu Findelkind kam"},"content":{"rendered":"<h3>von Oliver D. Bernuetz<\/h3>\n<p>Es war w\u00e4hrend der Gro\u00dfen Finsternis, als die Sonne nirgends zu sehen war. Alle waren hungrig, doch niemand konnte etwas Essbares finden. Herdmutter hatte eine Gruppe Menschen um sich versammelt und ern\u00e4hrte sie mit Hoffnung und Magie. Doch dies war nicht genug.<\/p>\n<p>Dann fand sie ein schreiendes G\u00f6tterbaby in der Wildnis und gab ihm drei Mahlzeiten. Nach dem ersten Mahl war es ein Kind. Nach dem zweiten Mahl war es ein Mann. Und nach dem dritten Mahl war es ein J\u00e4ger. Doch selbst das Findelkind konnte nichts Essbares finden.<\/p>\n<p>Pl\u00f6tzlich kam das Eichh\u00f6rnchen daher. Es sagte zu Findelkind, dass es wisse, wo es Essen g\u00e4be. Eichh\u00f6rnchen f\u00fchrte Findelkind zu dem Ort der finstersten Finsternis, wo sich Kannibale mit seinem Essen versteckt hielt. Findelkind wandte sich angewidert ab, doch Eichh\u00f6rnchen sprach zu ihm: \u201eBlick in die Augen von Kannibales Essen. Du wirst sehen, dass einigen von ihnen das gewisse Leuchten in den Augen fehlt. Such Dir genau diese heraus. Du kannst sie ohne Scham essen.\u201c Findelkind schaute nochmals hin und erkannte, dass Eichh\u00f6rnchen Recht hatte. Er hatte so gro\u00dfen Hunger und wollte am liebsten sofort essen. Doch er konnte sich beherrschen und ging zur\u00fcck zur Herdmutter, um sie zu fragen, ob das rechtens sei. Diese antwortete ihm, dass er zuerst Mutter S\u00e4uger, Vater Vogel, Schwester Kr\u00f6te, Bruder Insekt und Cousine Schlange um Erlaubnis fragen solle, um deren Kinder zu essen. Sie alle gaben ihm die Erlaubnis, nur Bruder Insekt schwirrte unabl\u00e4ssig um Findelkinds Kopf herum und wollte ihn nur nerven. Doch sie stellen auch eine Bedingung: Er musste schw\u00f6ren die Seelen der Get\u00f6teten zur\u00fcck zu ihnen zu schicken, damit sie wiedergeboren werden konnten. Findelkind schwor es, und so brachten sie ihm das Geheimnis des Friedvollen Schnitts bei. Einzig Bruder Insekt erteilte ihm nicht die Erlaubnis, und schwirrte nur weiter um Findelkinds Kopf. Aus diesem Grunde wenden wir bis heute den Friedvollen Schnitt nicht auf Insekten an \u2013 aber wir essen sie nat\u00fcrlich trotzdem.<\/p>\n<p>Findelkind ging daraufhin zur\u00fcck in die Finsternis und trennte diejenigen mit dem Leuchten in den Augen von denjenigen ohne das Leuchten. Und er brachte dies auch den Menschen an Herdmutters Feuerstelle bei.<\/p>\n<p>Einer von denen ohne das Leuchten in den Augen war Bruder Hund, und so wurde er von Findelkind gejagt. Doch Bruder Hund trat an ihn heran und sagte: \u201eIch will Dir helfen diejenigen zu fangen, die zu schnell f\u00fcr Dich sind. Und ich will Dir helfen diejenigen aufzusp\u00fcren, die zu gerissen f\u00fcr Dich sind. Denn ich m\u00f6chte nicht selbst von Dir gefressen werden. Ich m\u00f6chte lieber Dein Freund sein als Dein Essen.\u201c Findelkind erkannte, dass dies eine gute Idee war. Und so brachte er seinem Sohn Votank bei Bruder Hund als einen Freund zu sehen. Und Votank hat es uns beigebracht, und so ist es seither geblieben.<\/p>\n<hr \/>\n<h2>Hinweise<\/h2>\n<ul>\n<li>\u00a9 2016 Oliver D. Bernuetz <a href=\"https:\/\/oliverbernuetz.neocities.org\">oliverbernuetz.neocities.org<\/a><\/li>\n<li>Aus dem Englischen von Robin Mitra \u00a9 2019 Humakt e.V.<\/li>\n<li><a href=\"https:\/\/www.humakt.com\/wp-content\/uploads\/2019\/03\/Wie-Bruder-Hund-zu-Findelkind-kam.pdf\">Diese Seite als PDF anzeigen.<\/a><\/li>\n<\/ul>\n","protected":false},"excerpt":{"rendered":"<p>von Oliver D. Bernuetz Es war w\u00e4hrend der Gro\u00dfen Finsternis, als die Sonne nirgends zu sehen war. Alle waren hungrig, doch niemand konnte etwas Essbares finden. Herdmutter hatte eine Gruppe Menschen um sich versammelt und ern\u00e4hrte sie mit Hoffnung und Magie. Doch dies war nicht genug. Dann fand sie ein schreiendes G\u00f6tterbaby in der Wildnis &hellip; <\/p>\n<p class=\"link-more\"><a href=\"https:\/\/www.humakt.com\/gb\/glorantha\/mythen-legenden-und-lieder\/wie-bruder-hund-zu-findelkind-kam-2\/\" class=\"more-link\">Continue reading<span class=\"screen-reader-text\"> &#8220;Wie Bruder Hund zu Findelkind kam&#8221;<\/span><\/a><\/p>\n","protected":false},"author":2,"featured_media":0,"parent":417,"menu_order":0,"comment_status":"closed","ping_status":"closed","template":"","meta":{"footnotes":""},"class_list":["post-467","page","type-page","status-publish","hentry"],"translation":{"provider":"WPGlobus","version":"3.0.2","language":"gb","enabled_languages":["de","gb"],"languages":{"de":{"title":true,"content":true,"excerpt":false},"gb":{"title":false,"content":false,"excerpt":false}}},"yoast_head":"<!-- This site is optimized with the Yoast SEO plugin v27.4 - https:\/\/yoast.com\/product\/yoast-seo-wordpress\/ -->\n<title>Wie Bruder Hund zu Findelkind kam - Humakt e.V.<\/title>\n<meta name=\"robots\" content=\"index, follow, max-snippet:-1, max-image-preview:large, max-video-preview:-1\" \/>\n<link rel=\"canonical\" href=\"https:\/\/www.humakt.com\/glorantha\/mythen-legenden-und-lieder\/wie-bruder-hund-zu-findelkind-kam-2\/\" \/>\n<meta property=\"og:locale\" content=\"en_GB\" \/>\n<meta property=\"og:type\" content=\"article\" \/>\n<meta property=\"og:title\" content=\"Wie Bruder Hund zu Findelkind kam - Humakt e.V.\" \/>\n<meta property=\"og:url\" content=\"https:\/\/www.humakt.com\/glorantha\/mythen-legenden-und-lieder\/wie-bruder-hund-zu-findelkind-kam-2\/\" \/>\n<meta property=\"og:site_name\" content=\"Humakt e.V.\" \/>\n<meta property=\"article:modified_time\" content=\"2019-03-22T21:23:13+00:00\" \/>\n<meta name=\"twitter:card\" content=\"summary_large_image\" \/>\n<meta name=\"twitter:label1\" content=\"Est. reading time\" \/>\n\t<meta name=\"twitter:data1\" content=\"3 minutes\" \/>\n<script type=\"application\/ld+json\" class=\"yoast-schema-graph\">{\"@context\":\"https:\\\/\\\/schema.org\",\"@graph\":[{\"@type\":\"WebPage\",\"@id\":\"https:\\\/\\\/www.humakt.com\\\/glorantha\\\/mythen-legenden-und-lieder\\\/wie-bruder-hund-zu-findelkind-kam-2\\\/\",\"url\":\"https:\\\/\\\/www.humakt.com\\\/glorantha\\\/mythen-legenden-und-lieder\\\/wie-bruder-hund-zu-findelkind-kam-2\\\/\",\"name\":\"Wie Bruder Hund zu Findelkind kam - Humakt e.V.\",\"isPartOf\":{\"@id\":\"https:\\\/\\\/www.humakt.com\\\/#website\"},\"datePublished\":\"2019-03-22T20:13:39+00:00\",\"dateModified\":\"2019-03-22T21:23:13+00:00\",\"breadcrumb\":{\"@id\":\"https:\\\/\\\/www.humakt.com\\\/glorantha\\\/mythen-legenden-und-lieder\\\/wie-bruder-hund-zu-findelkind-kam-2\\\/#breadcrumb\"},\"inLanguage\":\"en-GB\",\"potentialAction\":[{\"@type\":\"ReadAction\",\"target\":[\"https:\\\/\\\/www.humakt.com\\\/glorantha\\\/mythen-legenden-und-lieder\\\/wie-bruder-hund-zu-findelkind-kam-2\\\/\"]}]},{\"@type\":\"BreadcrumbList\",\"@id\":\"https:\\\/\\\/www.humakt.com\\\/glorantha\\\/mythen-legenden-und-lieder\\\/wie-bruder-hund-zu-findelkind-kam-2\\\/#breadcrumb\",\"itemListElement\":[{\"@type\":\"ListItem\",\"position\":1,\"name\":\"Startseite\",\"item\":\"https:\\\/\\\/www.humakt.com\\\/\"},{\"@type\":\"ListItem\",\"position\":2,\"name\":\"Glorantha\",\"item\":\"https:\\\/\\\/www.humakt.com\\\/glorantha\\\/\"},{\"@type\":\"ListItem\",\"position\":3,\"name\":\"Mythen, Legenden und Lieder\",\"item\":\"https:\\\/\\\/www.humakt.com\\\/glorantha\\\/mythen-legenden-und-lieder\\\/\"},{\"@type\":\"ListItem\",\"position\":4,\"name\":\"Wie Bruder Hund zu Findelkind kam\"}]},{\"@type\":\"WebSite\",\"@id\":\"https:\\\/\\\/www.humakt.com\\\/#website\",\"url\":\"https:\\\/\\\/www.humakt.com\\\/\",\"name\":\"Humakt e.V.\",\"description\":\"\",\"publisher\":{\"@id\":\"https:\\\/\\\/www.humakt.com\\\/#organization\"},\"potentialAction\":[{\"@type\":\"SearchAction\",\"target\":{\"@type\":\"EntryPoint\",\"urlTemplate\":\"https:\\\/\\\/www.humakt.com\\\/?s={search_term_string}\"},\"query-input\":{\"@type\":\"PropertyValueSpecification\",\"valueRequired\":true,\"valueName\":\"search_term_string\"}}],\"inLanguage\":\"en-GB\"},{\"@type\":\"Organization\",\"@id\":\"https:\\\/\\\/www.humakt.com\\\/#organization\",\"name\":\"Humakt e.V.\",\"url\":\"https:\\\/\\\/www.humakt.com\\\/\",\"logo\":{\"@type\":\"ImageObject\",\"inLanguage\":\"en-GB\",\"@id\":\"https:\\\/\\\/www.humakt.com\\\/#\\\/schema\\\/logo\\\/image\\\/\",\"url\":\"https:\\\/\\\/www.humakt.com\\\/wp-content\\\/uploads\\\/2023\\\/12\\\/cropped-Humakt-eV-Logo-mit-Titel-weiss-1.png\",\"contentUrl\":\"https:\\\/\\\/www.humakt.com\\\/wp-content\\\/uploads\\\/2023\\\/12\\\/cropped-Humakt-eV-Logo-mit-Titel-weiss-1.png\",\"width\":166,\"height\":250,\"caption\":\"Humakt e.V.\"},\"image\":{\"@id\":\"https:\\\/\\\/www.humakt.com\\\/#\\\/schema\\\/logo\\\/image\\\/\"}}]}<\/script>\n<!-- \/ Yoast SEO plugin. -->","yoast_head_json":{"title":"Wie Bruder Hund zu Findelkind kam - Humakt e.V.","robots":{"index":"index","follow":"follow","max-snippet":"max-snippet:-1","max-image-preview":"max-image-preview:large","max-video-preview":"max-video-preview:-1"},"canonical":"https:\/\/www.humakt.com\/glorantha\/mythen-legenden-und-lieder\/wie-bruder-hund-zu-findelkind-kam-2\/","og_locale":"en_GB","og_type":"article","og_title":"Wie Bruder Hund zu Findelkind kam - Humakt e.V.","og_url":"https:\/\/www.humakt.com\/glorantha\/mythen-legenden-und-lieder\/wie-bruder-hund-zu-findelkind-kam-2\/","og_site_name":"Humakt e.V.","article_modified_time":"2019-03-22T21:23:13+00:00","twitter_card":"summary_large_image","twitter_misc":{"Est. reading time":"3 minutes"},"schema":{"@context":"https:\/\/schema.org","@graph":[{"@type":"WebPage","@id":"https:\/\/www.humakt.com\/glorantha\/mythen-legenden-und-lieder\/wie-bruder-hund-zu-findelkind-kam-2\/","url":"https:\/\/www.humakt.com\/glorantha\/mythen-legenden-und-lieder\/wie-bruder-hund-zu-findelkind-kam-2\/","name":"Wie Bruder Hund zu Findelkind kam - Humakt e.V.","isPartOf":{"@id":"https:\/\/www.humakt.com\/#website"},"datePublished":"2019-03-22T20:13:39+00:00","dateModified":"2019-03-22T21:23:13+00:00","breadcrumb":{"@id":"https:\/\/www.humakt.com\/glorantha\/mythen-legenden-und-lieder\/wie-bruder-hund-zu-findelkind-kam-2\/#breadcrumb"},"inLanguage":"en-GB","potentialAction":[{"@type":"ReadAction","target":["https:\/\/www.humakt.com\/glorantha\/mythen-legenden-und-lieder\/wie-bruder-hund-zu-findelkind-kam-2\/"]}]},{"@type":"BreadcrumbList","@id":"https:\/\/www.humakt.com\/glorantha\/mythen-legenden-und-lieder\/wie-bruder-hund-zu-findelkind-kam-2\/#breadcrumb","itemListElement":[{"@type":"ListItem","position":1,"name":"Startseite","item":"https:\/\/www.humakt.com\/"},{"@type":"ListItem","position":2,"name":"Glorantha","item":"https:\/\/www.humakt.com\/glorantha\/"},{"@type":"ListItem","position":3,"name":"Mythen, Legenden und Lieder","item":"https:\/\/www.humakt.com\/glorantha\/mythen-legenden-und-lieder\/"},{"@type":"ListItem","position":4,"name":"Wie Bruder Hund zu Findelkind kam"}]},{"@type":"WebSite","@id":"https:\/\/www.humakt.com\/#website","url":"https:\/\/www.humakt.com\/","name":"Humakt e.V.","description":"","publisher":{"@id":"https:\/\/www.humakt.com\/#organization"},"potentialAction":[{"@type":"SearchAction","target":{"@type":"EntryPoint","urlTemplate":"https:\/\/www.humakt.com\/?s={search_term_string}"},"query-input":{"@type":"PropertyValueSpecification","valueRequired":true,"valueName":"search_term_string"}}],"inLanguage":"en-GB"},{"@type":"Organization","@id":"https:\/\/www.humakt.com\/#organization","name":"Humakt e.V.","url":"https:\/\/www.humakt.com\/","logo":{"@type":"ImageObject","inLanguage":"en-GB","@id":"https:\/\/www.humakt.com\/#\/schema\/logo\/image\/","url":"https:\/\/www.humakt.com\/wp-content\/uploads\/2023\/12\/cropped-Humakt-eV-Logo-mit-Titel-weiss-1.png","contentUrl":"https:\/\/www.humakt.com\/wp-content\/uploads\/2023\/12\/cropped-Humakt-eV-Logo-mit-Titel-weiss-1.png","width":166,"height":250,"caption":"Humakt e.V."},"image":{"@id":"https:\/\/www.humakt.com\/#\/schema\/logo\/image\/"}}]}},"_links":{"self":[{"href":"https:\/\/www.humakt.com\/gb\/wp-json\/wp\/v2\/pages\/467","targetHints":{"allow":["GET"]}}],"collection":[{"href":"https:\/\/www.humakt.com\/gb\/wp-json\/wp\/v2\/pages"}],"about":[{"href":"https:\/\/www.humakt.com\/gb\/wp-json\/wp\/v2\/types\/page"}],"author":[{"embeddable":true,"href":"https:\/\/www.humakt.com\/gb\/wp-json\/wp\/v2\/users\/2"}],"replies":[{"embeddable":true,"href":"https:\/\/www.humakt.com\/gb\/wp-json\/wp\/v2\/comments?post=467"}],"version-history":[{"count":1,"href":"https:\/\/www.humakt.com\/gb\/wp-json\/wp\/v2\/pages\/467\/revisions"}],"predecessor-version":[{"id":468,"href":"https:\/\/www.humakt.com\/gb\/wp-json\/wp\/v2\/pages\/467\/revisions\/468"}],"up":[{"embeddable":true,"href":"https:\/\/www.humakt.com\/gb\/wp-json\/wp\/v2\/pages\/417"}],"wp:attachment":[{"href":"https:\/\/www.humakt.com\/gb\/wp-json\/wp\/v2\/media?parent=467"}],"curies":[{"name":"wp","href":"https:\/\/api.w.org\/{rel}","templated":true}]}}