{"id":462,"date":"2019-03-22T21:08:04","date_gmt":"2019-03-22T20:08:04","guid":{"rendered":"http:\/\/www.humakt.com\/?page_id=462"},"modified":"2019-03-22T22:22:00","modified_gmt":"2019-03-22T21:22:00","slug":"findelkind-jagt-die-jaegerin-2","status":"publish","type":"page","link":"https:\/\/www.humakt.com\/gb\/glorantha\/mythen-legenden-und-lieder\/findelkind-jagt-die-jaegerin-2\/","title":{"rendered":"Findelkind jagt die J\u00e4gerin"},"content":{"rendered":"<h3>von Oliver D. Bernuetz<\/h3>\n<p>Diese Geschichte ereignete sich vor langer, langer Zeit, als die Beeren von alleine in die H\u00e4nde rollten und fette G\u00e4nse selber ins Feuer flogen. Ja, die G\u00e4nse gingen sogar soweit sich selbst zu f\u00fcllen und zu w\u00fcrzen und auf dem Spie\u00df zu drehen. Die folgenden Ereignisse beginnen mit dem Ende einer Gro\u00dfen Jagd. Findelkind kehrte gerade zum Versammlungsplatz zur\u00fcck und war sehr zufrieden mit sich selbst. Er hatte ein Bebenbiest gejagt und get\u00f6tet. Aber nicht nur irgendein Bebenbiest! Es war sogar ein Fleischfresser \u2013 und das waren die gef\u00e4hrlichsten. Man nannte es auch einen Gro\u00dffresser. Findelkind war von je her ein flei\u00dfiger J\u00e4ger, der nie faul oder unt\u00e4tig war. Er hatte hart und lange gearbeitet, den Gro\u00dffresser zu erlegen und schlie\u00dflich war es ihm gelungen. Daher war er sehr zufrieden mit sich, als er zum Versammlungsplatz kam, um dort seine Beute mit denen der anderen J\u00e4ger zu vergleichen. Er nahm den Gro\u00dffresser von seiner Schulter und legte ihn zur Schau neben die anderen Tiere beim Ehrenplatz. Einige der gr\u00f6\u00dften J\u00e4ger der Votanki waren versammelt und sogar T\u00f6chter der Wilden Mutter waren gekommen. Sie alle hatten ihre Beute ausgelegt. Findelkind verzog keine Miene und zeigte keine Regung mit seinem \u00f6ffentlichen Gesicht, als er sich die Jagdtroph\u00e4en der anderen anschaute. Wie ihr ja wisst, besitzt jeder Mensch zwei Gesichter: das \u00f6ffentliche und das verborgene, das man vor der Welt verborgen h\u00e4lt, um seine Geheimnisse nicht zu verraten. Auf dem Ehrenplatz waren Schlangennasen und S\u00e4belzahnkatzen. Es war sogar ein pflanzenfressendes Bebenbiest dort zu sehen. Aber nichts, dass ihm seinen Rang streitig machen konnte. Findelkind war sich sicher auch diesmal wieder den Wettstreit zu gewinnen. So setzte er sich nieder und die J\u00e4ger fingen an Geschichten sich \u00fcber die diesj\u00e4hrige Gro\u00dfe Jagd, \u00fcber die vergangenen Jahreszeiten und weiter zur\u00fcckliegende Jagden auszutauschen.<\/p>\n<p>Als sich nach einiger Zeit das Ende der Gro\u00dfen Jagd n\u00e4herte, stand Findelkind langsam auf, reckte und strecke sich und knackte mit seinen Gelenken und sprach: \u201eNun, wie es aussieht, bin ich dieses Jahr der Meisterj\u00e4ger.\u201c Er lie\u00df absichtlich das Wort \u201ewieder\u201c weg, doch sein verborgenes Gesicht leuchtete. Dem folgte ein wohlwollendes Gemurmel der anderen J\u00e4ger und Findelkind huschte ein L\u00e4cheln \u00fcber sein Gesicht. Doch dann sagte eine der Wilden M\u00fctter: \u201eAber Naveera ist noch nicht zur\u00fcck.\u201c Das L\u00e4cheln auf Findelkinds fror ein und er blickte in die Menge, die um das Lagerfeuer versammelt war. Wo war sie? War sie verungl\u00fcckt? Unvorstellbar! Naveera war die erste unter den Wilden M\u00fcttern. Findelkind hatte sogar schon oft \u00fcberlegt, ob Naveera ihm, wenn auch selbstverst\u00e4ndlich niemals \u00fcberlegen, so doch eventuell \u2013 und wirklich nur eventuell \u2013 ebenb\u00fcrtig war. M\u00f6glicherweise war sie bei der Jagd einem Feind des Stammes begegnet, der sie aufhielt. Oder vielleicht hatte sie kein ausreichend gro\u00dfes Tier jagen k\u00f6nnen und sch\u00e4mte sich deswegen zum Versammlungsplatz zur\u00fcckzukehren. Doch das s\u00e4he Naveera gar nicht \u00e4hnlich. Sie w\u00fcrde ihren Stolz nie \u00fcber ihre Pflicht triumphieren lassen.<\/p>\n<p>Findelkind zuckte mit den Achseln. \u201eNun, da es kein Zeichen von Naveera gibt, k\u00f6nnen wir schon mal mit der Zeremonie\u2026\u201c, begann er den Satz, unterbrach sich dann aber, da er ein Ger\u00e4usch h\u00f6rte. Es klang nach einem riesigen Tier, das durch den Busch auf das Feuer zugelaufen kam. Im Handumdrehen griffen alle J\u00e4ger nach ihren Waffen und machten sich bereit, um ihr Leben zu k\u00e4mpfen. Alle J\u00e4ger waren auf der Lauer, vorbereitet jeden Moment zu reagieren. Dann brach eine riesige gepanzerte Schnauze durch den Busch. Die schiere Gr\u00f6\u00dfe des Tiers lie\u00df die J\u00e4ger einen Augenblick vor Schreck erstarren. Das Tier war gigantisch! Es war viel gr\u00f6\u00dfer als der Gro\u00dffresser, den Findelkind gefunden hatte. Pl\u00f6tzlich tauchte auch noch ein zweiter Kopf neben dem ersten auf. Die J\u00e4ger holten mit ihren Speerschleudern aus und begannen die Geister aus ihren Talismanen loszuschicken.<\/p>\n<p>\u201eHalt!\u201c, rief da pl\u00f6tzlich eine der Wilden M\u00fctter, \u201eDie sind schon tot.\u201c. Dann rief jemand: \u201eDort ist Naveera! Es war Naveera!\u201c Und so war es auch. Sie war genau rechtzeitig zur\u00fcckgekehrt, um ein wahrhaft gigantisches Bebenbiest abzuliefern. Es war fast doppelt so gro\u00df wie das Tier von Findelkind, und nicht nur das \u2013 es besa\u00df auch noch zwei K\u00f6pfe. Findelkind war sprachlos. War er besiegt? Er war besiegt! Schon ging ein Jubelschrei durch die Menge und ehe er sich versah wurde Naveera zur Meisterj\u00e4gerin ausgerufen. Nachdem er sich gefangen hatte, stimmte Findelkind in den Jubel ein, und seine Rufe waren so laut wie die der anderen. Wer auch immer solch ein Monster erlegen konnte, verdiente es wahrhaftig Meisterj\u00e4ger zu sein. Es war keine Schande zu verlieren.<\/p>\n<p>Doch dann wurden drei Unverzeihliche ausgesprochen. Ihr wisst, was das bedeutet. Die erste Beleidigung sollte man verzeihen, die zweite Beleidigung kann man verzeihen, aber die dritte Beleidigung ist unverzeihlich. Die erste Beleidigung war dies: Viele J\u00e4ger erhoben ihre Stimmen und priesen diese Jagd als die gr\u00f6\u00dfte aller Zeiten. Findelkind zuckte zusammen, als er das h\u00f6rte. Die zweite Beleidigung war, dass mehrere J\u00e4ger riefen, dies sei der gr\u00f6\u00dfte Fang, den jemals jemand gemacht habe. Findelkind wollte darauf schon etwas erwidern, doch er biss sich lieber auf die Zunge. Doch dann folgte die dritte Beleidigung als einige fragten: \u201eWie k\u00f6nnte jemals jemand ein gr\u00f6\u00dferes Tier erlegen?\u201c<\/p>\n<p>Dies war zu viel f\u00fcr Findelkind, und Zorn f\u00fcllte seine Brust. \u201eDie Gr\u00f6\u00dfte? Wer war denn viel \u00f6fter Meisterj\u00e4ger? Naveera oder ich?\u201c. Die J\u00e4ger protestierten und sagten, dass Findelkind zwar am h\u00e4ufigsten Meister\u00e4ger gewesen sein, aber nie habe er ein so gro\u00dfes Monster erlegt. \u201eSoll Naveera jetzt also die gr\u00f6\u00dfte J\u00e4gerin sein?\u201c. Nun lie\u00df er sein geheimes Gesicht frei von der Leber sprechen: \u201eWenn Naveera angeblich die Gr\u00f6\u00dfte ist, werde ich Euch trotzdem beweisen, dass ich noch gr\u00f6\u00dfer bin als sie \u2013 wenn n\u00e4mlich die J\u00e4gerin zur Gejagten wird.\u201c Stille fiel \u00fcber den Versammlungsplatz. Noch nie hatte jemand eine der T\u00f6chter der Wilden M\u00fctter gefangen. Sie wurden in der Vergangenheit schon verfolgt und auch im Kampf besiegt, aber noch nie hatte jemand eine gefangen.<\/p>\n<p>Es war Naveera, die die Stille mit einem herzhaften Lachen durchbrach. \u201eIch w\u00fcrde nie Deine F\u00e4higkeiten als J\u00e4ger in Frage stellen, Findelkind. Du bist wirklich gesegnet. Aber ich bin eine Tochter der Wilden Mutter und kein Mensch, Geist oder Gott hat mich oder wird mich je fangen.\u201c<br \/>\n\u201eDann werde ich der Erste sein.\u201c, antworte Findelkind. Niemand konnte fassen, was gerade geschah. Doch schnell wurden die Regeln aufgestellt. Findelkind w\u00fcrde seine Jagd am n\u00e4chsten Tag beginnen, und Naveera schwor, dass sie das Land der Votanki nicht verlassen w\u00fcrde. Dar\u00fcber hinaus war jede Taktik und jedes Werkzeug, dass nicht grunds\u00e4tzlich verboten war, erlaubt.<\/p>\n<p>Trotz seiner stolzen Worte war sich Findelkind nicht sicher, wie genau er Naveera fangen k\u00f6nnte. Die T\u00f6chter der Wilden Mutter waren schnellf\u00fc\u00dfig und schwer zu fassen, und Naveera war die Beste von ihnen. Es blieb ihm noch etwas Zeit einen Plan zu schmieden, doch obwohl seine Ehre von der Frage abhing, fiel ihm keine Idee ein, wie er Naveera fangen k\u00f6nnte. So wanderte er gedankenverloren und ziellos umher, bis er sich schlie\u00dflich am Fu\u00dfe der Gro\u00dfvater-Eiche hinsetzte, um weiter zu gr\u00fcbeln. Tief in Gedanken schlug pl\u00f6tzlich etwas gegen seinen Kopf. Er wurde aus seinen Gedanken entrissen und schnappte nach dem Ding, das gerade von seinem Kopf abgeprallt war. Es war eine Eichel. Findelkind blickte nach hoch und sah wie weiter oben jemand kopf\u00fcber am Stamm hing. Es war das Eichh\u00f6rnchen, manchmal Freund, manchmal Nemesis.<\/p>\n<p>\u201eWas soll das, Eichh\u00f6rnchen? Ich habe wichtigere Dinge zu tun, als mit Dir zu spielen.\u201c, sagte er ver\u00e4rgert.<br \/>\n\u201eDu meinst, wie zum Beispiel Naveera fangen?\u201c<br \/>\n\u201eAh, davon hast Du also schon geh\u00f6rt. Was k\u00fcmmert es Dich?\u201c<br \/>\n\u201eIch kann Dir helfen sie zu fangen.\u201c<br \/>\nNiemand, der auch nur einigerma\u00dfen Bescheid wusste, w\u00fcrde je die Hilfe des Eichh\u00f6rnchens akzeptieren. Mit solchen Angeboten war stets ein Preis verbunden, und es passiert wahrhaft selten, dass Du das Gesch\u00e4ft im Nachhinein nicht bereust. Daher antwortete Findelkind vorsichtig, als er sprach: \u201eWarum solltest Du mir helfen wollen? Was bringt Dir das?\u201c<br \/>\n\u201eNichts.\u201c<br \/>\nDas war keine glaubw\u00fcrdige Antwort des Eichh\u00f6rnchens. Deswegen schnauzte er: \u201eNichts? Wirklich rein gar nichts?\u201c<br \/>\n\u201eNaja, nichts au\u00dfer meiner Rache.\u201c<br \/>\n\u201eRache? Wof\u00fcr?\u201c<\/p>\n<p>Eichh\u00f6rnchen schaute ungew\u00f6hnlich sch\u00fcchtern zu Seite. Da erst bemerkte Findelkind die Ledertasche auf dessen R\u00fccken und konnte sich denken, was Eichh\u00f6rnchen versuchte zu verbergen. \u201eHat sie etwas mit Deinem Schwanz gemacht?\u201c<br \/>\nEichh\u00f6rnchen schnaubte w\u00fctend und warf die Tasche von seinem R\u00fccken ab. Der Schwanz war v\u00f6llig kahl und sah aus wie der nackte Schwanz einer Wasserratte. Findelkind unterdr\u00fcckte ein Lachen, w\u00e4hrend Eichh\u00f6rnchen seinen Schwanz wieder w\u00fctend zur\u00fcck in die Ledertasche stopfte.<br \/>\n\u201eWas hast Du angestellt?\u201c, fragte Findelkind.<br \/>\n\u201eNichts! Wenn gewisse Leute nicht wollen, dass ihnen andere Leute beim Baden zuschauen, sollten sie das vorher sagen und einen nicht im Nachhinein jagen und dann jedes Schwanzhaar einzeln ausrupfen!\u201c<br \/>\nEichh\u00f6rnchen schnaubte wieder ver\u00e4rgert und lief dann den Baumstamm nach unten, um etwas in Findelkinds Ohr zu fl\u00fcstern. \u201eIch will Rache an Naveera und daf\u00fcr werde ich Dir verraten, wie Du sie fangen kannst.\u201c<\/p>\n<p>Am n\u00e4chsten Morgen stand Naveera noch vor der D\u00e4mmerung auf, um sich auf die Jagd vorzubereiten. Sie lag noch nackt in ihrem Nest und streckte sich langsam. Als n\u00e4chstes drehte sie sich zur Seite und griff nach ihrem Schwanenmantel. Ihr m\u00fcsst wissen, dass damals alle T\u00f6chter der Wilden Mutter Federn dieser gro\u00dfen V\u00f6gel trugen, die damals in unseren W\u00e4ldern lebten. Doch sobald sie ihren Mantel ber\u00fchrte, wusste sie, dass etwas nicht stimmte. Der Mantel war zu klein und zu leicht. Sie schwang den Mantel dennoch \u00fcber die Schultern und stellte zu ihrem Schrecken fest, dass es kein Schwanenmantel war, sondern aus den Federn der Straucheltaube bestand.<\/p>\n<p>Jeder von Euch kennt die Straucheltauben. Sie besitzen zwar auch wei\u00dfe Federn, sie sind aber alles andere als Greifv\u00f6gel. Sie haben ihren Namen von ihrer seltsam tollpatschigen Art zu fliegen. Sie schmecken zwar gut, aber kein J\u00e4ger w\u00fcrde auf die Idee kommen sie zu jagen, weil sie viel zu einfach zu fangen sind und keine Herausforderung darstellen. Nur einige der Alten und Gebrechlichen, die nicht mehr auf die Jagd gehen k\u00f6nnen, fangen Straucheltauben. Und auch Ihr Kinder habt vermutlich schon einige Tauben gefangen, als Euch die Erwachsenen beigebracht haben zu schleichen und zu jagen.<\/p>\n<p>\u00c4rgerlich warf Naveera den Mantel zu Boden. Jetzt w\u00fcrde sie sich nur auf ihre Waffen, ihre Schlauheit und ihre flinken F\u00fc\u00dfe verlassen m\u00fcssen. Sie griff nach ihren Waffen, nur um festzustellen, dass ihre echten Waffen, gegen Waffen aus Schilf ausgetauscht wurden, wie sie Kleinkinder benutzen, wenn sie J\u00e4ger spielen. Jetzt w\u00fcrde sie sich nur auf ihre Schlauheit und ihre flinken F\u00fc\u00dfe verlassen m\u00fcssen, dachte sie w\u00fctend. Sie ging bis zum Rand ihres Nestes und sprang mit aller Kraft los \u2013 und schlug mit dem Kopf hart gegen einen gro\u00dfen Ast. Als nach einer Weile die Sterne vor ihren Augen verschwunden waren, sch\u00fcttelte sie ihren Kopf. Doch das war keine gute Idee, sofort fing es in ihren Ohren an zu pfeifen. \u201eWo kommt der Ast nur her?\u201c, dachte sie, \u201eGestern war er noch nicht hier.\u201c Wie sie sich auch anstrengte, sie konnte keinen klaren Gedanken fassen. Jetzt w\u00fcrde sie sich also nur auf ihre schnellen F\u00fc\u00dfe verlassen m\u00fcssen, kam ihr in den Sinn. \u201eIch kann Findelkind jederzeit davonlaufen.\u201c Sie sprang von ihrem Nest hinunter \u2013 und landete in einer tiefen Grube, die da am Abend zuvor auch noch nicht war. \u201eEichh\u00f6rnchen!\u201c, schrie Naveera. Sie versuchte aus der Grube heraus zu klettern, aber das Loch war zu gro\u00df und die W\u00e4nde zu weich f\u00fcr jeglichen Versuch. So setzte sie sich auf den Boden und wartete auf Findelkind.<\/p>\n<p>Nach einer ganzen Weile h\u00f6rte sie Fu\u00dfschritte. Sie schaute auf und sah Findelkind in Begleitung von Eichh\u00f6rnchen, die auf sie herabblickten.<br \/>\n\u201eGibst Du auf?\u201c, fragte Findelkind?<br \/>\n\u201eIch gebe auf.\u201c, seufzte Naveera, \u201eAber ohne das missratene Eichh\u00f6rnchen h\u00e4ttest Du mich nie geschnappt.\u201c<br \/>\nFindelkind nickte zustimmend, w\u00e4hrend Eichh\u00f6rnchen aufgeregt \u00fcber seinen verunstalteten Schwanz meckerte. Als er jedoch Naveeras Blick bemerkte, \u00fcberlegte er sich, dass er doch gerade dringend irgendwo anders sein musste.<br \/>\n\u201eGibst Du mir einen Vorsprung, bevor du sie herausl\u00e4sst?\u201c, fragte er Findelkind.<br \/>\n\u201eEinverstanden.\u201c<\/p>\n<p>Findelkind setzte sich an den Rand der Grube und lie\u00df seine Beine hinunter baumeln, bis er der Meinung war, dass Eichh\u00f6rnchen weit genug weg war. Dann sah er Naveera an, die ihn die ganze Zeit ignoriert hatte.<\/p>\n<p>\u201eWie Du zugeben musst, habe ich Dich \u2013 mit der Hilfe von Eichh\u00f6rnchen \u2013 gefangen. Einige werden deswegen vielleicht sagen, ich h\u00e4tte Dich nur durch Trickserei gefangen.\u201c Er machte eine Pause. \u201eUnd sie h\u00e4tten Recht. Au\u00dfer uns dreien, muss aber niemand davon erfahren. Lass uns jetzt also den richtigen Wettkampf beginnen.\u201c So sprach er und warf dann Naveera ihren Schwanenmantel und ihre Waffen in die Grube. Sie gab einen frohen Laut von sich und nur Augenblicke sp\u00e4ter stob eine gefl\u00fcgelte Gestalt empor und die wahre Jagd begann\u2026<\/p>\n<hr \/>\n<h2>Hinweise<\/h2>\n<ul>\n<li>\u00a9 2016 Oliver D. Bernuetz <a href=\"https:\/\/oliverbernuetz.neocities.org\">oliverbernuetz.neocities.org<\/a><\/li>\n<li>Aus dem Englischen von Robin Mitra \u00a9 2019 Humakt e.V.<\/li>\n<li><a href=\"https:\/\/www.humakt.com\/wp-content\/uploads\/2019\/03\/Findelkind-jagt-die-J\u00e4gerin.pdf\">Diese Seite als PDF anzeigen.<\/a><\/li>\n<\/ul>\n","protected":false},"excerpt":{"rendered":"<p>von Oliver D. Bernuetz Diese Geschichte ereignete sich vor langer, langer Zeit, als die Beeren von alleine in die H\u00e4nde rollten und fette G\u00e4nse selber ins Feuer flogen. Ja, die G\u00e4nse gingen sogar soweit sich selbst zu f\u00fcllen und zu w\u00fcrzen und auf dem Spie\u00df zu drehen. Die folgenden Ereignisse beginnen mit dem Ende einer &hellip; <\/p>\n<p class=\"link-more\"><a href=\"https:\/\/www.humakt.com\/gb\/glorantha\/mythen-legenden-und-lieder\/findelkind-jagt-die-jaegerin-2\/\" class=\"more-link\">Continue reading<span class=\"screen-reader-text\"> &#8220;Findelkind jagt die J\u00e4gerin&#8221;<\/span><\/a><\/p>\n","protected":false},"author":2,"featured_media":0,"parent":417,"menu_order":0,"comment_status":"closed","ping_status":"closed","template":"","meta":{"footnotes":""},"class_list":["post-462","page","type-page","status-publish","hentry"],"translation":{"provider":"WPGlobus","version":"3.0.2","language":"gb","enabled_languages":["de","gb"],"languages":{"de":{"title":true,"content":true,"excerpt":false},"gb":{"title":false,"content":false,"excerpt":false}}},"yoast_head":"<!-- This site is optimized with the Yoast SEO plugin v27.4 - https:\/\/yoast.com\/product\/yoast-seo-wordpress\/ -->\n<title>Findelkind jagt die J\u00e4gerin - Humakt e.V.<\/title>\n<meta name=\"robots\" content=\"index, follow, max-snippet:-1, max-image-preview:large, max-video-preview:-1\" \/>\n<link rel=\"canonical\" href=\"https:\/\/www.humakt.com\/glorantha\/mythen-legenden-und-lieder\/findelkind-jagt-die-jaegerin-2\/\" \/>\n<meta property=\"og:locale\" content=\"en_GB\" \/>\n<meta property=\"og:type\" content=\"article\" \/>\n<meta property=\"og:title\" content=\"Findelkind jagt die J\u00e4gerin - Humakt e.V.\" \/>\n<meta property=\"og:url\" content=\"https:\/\/www.humakt.com\/glorantha\/mythen-legenden-und-lieder\/findelkind-jagt-die-jaegerin-2\/\" \/>\n<meta property=\"og:site_name\" content=\"Humakt e.V.\" \/>\n<meta property=\"article:modified_time\" content=\"2019-03-22T21:22:00+00:00\" \/>\n<meta name=\"twitter:card\" content=\"summary_large_image\" \/>\n<meta name=\"twitter:label1\" content=\"Est. reading time\" \/>\n\t<meta name=\"twitter:data1\" content=\"11 minutes\" \/>\n<script type=\"application\/ld+json\" class=\"yoast-schema-graph\">{\"@context\":\"https:\\\/\\\/schema.org\",\"@graph\":[{\"@type\":\"WebPage\",\"@id\":\"https:\\\/\\\/www.humakt.com\\\/glorantha\\\/mythen-legenden-und-lieder\\\/findelkind-jagt-die-jaegerin-2\\\/\",\"url\":\"https:\\\/\\\/www.humakt.com\\\/glorantha\\\/mythen-legenden-und-lieder\\\/findelkind-jagt-die-jaegerin-2\\\/\",\"name\":\"Findelkind jagt die J\u00e4gerin - Humakt e.V.\",\"isPartOf\":{\"@id\":\"https:\\\/\\\/www.humakt.com\\\/#website\"},\"datePublished\":\"2019-03-22T20:08:04+00:00\",\"dateModified\":\"2019-03-22T21:22:00+00:00\",\"breadcrumb\":{\"@id\":\"https:\\\/\\\/www.humakt.com\\\/glorantha\\\/mythen-legenden-und-lieder\\\/findelkind-jagt-die-jaegerin-2\\\/#breadcrumb\"},\"inLanguage\":\"en-GB\",\"potentialAction\":[{\"@type\":\"ReadAction\",\"target\":[\"https:\\\/\\\/www.humakt.com\\\/glorantha\\\/mythen-legenden-und-lieder\\\/findelkind-jagt-die-jaegerin-2\\\/\"]}]},{\"@type\":\"BreadcrumbList\",\"@id\":\"https:\\\/\\\/www.humakt.com\\\/glorantha\\\/mythen-legenden-und-lieder\\\/findelkind-jagt-die-jaegerin-2\\\/#breadcrumb\",\"itemListElement\":[{\"@type\":\"ListItem\",\"position\":1,\"name\":\"Startseite\",\"item\":\"https:\\\/\\\/www.humakt.com\\\/\"},{\"@type\":\"ListItem\",\"position\":2,\"name\":\"Glorantha\",\"item\":\"https:\\\/\\\/www.humakt.com\\\/glorantha\\\/\"},{\"@type\":\"ListItem\",\"position\":3,\"name\":\"Mythen, Legenden und Lieder\",\"item\":\"https:\\\/\\\/www.humakt.com\\\/glorantha\\\/mythen-legenden-und-lieder\\\/\"},{\"@type\":\"ListItem\",\"position\":4,\"name\":\"Findelkind jagt die J\u00e4gerin\"}]},{\"@type\":\"WebSite\",\"@id\":\"https:\\\/\\\/www.humakt.com\\\/#website\",\"url\":\"https:\\\/\\\/www.humakt.com\\\/\",\"name\":\"Humakt e.V.\",\"description\":\"\",\"publisher\":{\"@id\":\"https:\\\/\\\/www.humakt.com\\\/#organization\"},\"potentialAction\":[{\"@type\":\"SearchAction\",\"target\":{\"@type\":\"EntryPoint\",\"urlTemplate\":\"https:\\\/\\\/www.humakt.com\\\/?s={search_term_string}\"},\"query-input\":{\"@type\":\"PropertyValueSpecification\",\"valueRequired\":true,\"valueName\":\"search_term_string\"}}],\"inLanguage\":\"en-GB\"},{\"@type\":\"Organization\",\"@id\":\"https:\\\/\\\/www.humakt.com\\\/#organization\",\"name\":\"Humakt e.V.\",\"url\":\"https:\\\/\\\/www.humakt.com\\\/\",\"logo\":{\"@type\":\"ImageObject\",\"inLanguage\":\"en-GB\",\"@id\":\"https:\\\/\\\/www.humakt.com\\\/#\\\/schema\\\/logo\\\/image\\\/\",\"url\":\"https:\\\/\\\/www.humakt.com\\\/wp-content\\\/uploads\\\/2023\\\/12\\\/cropped-Humakt-eV-Logo-mit-Titel-weiss-1.png\",\"contentUrl\":\"https:\\\/\\\/www.humakt.com\\\/wp-content\\\/uploads\\\/2023\\\/12\\\/cropped-Humakt-eV-Logo-mit-Titel-weiss-1.png\",\"width\":166,\"height\":250,\"caption\":\"Humakt e.V.\"},\"image\":{\"@id\":\"https:\\\/\\\/www.humakt.com\\\/#\\\/schema\\\/logo\\\/image\\\/\"}}]}<\/script>\n<!-- \/ Yoast SEO plugin. -->","yoast_head_json":{"title":"Findelkind jagt die J\u00e4gerin - Humakt e.V.","robots":{"index":"index","follow":"follow","max-snippet":"max-snippet:-1","max-image-preview":"max-image-preview:large","max-video-preview":"max-video-preview:-1"},"canonical":"https:\/\/www.humakt.com\/glorantha\/mythen-legenden-und-lieder\/findelkind-jagt-die-jaegerin-2\/","og_locale":"en_GB","og_type":"article","og_title":"Findelkind jagt die J\u00e4gerin - Humakt e.V.","og_url":"https:\/\/www.humakt.com\/glorantha\/mythen-legenden-und-lieder\/findelkind-jagt-die-jaegerin-2\/","og_site_name":"Humakt e.V.","article_modified_time":"2019-03-22T21:22:00+00:00","twitter_card":"summary_large_image","twitter_misc":{"Est. reading time":"11 minutes"},"schema":{"@context":"https:\/\/schema.org","@graph":[{"@type":"WebPage","@id":"https:\/\/www.humakt.com\/glorantha\/mythen-legenden-und-lieder\/findelkind-jagt-die-jaegerin-2\/","url":"https:\/\/www.humakt.com\/glorantha\/mythen-legenden-und-lieder\/findelkind-jagt-die-jaegerin-2\/","name":"Findelkind jagt die J\u00e4gerin - Humakt e.V.","isPartOf":{"@id":"https:\/\/www.humakt.com\/#website"},"datePublished":"2019-03-22T20:08:04+00:00","dateModified":"2019-03-22T21:22:00+00:00","breadcrumb":{"@id":"https:\/\/www.humakt.com\/glorantha\/mythen-legenden-und-lieder\/findelkind-jagt-die-jaegerin-2\/#breadcrumb"},"inLanguage":"en-GB","potentialAction":[{"@type":"ReadAction","target":["https:\/\/www.humakt.com\/glorantha\/mythen-legenden-und-lieder\/findelkind-jagt-die-jaegerin-2\/"]}]},{"@type":"BreadcrumbList","@id":"https:\/\/www.humakt.com\/glorantha\/mythen-legenden-und-lieder\/findelkind-jagt-die-jaegerin-2\/#breadcrumb","itemListElement":[{"@type":"ListItem","position":1,"name":"Startseite","item":"https:\/\/www.humakt.com\/"},{"@type":"ListItem","position":2,"name":"Glorantha","item":"https:\/\/www.humakt.com\/glorantha\/"},{"@type":"ListItem","position":3,"name":"Mythen, Legenden und Lieder","item":"https:\/\/www.humakt.com\/glorantha\/mythen-legenden-und-lieder\/"},{"@type":"ListItem","position":4,"name":"Findelkind jagt die J\u00e4gerin"}]},{"@type":"WebSite","@id":"https:\/\/www.humakt.com\/#website","url":"https:\/\/www.humakt.com\/","name":"Humakt e.V.","description":"","publisher":{"@id":"https:\/\/www.humakt.com\/#organization"},"potentialAction":[{"@type":"SearchAction","target":{"@type":"EntryPoint","urlTemplate":"https:\/\/www.humakt.com\/?s={search_term_string}"},"query-input":{"@type":"PropertyValueSpecification","valueRequired":true,"valueName":"search_term_string"}}],"inLanguage":"en-GB"},{"@type":"Organization","@id":"https:\/\/www.humakt.com\/#organization","name":"Humakt e.V.","url":"https:\/\/www.humakt.com\/","logo":{"@type":"ImageObject","inLanguage":"en-GB","@id":"https:\/\/www.humakt.com\/#\/schema\/logo\/image\/","url":"https:\/\/www.humakt.com\/wp-content\/uploads\/2023\/12\/cropped-Humakt-eV-Logo-mit-Titel-weiss-1.png","contentUrl":"https:\/\/www.humakt.com\/wp-content\/uploads\/2023\/12\/cropped-Humakt-eV-Logo-mit-Titel-weiss-1.png","width":166,"height":250,"caption":"Humakt e.V."},"image":{"@id":"https:\/\/www.humakt.com\/#\/schema\/logo\/image\/"}}]}},"_links":{"self":[{"href":"https:\/\/www.humakt.com\/gb\/wp-json\/wp\/v2\/pages\/462","targetHints":{"allow":["GET"]}}],"collection":[{"href":"https:\/\/www.humakt.com\/gb\/wp-json\/wp\/v2\/pages"}],"about":[{"href":"https:\/\/www.humakt.com\/gb\/wp-json\/wp\/v2\/types\/page"}],"author":[{"embeddable":true,"href":"https:\/\/www.humakt.com\/gb\/wp-json\/wp\/v2\/users\/2"}],"replies":[{"embeddable":true,"href":"https:\/\/www.humakt.com\/gb\/wp-json\/wp\/v2\/comments?post=462"}],"version-history":[{"count":2,"href":"https:\/\/www.humakt.com\/gb\/wp-json\/wp\/v2\/pages\/462\/revisions"}],"predecessor-version":[{"id":464,"href":"https:\/\/www.humakt.com\/gb\/wp-json\/wp\/v2\/pages\/462\/revisions\/464"}],"up":[{"embeddable":true,"href":"https:\/\/www.humakt.com\/gb\/wp-json\/wp\/v2\/pages\/417"}],"wp:attachment":[{"href":"https:\/\/www.humakt.com\/gb\/wp-json\/wp\/v2\/media?parent=462"}],"curies":[{"name":"wp","href":"https:\/\/api.w.org\/{rel}","templated":true}]}}