{"id":450,"date":"2019-03-22T20:56:10","date_gmt":"2019-03-22T19:56:10","guid":{"rendered":"http:\/\/www.humakt.com\/?page_id=450"},"modified":"2019-03-22T22:22:35","modified_gmt":"2019-03-22T21:22:35","slug":"koenigreich-sartar-und-das-lunare-imperium","status":"publish","type":"page","link":"https:\/\/www.humakt.com\/gb\/glorantha\/hintergrundinformationen\/koenigreich-sartar-und-das-lunare-imperium\/","title":{"rendered":"K\u00f6nigreich Sartar und das Lunare Imperium"},"content":{"rendered":"<h3>Ein historischer Abriss bis 1618 SZ<\/h3>\n<h2>K\u00f6nigreich Sartar<\/h2>\n<p>Nachdem die Drachen und ihre Drachenbrut alle Menschen in der Region Drachenpass ausgel\u00f6scht hatten, kamen die ersten Siedler ab dem Jahr 1315 SZ in die Gegend. Bald bildeten sich Sippen, die sich sp\u00e4ter zu St\u00e4mmen zusammenschlossen. Doch es gab noch keine Einheit unter ihnen.<\/p>\n<p>Das \u00e4nderte sich erst als ein Mann namens Sartar ab 1470 SZ auf der <img loading=\"lazy\" decoding=\"async\" class=\"alignright wp-image-453\" src=\"https:\/\/www.humakt.com\/wp-content\/uploads\/2019\/03\/Rune-Sartar-150x150.png\" alt=\"Rune-Sartar\" width=\"150\" height=\"182\" srcset=\"https:\/\/www.humakt.com\/wp-content\/uploads\/2019\/03\/Rune-Sartar-248x300.png 248w, https:\/\/www.humakt.com\/wp-content\/uploads\/2019\/03\/Rune-Sartar.png 330w\" sizes=\"auto, (max-width: 150px) 100vw, 150px\" \/>politischen B\u00fchne auftauchte. Er schuf Frieden zwischen den St\u00e4mmen und mit anderen V\u00f6lkern. Er baute die ersten Stra\u00dfen und gr\u00fcndete die ersten St\u00e4dte, die jeweils von mehreren St\u00e4mmen gemeinsam verwaltet wurden. Nachdem er 1495 SZ die Gefiederte Pferdek\u00f6nigin heiratete, wurde er zum ersten K\u00f6nig des Landes gekr\u00f6nt. 1520 SZ stieg er zu einem Gott auf und lie\u00df seinem Volk daf\u00fcr in seiner Hauptstadt Stolzheim die ewige Flamme zur\u00fcck, die seither seinen Namen tr\u00e4gt.<\/p>\n<p>Die Generationen seiner Kinder und Kindeskinder, die ihm auf den Thron folgten, trugen den Titel F\u00fcrst und f\u00fchrten das Wirken Sartars in vielen Bereichen fort.<\/p>\n<p>Nach erbitterten jahrelangen K\u00e4mpfen eroberte 1602 SZ das Lunare Imperium das K\u00f6nigreich Sartar, t\u00f6tete F\u00fcrst Salinarg und verfolgte und ermordete alle bekannten Nachfahren K\u00f6nig Sartars. Die Flamme Sartars wurde gel\u00f6scht. Die alten Streitigkeiten zwischen den Sippen brachen daraufhin erneut auf, und auch die Telmori wurden wieder zu einer Gefahr.<\/p>\n<p>1613 SZ f\u00fchrte Kallyr Sternenstirn, die K\u00f6nigin des Kheldon-Stammes, eine Rebellion gegen die Lunaren an. Einige Sippen folgten ihr, viele andere verweigerten ihr die Gefolgschaft. Sie konnte die Flamme Sartars zum Teil entfachen. Nach anf\u00e4nglichen Erfolgen wurde die Rebellion durch die Lunaren unter F\u00fchrung von General Fazzur Vielbelesen blutig niedergeschlagen. Die meisten sartarischen Anf\u00fchrer wurden in die lunare H\u00f6lle versto\u00dfen. Kallyr wurde mehrfach gefangen genommen, konnte aber mehrfach fliehen.<\/p>\n<p>Im selben Jahr pr\u00e4sentierte das Imperium einen Mann namens Temertain der \u00d6ffentlichkeit, einen bisher unbekannten Nachfahren von K\u00f6nig Sartar. Er wurde zum neuen F\u00fcrsten von Sartar gekr\u00f6nt, auch wenn es ihm nicht gelang die Flamme Sartars wieder zu entz\u00fcnden. In seinem Palast wird er von Telmori Leibw\u00e4chtern besch\u00fctzt. Au\u00dferhalb der Hauptstadt Stolzheim besitzt er keine Macht und ist auf die Unterst\u00fctzung des Imperiums und kollaborierender Sippen angewiesen.<\/p>\n<p>Auch wenn die Lage im K\u00f6nigreich Sartar derzeit angespannt aber ruhig ist, so gibt es doch Prophezeiungen, die von den nahenden Heldenkriegen erz\u00e4hlen und von Argrath, dem Befreier, der die Flamme Sartars wieder entz\u00fcnden und das Volk vom Joch des Imperiums befreien wird.<\/p>\n<h2>Lunares Imperium<img loading=\"lazy\" decoding=\"async\" class=\"alignright wp-image-454 size-thumbnail\" src=\"https:\/\/www.humakt.com\/wp-content\/uploads\/2019\/03\/Rune-Vollmond-150x150.png\" alt=\"Rune-Vollmond\" width=\"150\" height=\"150\" srcset=\"https:\/\/www.humakt.com\/wp-content\/uploads\/2019\/03\/Rune-Vollmond-150x150.png 150w, https:\/\/www.humakt.com\/wp-content\/uploads\/2019\/03\/Rune-Vollmond-300x300.png 300w, https:\/\/www.humakt.com\/wp-content\/uploads\/2019\/03\/Rune-Vollmond-100x100.png 100w, https:\/\/www.humakt.com\/wp-content\/uploads\/2019\/03\/Rune-Vollmond.png 440w\" sizes=\"auto, (max-width: 150px) 100vw, 150px\" \/><\/h2>\n<p>Das Lunare Imperium wurde 1220 SZ mit der Geburt der Roten G\u00f6ttin und der Erschaffung des Roten Mondes gegr\u00fcndet. Bis dahin hatte ein B\u00fcndnis aller befreundeten und verfeindeten G\u00f6tter bestanden, dass man den Gro\u00dfen Kompromiss nennt. In diesem B\u00fcndnis hatten sich alle Gottheiten darauf geeinigt, dass keiner mehr dem anderen seinen Platz im Universum streitig machen w\u00fcrde. Alle bestehenden Gottheiten verpflichteten sich darin einander zu respektieren, um den G\u00f6tterkrieg zu beenden. Dar\u00fcber hinaus zeugten sie eine neue G\u00f6ttin, die sogar Macht \u00fcber die Horden des Chaos besa\u00df: die Zeit.<\/p>\n<p>Dies \u00e4nderte sich erst im Jahre 1220 SZ als die Rote G\u00f6ttin erschaffen wurde und sie Orlanth seinen Platz zwischen Himmel und Erde streitig machte. Es gibt daher Leute, die sagen, die Existenz der Roten G\u00f6ttin, w\u00fcrde die Existenz des Gro\u00dfen Kompromisses und damit ganz Gloranthas gef\u00e4hrden. Seither hat das Imperium ein Nachbarland nach dem anderen erobert. Es hat dabei die eroberten Kulturen, Religionen und Dynastien bestehen lassen, sofern sie alle die oberste Herrschaft der Roten G\u00f6ttin und des Roten Kaisers akzeptierten.<\/p>\n<p>Die Armee des Imperiums ist \u00e4hnlich vielf\u00e4ltig. Sie zieht ihre St\u00e4rke nicht aus Einheitlichkeit, sondern aus der Verbindung sehr unterschiedlicher milit\u00e4rischer Stile und Ausrichtungen. Das Imperium geht dabei sogar so weit und akzeptiert die M\u00e4chte des Chaos in ihren Reihen. Alle anderen Menschen au\u00dferhalb des Imperiums, egal welcher Sippe, Kultur oder Religion sie angeh\u00f6ren, stimmen normalerweise, trotz aller politischer und religi\u00f6ser Differenzen dar\u00fcber \u00fcberein, dass Chaos das ultimative B\u00f6se ist. Es will das Universum mit allem darin zerst\u00f6ren. Einzig die Lunaren meinen die Kr\u00e4fte des Chaos nutzen und kontrollieren zu k\u00f6nnen.<img loading=\"lazy\" decoding=\"async\" class=\"aligncenter wp-image-451\" src=\"https:\/\/www.humakt.com\/wp-content\/uploads\/2019\/03\/Feathered-Horse-Queen-150x150.png\" alt=\"Feathered-Horse-Queen by Jan Pospisil c Moon Design\" width=\"600\" height=\"474\" srcset=\"https:\/\/www.humakt.com\/wp-content\/uploads\/2019\/03\/Feathered-Horse-Queen-300x237.png 300w, https:\/\/www.humakt.com\/wp-content\/uploads\/2019\/03\/Feathered-Horse-Queen-768x607.png 768w, https:\/\/www.humakt.com\/wp-content\/uploads\/2019\/03\/Feathered-Horse-Queen.png 941w\" sizes=\"auto, (max-width: 600px) 100vw, 600px\" \/><\/p>\n<p>Das letzte Land, das erobert wurde, war Tarsh, ein enger Verb\u00fcndeter des K\u00f6nigreichs Sartar. Beide L\u00e4nder waren sich kulturell und religi\u00f6s sehr \u00e4hnlich. Gemeinsam k\u00e4mpften sie gegen das Imperium, bis die Lunaren 1582 SZ mit der Schlacht auf der Grizzlyspitze das K\u00f6nigreich Tarsh eroberten. Seither ist dieser n\u00f6rdliche Nachbar zu einem der wichtigsten Teile der Besatzungsmacht im K\u00f6nigreich Sartar geworden.<\/p>\n<p>Doch das Lunare Imperium beendete seine Expansion damit nicht. Seit 1618 SZ werden Armeen durch Sartar an die S\u00fcdgrenze des Imperiums verlegt. Es ist ein offenes Geheimnis, dass die n\u00e4chste Invasion bald bevorsteht. Ziel wird Heortland sein. Ein wohlhabendes Land am Meer, aus dem die Vorfahren der Sartarer einst in den Drachenpass zogen. K\u00f6nig Broyan bereitet sich in seiner Hauptstadt Wei\u00dfwall bereits auf die Invasion vor. Doch niemand kann sagen, ob es ihm gelingen wird, das m\u00e4chtige Imperium aufzuhalten.<\/p>\n<hr \/>\n<h2>Hinweise<\/h2>\n<ul>\n<li>Zusammenstellung und \u00dcbersetzung Robin Mitra \u00a9 2019 Humakt e.V.<\/li>\n<li>Quellen: Sartar Kingdom of Heroes, Guide to Glorantha, King of Sartar.<\/li>\n<li>Bild: Jan Posp\u00ed\u0161il \u00a9 Moon Design Publications<\/li>\n<li><a href=\"https:\/\/www.humakt.com\/wp-content\/uploads\/2019\/02\/K\u00f6nigreich-Sartar-\u00dcbersicht.pdf\">Diese Datei als PDF anzeigen<\/a>.<\/li>\n<\/ul>\n","protected":false},"excerpt":{"rendered":"<p>Ein historischer Abriss bis 1618 SZ K\u00f6nigreich Sartar Nachdem die Drachen und ihre Drachenbrut alle Menschen in der Region Drachenpass ausgel\u00f6scht hatten, kamen die ersten Siedler ab dem Jahr 1315 SZ in die Gegend. Bald bildeten sich Sippen, die sich sp\u00e4ter zu St\u00e4mmen zusammenschlossen. Doch es gab noch keine Einheit unter ihnen. Das \u00e4nderte sich &hellip; <\/p>\n<p class=\"link-more\"><a href=\"https:\/\/www.humakt.com\/gb\/glorantha\/hintergrundinformationen\/koenigreich-sartar-und-das-lunare-imperium\/\" class=\"more-link\">Continue reading<span class=\"screen-reader-text\"> &#8220;K\u00f6nigreich Sartar und das Lunare Imperium&#8221;<\/span><\/a><\/p>\n","protected":false},"author":2,"featured_media":0,"parent":420,"menu_order":0,"comment_status":"closed","ping_status":"closed","template":"","meta":{"footnotes":""},"class_list":["post-450","page","type-page","status-publish","hentry"],"translation":{"provider":"WPGlobus","version":"3.0.2","language":"gb","enabled_languages":["de","gb"],"languages":{"de":{"title":true,"content":true,"excerpt":false},"gb":{"title":false,"content":false,"excerpt":false}}},"yoast_head":"<!-- This site is optimized with the Yoast SEO plugin v27.4 - https:\/\/yoast.com\/product\/yoast-seo-wordpress\/ -->\n<title>K\u00f6nigreich Sartar und das Lunare Imperium - Humakt e.V.<\/title>\n<meta name=\"robots\" content=\"index, follow, max-snippet:-1, max-image-preview:large, max-video-preview:-1\" \/>\n<link rel=\"canonical\" href=\"https:\/\/www.humakt.com\/en\/glorantha\/hintergrundinformationen\/koenigreich-sartar-und-das-lunare-imperium\/\" \/>\n<meta property=\"og:locale\" content=\"en_GB\" \/>\n<meta property=\"og:type\" content=\"article\" \/>\n<meta property=\"og:title\" content=\"K\u00f6nigreich Sartar und das Lunare Imperium - Humakt e.V.\" \/>\n<meta property=\"og:url\" content=\"https:\/\/www.humakt.com\/en\/glorantha\/hintergrundinformationen\/koenigreich-sartar-und-das-lunare-imperium\/\" \/>\n<meta property=\"og:site_name\" content=\"Humakt e.V.\" \/>\n<meta property=\"article:modified_time\" content=\"2019-03-22T21:22:35+00:00\" \/>\n<meta property=\"og:image\" content=\"https:\/\/www.humakt.com\/wp-content\/uploads\/2019\/03\/Rune-Sartar-150x150.png\" \/>\n<meta name=\"twitter:card\" content=\"summary_large_image\" \/>\n<meta name=\"twitter:label1\" content=\"Est. reading time\" \/>\n\t<meta name=\"twitter:data1\" content=\"5 minutes\" \/>\n<script type=\"application\/ld+json\" class=\"yoast-schema-graph\">{\"@context\":\"https:\\\/\\\/schema.org\",\"@graph\":[{\"@type\":\"WebPage\",\"@id\":\"https:\\\/\\\/www.humakt.com\\\/en\\\/glorantha\\\/hintergrundinformationen\\\/koenigreich-sartar-und-das-lunare-imperium\\\/\",\"url\":\"https:\\\/\\\/www.humakt.com\\\/en\\\/glorantha\\\/hintergrundinformationen\\\/koenigreich-sartar-und-das-lunare-imperium\\\/\",\"name\":\"K\u00f6nigreich Sartar und das Lunare Imperium - Humakt e.V.\",\"isPartOf\":{\"@id\":\"https:\\\/\\\/www.humakt.com\\\/#website\"},\"primaryImageOfPage\":{\"@id\":\"https:\\\/\\\/www.humakt.com\\\/en\\\/glorantha\\\/hintergrundinformationen\\\/koenigreich-sartar-und-das-lunare-imperium\\\/#primaryimage\"},\"image\":{\"@id\":\"https:\\\/\\\/www.humakt.com\\\/en\\\/glorantha\\\/hintergrundinformationen\\\/koenigreich-sartar-und-das-lunare-imperium\\\/#primaryimage\"},\"thumbnailUrl\":\"https:\\\/\\\/www.humakt.com\\\/wp-content\\\/uploads\\\/2019\\\/03\\\/Rune-Sartar-150x150.png\",\"datePublished\":\"2019-03-22T19:56:10+00:00\",\"dateModified\":\"2019-03-22T21:22:35+00:00\",\"breadcrumb\":{\"@id\":\"https:\\\/\\\/www.humakt.com\\\/en\\\/glorantha\\\/hintergrundinformationen\\\/koenigreich-sartar-und-das-lunare-imperium\\\/#breadcrumb\"},\"inLanguage\":\"en-GB\",\"potentialAction\":[{\"@type\":\"ReadAction\",\"target\":[\"https:\\\/\\\/www.humakt.com\\\/en\\\/glorantha\\\/hintergrundinformationen\\\/koenigreich-sartar-und-das-lunare-imperium\\\/\"]}]},{\"@type\":\"ImageObject\",\"inLanguage\":\"en-GB\",\"@id\":\"https:\\\/\\\/www.humakt.com\\\/en\\\/glorantha\\\/hintergrundinformationen\\\/koenigreich-sartar-und-das-lunare-imperium\\\/#primaryimage\",\"url\":\"https:\\\/\\\/www.humakt.com\\\/wp-content\\\/uploads\\\/2019\\\/03\\\/Rune-Sartar-150x150.png\",\"contentUrl\":\"https:\\\/\\\/www.humakt.com\\\/wp-content\\\/uploads\\\/2019\\\/03\\\/Rune-Sartar-150x150.png\"},{\"@type\":\"BreadcrumbList\",\"@id\":\"https:\\\/\\\/www.humakt.com\\\/en\\\/glorantha\\\/hintergrundinformationen\\\/koenigreich-sartar-und-das-lunare-imperium\\\/#breadcrumb\",\"itemListElement\":[{\"@type\":\"ListItem\",\"position\":1,\"name\":\"Startseite\",\"item\":\"https:\\\/\\\/www.humakt.com\\\/\"},{\"@type\":\"ListItem\",\"position\":2,\"name\":\"Glorantha\",\"item\":\"https:\\\/\\\/www.humakt.com\\\/glorantha\\\/\"},{\"@type\":\"ListItem\",\"position\":3,\"name\":\"Hintergrundinformationen\",\"item\":\"https:\\\/\\\/www.humakt.com\\\/glorantha\\\/hintergrundinformationen\\\/\"},{\"@type\":\"ListItem\",\"position\":4,\"name\":\"K\u00f6nigreich Sartar und das Lunare Imperium\"}]},{\"@type\":\"WebSite\",\"@id\":\"https:\\\/\\\/www.humakt.com\\\/#website\",\"url\":\"https:\\\/\\\/www.humakt.com\\\/\",\"name\":\"Humakt e.V.\",\"description\":\"\",\"publisher\":{\"@id\":\"https:\\\/\\\/www.humakt.com\\\/#organization\"},\"potentialAction\":[{\"@type\":\"SearchAction\",\"target\":{\"@type\":\"EntryPoint\",\"urlTemplate\":\"https:\\\/\\\/www.humakt.com\\\/?s={search_term_string}\"},\"query-input\":{\"@type\":\"PropertyValueSpecification\",\"valueRequired\":true,\"valueName\":\"search_term_string\"}}],\"inLanguage\":\"en-GB\"},{\"@type\":\"Organization\",\"@id\":\"https:\\\/\\\/www.humakt.com\\\/#organization\",\"name\":\"Humakt e.V.\",\"url\":\"https:\\\/\\\/www.humakt.com\\\/\",\"logo\":{\"@type\":\"ImageObject\",\"inLanguage\":\"en-GB\",\"@id\":\"https:\\\/\\\/www.humakt.com\\\/#\\\/schema\\\/logo\\\/image\\\/\",\"url\":\"https:\\\/\\\/www.humakt.com\\\/wp-content\\\/uploads\\\/2023\\\/12\\\/cropped-Humakt-eV-Logo-mit-Titel-weiss-1.png\",\"contentUrl\":\"https:\\\/\\\/www.humakt.com\\\/wp-content\\\/uploads\\\/2023\\\/12\\\/cropped-Humakt-eV-Logo-mit-Titel-weiss-1.png\",\"width\":166,\"height\":250,\"caption\":\"Humakt e.V.\"},\"image\":{\"@id\":\"https:\\\/\\\/www.humakt.com\\\/#\\\/schema\\\/logo\\\/image\\\/\"}}]}<\/script>\n<!-- \/ Yoast SEO plugin. -->","yoast_head_json":{"title":"K\u00f6nigreich Sartar und das Lunare Imperium - Humakt e.V.","robots":{"index":"index","follow":"follow","max-snippet":"max-snippet:-1","max-image-preview":"max-image-preview:large","max-video-preview":"max-video-preview:-1"},"canonical":"https:\/\/www.humakt.com\/en\/glorantha\/hintergrundinformationen\/koenigreich-sartar-und-das-lunare-imperium\/","og_locale":"en_GB","og_type":"article","og_title":"K\u00f6nigreich Sartar und das Lunare Imperium - Humakt e.V.","og_url":"https:\/\/www.humakt.com\/en\/glorantha\/hintergrundinformationen\/koenigreich-sartar-und-das-lunare-imperium\/","og_site_name":"Humakt e.V.","article_modified_time":"2019-03-22T21:22:35+00:00","og_image":[{"url":"https:\/\/www.humakt.com\/wp-content\/uploads\/2019\/03\/Rune-Sartar-150x150.png","type":"","width":"","height":""}],"twitter_card":"summary_large_image","twitter_misc":{"Est. reading time":"5 minutes"},"schema":{"@context":"https:\/\/schema.org","@graph":[{"@type":"WebPage","@id":"https:\/\/www.humakt.com\/en\/glorantha\/hintergrundinformationen\/koenigreich-sartar-und-das-lunare-imperium\/","url":"https:\/\/www.humakt.com\/en\/glorantha\/hintergrundinformationen\/koenigreich-sartar-und-das-lunare-imperium\/","name":"K\u00f6nigreich Sartar und das Lunare Imperium - Humakt e.V.","isPartOf":{"@id":"https:\/\/www.humakt.com\/#website"},"primaryImageOfPage":{"@id":"https:\/\/www.humakt.com\/en\/glorantha\/hintergrundinformationen\/koenigreich-sartar-und-das-lunare-imperium\/#primaryimage"},"image":{"@id":"https:\/\/www.humakt.com\/en\/glorantha\/hintergrundinformationen\/koenigreich-sartar-und-das-lunare-imperium\/#primaryimage"},"thumbnailUrl":"https:\/\/www.humakt.com\/wp-content\/uploads\/2019\/03\/Rune-Sartar-150x150.png","datePublished":"2019-03-22T19:56:10+00:00","dateModified":"2019-03-22T21:22:35+00:00","breadcrumb":{"@id":"https:\/\/www.humakt.com\/en\/glorantha\/hintergrundinformationen\/koenigreich-sartar-und-das-lunare-imperium\/#breadcrumb"},"inLanguage":"en-GB","potentialAction":[{"@type":"ReadAction","target":["https:\/\/www.humakt.com\/en\/glorantha\/hintergrundinformationen\/koenigreich-sartar-und-das-lunare-imperium\/"]}]},{"@type":"ImageObject","inLanguage":"en-GB","@id":"https:\/\/www.humakt.com\/en\/glorantha\/hintergrundinformationen\/koenigreich-sartar-und-das-lunare-imperium\/#primaryimage","url":"https:\/\/www.humakt.com\/wp-content\/uploads\/2019\/03\/Rune-Sartar-150x150.png","contentUrl":"https:\/\/www.humakt.com\/wp-content\/uploads\/2019\/03\/Rune-Sartar-150x150.png"},{"@type":"BreadcrumbList","@id":"https:\/\/www.humakt.com\/en\/glorantha\/hintergrundinformationen\/koenigreich-sartar-und-das-lunare-imperium\/#breadcrumb","itemListElement":[{"@type":"ListItem","position":1,"name":"Startseite","item":"https:\/\/www.humakt.com\/"},{"@type":"ListItem","position":2,"name":"Glorantha","item":"https:\/\/www.humakt.com\/glorantha\/"},{"@type":"ListItem","position":3,"name":"Hintergrundinformationen","item":"https:\/\/www.humakt.com\/glorantha\/hintergrundinformationen\/"},{"@type":"ListItem","position":4,"name":"K\u00f6nigreich Sartar und das Lunare Imperium"}]},{"@type":"WebSite","@id":"https:\/\/www.humakt.com\/#website","url":"https:\/\/www.humakt.com\/","name":"Humakt e.V.","description":"","publisher":{"@id":"https:\/\/www.humakt.com\/#organization"},"potentialAction":[{"@type":"SearchAction","target":{"@type":"EntryPoint","urlTemplate":"https:\/\/www.humakt.com\/?s={search_term_string}"},"query-input":{"@type":"PropertyValueSpecification","valueRequired":true,"valueName":"search_term_string"}}],"inLanguage":"en-GB"},{"@type":"Organization","@id":"https:\/\/www.humakt.com\/#organization","name":"Humakt e.V.","url":"https:\/\/www.humakt.com\/","logo":{"@type":"ImageObject","inLanguage":"en-GB","@id":"https:\/\/www.humakt.com\/#\/schema\/logo\/image\/","url":"https:\/\/www.humakt.com\/wp-content\/uploads\/2023\/12\/cropped-Humakt-eV-Logo-mit-Titel-weiss-1.png","contentUrl":"https:\/\/www.humakt.com\/wp-content\/uploads\/2023\/12\/cropped-Humakt-eV-Logo-mit-Titel-weiss-1.png","width":166,"height":250,"caption":"Humakt e.V."},"image":{"@id":"https:\/\/www.humakt.com\/#\/schema\/logo\/image\/"}}]}},"_links":{"self":[{"href":"https:\/\/www.humakt.com\/gb\/wp-json\/wp\/v2\/pages\/450","targetHints":{"allow":["GET"]}}],"collection":[{"href":"https:\/\/www.humakt.com\/gb\/wp-json\/wp\/v2\/pages"}],"about":[{"href":"https:\/\/www.humakt.com\/gb\/wp-json\/wp\/v2\/types\/page"}],"author":[{"embeddable":true,"href":"https:\/\/www.humakt.com\/gb\/wp-json\/wp\/v2\/users\/2"}],"replies":[{"embeddable":true,"href":"https:\/\/www.humakt.com\/gb\/wp-json\/wp\/v2\/comments?post=450"}],"version-history":[{"count":6,"href":"https:\/\/www.humakt.com\/gb\/wp-json\/wp\/v2\/pages\/450\/revisions"}],"predecessor-version":[{"id":459,"href":"https:\/\/www.humakt.com\/gb\/wp-json\/wp\/v2\/pages\/450\/revisions\/459"}],"up":[{"embeddable":true,"href":"https:\/\/www.humakt.com\/gb\/wp-json\/wp\/v2\/pages\/420"}],"wp:attachment":[{"href":"https:\/\/www.humakt.com\/gb\/wp-json\/wp\/v2\/media?parent=450"}],"curies":[{"name":"wp","href":"https:\/\/api.w.org\/{rel}","templated":true}]}}