{"id":430,"date":"2019-03-22T20:08:47","date_gmt":"2019-03-22T19:08:47","guid":{"rendered":"http:\/\/www.humakt.com\/?page_id=430"},"modified":"2019-03-22T22:21:38","modified_gmt":"2019-03-22T21:21:38","slug":"einfuehrung-in-die-orlanthi-kultur-2","status":"publish","type":"page","link":"https:\/\/www.humakt.com\/gb\/glorantha\/hintergrundinformationen\/einfuehrung-in-die-orlanthi-kultur-2\/","title":{"rendered":"Einf\u00fchrung in die Orlanthi-Kultur"},"content":{"rendered":"<h2>Einleitung<\/h2>\n<p><img loading=\"lazy\" decoding=\"async\" class=\"alignleft wp-image-436 size-full\" src=\"https:\/\/www.humakt.com\/wp-content\/uploads\/2019\/03\/Ernalda-Priestess-Sartar-by-Jan-Pospisil-c-Moon-Design.png\" alt=\"Ernalda-Priestess-Sartar by Jan Pospisil c Moon Design\" width=\"220\" height=\"432\" srcset=\"https:\/\/www.humakt.com\/wp-content\/uploads\/2019\/03\/Ernalda-Priestess-Sartar-by-Jan-Pospisil-c-Moon-Design.png 220w, https:\/\/www.humakt.com\/wp-content\/uploads\/2019\/03\/Ernalda-Priestess-Sartar-by-Jan-Pospisil-c-Moon-Design-153x300.png 153w\" sizes=\"auto, (max-width: 220px) 100vw, 220px\" \/><\/p>\n<p>Die Orlanthi-Kultur in Glorantha entspricht ungef\u00e4hr der Bronzezeit und fr\u00fchen Eisenzeit auf der Erde. Die Orlanthi bilden eine heroische Gesellschaft, die in Sippen, St\u00e4mme und (\u00fcblicherweise recht kurzlebige) K\u00f6nigreiche gegliedert ist. Die Sippen sind die wichtigste Organisationseinheiten. Sie bestehen meisten aus 500 bis 2000 Menschen, angef\u00fchrt von einem F\u00fcrsten und einem Rat aus Priestern, Kriegern, Rechtsprechern und anderen Spezialisten. Als Faustregel k\u00f6nnen Orlanthi mit einem Mix aus Kulturen wie Mykene, Hallstatt und vorr\u00f6mischem Italien verglichen werden, mit Einfl\u00fcssen der Hettiter und Teilen der Rigweda. Wenn Du dann noch fliegende, Donner und Blitze schleudernde Kriegermagier hinzuf\u00fcgst, bist Du schon dicht dran.<\/p>\n<p>&nbsp;<\/p>\n<h2>Wirtschaft<\/h2>\n<p>Die Gesellschaft ist gepr\u00e4gt von Ackerbau und Viehzucht. Sie halten Rinder und Schafe, die sie mit der Hilfe von hundegro\u00dfen Katzen, sogenannten Alynxen, h\u00fcten. Die Orlanthi sind auch hochentwickelte Handwerker und ber\u00fchmte Bronzeschmiede, Weber und T\u00f6pfer, mit einzigartigen und reich verzierten Stilen.<\/p>\n<h2>Aussehen<img loading=\"lazy\" decoding=\"async\" class=\"alignright wp-image-437 size-full\" src=\"https:\/\/www.humakt.com\/wp-content\/uploads\/2019\/03\/Sartarite-Noble-by-Jan-Pospisil-c-Moon-Design.jpg\" alt=\"Sartarite-Noble by Jan Pospisil c Moon Design\" width=\"181\" height=\"321\" srcset=\"https:\/\/www.humakt.com\/wp-content\/uploads\/2019\/03\/Sartarite-Noble-by-Jan-Pospisil-c-Moon-Design.jpg 181w, https:\/\/www.humakt.com\/wp-content\/uploads\/2019\/03\/Sartarite-Noble-by-Jan-Pospisil-c-Moon-Design-169x300.jpg 169w\" sizes=\"auto, (max-width: 181px) 100vw, 181px\" \/><\/h2>\n<p>Die Orlanthi haben mittelbraune Haut und schwarze, braune oder r\u00f6tliche Haare. Sie beten einen Pantheon von G\u00f6ttern an, der vom Sturmk\u00f6nig Orlanth und der Erdk\u00f6nigin Ernalda angef\u00fchrt wird. Alle Geschlechter t\u00e4towieren sich mit den magischen Runen ihrer G\u00f6tter, ihrer Sippen und St\u00e4mme, ihres Status, ihres Berufs, ihrer Ahnen und heiliger Ereignisse usw. Jede Sippe hat ihre eigenen T\u00e4towierungen. Die meisten dieser Runen erhalten junge Erwachsene bei ihrer Initiation. Sp\u00e4ter k\u00f6nnen weitere Runen folgen. Sie k\u00f6nnen sich auf diversen K\u00f6rperteilen befinden, so z.B. im Gesicht, auf der Schulter, den Armen, den Beinen, im R\u00fccken, auf dem Unterleib usw.<\/p>\n<h2>Gesetz<\/h2>\n<p>Die Kultur der Orlanthi ist heroisch und rachs\u00fcchtig. Es wird gro\u00dfer Wert auf Mut, Gro\u00dfz\u00fcgigkeit und Ehre gelegt. Das erste der heiligen Gesetze lautet: \u201eNiemand kann Dich zu etwas zwingen.\u201c Und das Zweite lautet: \u201eEs gibt immer einen anderen Weg.\u201c<\/p>\n<h2>Waffen und R\u00fcstungen<img loading=\"lazy\" decoding=\"async\" class=\"wp-image-438 size-full alignright\" src=\"https:\/\/www.humakt.com\/wp-content\/uploads\/2019\/03\/warrior_inks_hires-212x300-by-Juha-Makkonen-c-Moon-Design.jpg\" alt=\"warrior_inks_hires-212x300 by Juha Makkonen c Moon Design\" width=\"212\" height=\"300\" \/><\/h2>\n<p>Die Hauptwaffen der Orlanthi sind Speere mit Bronzespitzen, Bronze\u00e4xte und Holzschilde. Wohlhabende Leute tragen dazu Schwert, Helm und Bronzer\u00fcstung. Als Fernkampfwaffen sind Bogen, Speere und Schleudern gebr\u00e4uchlich. Die Schwerter sind \u00fcblicherweise lang, haben eine Blattform und sind gleicherma\u00dfen geeignet zum Stechen und Schneiden. Reiter bevorzugen meistens Schwerter mit l\u00e4ngerer Klinge. Schwerter von hoher Qualit\u00e4t sind meist reich verziert und besitzen oft eigene Namen. Metallr\u00fcstungen sind selten und sehr kostbar. Nur F\u00fcrsten und Thanen (hauptberufliche Krieger) tragen bronzene Schuppenpanzer, Kettenr\u00fcstungen, K\u00fcrass oder Platte. Manchmal sch\u00fctzen auch Beinschienen die Beine. Bronzene Helme kommen in einer Vielzahl von Stilen vor: mit Wangenklappen, mit Schutz f\u00fcr Nase oder Nacken oder als Vollhelm mit Schlitzen f\u00fcr Augen und Mund. Orlanthi verzieren ihre Helme mit Einlagen, Helmbusch oder Federn. Einige Kulte benutzen besondere Helme mit Widder- oder Bullenh\u00f6rnern, um die jeweiligen G\u00f6tter zu symbolisieren.<\/p>\n<h2>Verschiedene Orlanthi Kulturen<\/h2>\n<p>Die Orlanthi sind eine von vier vorherrschenden Kulturen auf Genertela, dem Nordkontinent von Glorantha. Die anderen sind die Westliche, die Pelorische und die Vithelische Kultur. Alle Orlanthi haben bestimmte gemeinsame Merkmale:<\/p>\n<ol>\n<li>Die Sippe bildet die grundlegende gesellschaftliche Organisationseinheit. Sie besteht aus Mitgliedern mit erweiterten Verwandtschaftsgraden und einem tats\u00e4chlichen oder zumindest angenommenen gemeinsamen Ahnen.<\/li>\n<li>Orlanth ist anerkannt als Sturmk\u00f6nig und Lichtbringer (auch wenn er lokal nicht unbedingt der wichtigste Gott sein muss).<\/li>\n<li>Ernalda wird als oberste Erdg\u00f6ttin verehrt (auch wenn sie lokal nicht unbedingt die wichtigste G\u00f6ttin sein muss).<\/li>\n<li>Beide sind eng miteinander verbunden, auch wenn die Beziehung manchmal nicht ganz nachvollziehbar ist.<\/li>\n<li>Es wird der sogenannte Orlanthi G\u00f6tter-Pantheon verehrt, plusminus ein paar G\u00f6ttern.<\/li>\n<li>Die zwei Wochen der heiligen Zeit zwischen den Jahren sind Zeit dauerhafter Rituale und Magie.<\/li>\n<li>Es besteht eine Schriftsprache, deren Wissen aber meist auf eine kleine Priestergruppe beschr\u00e4nkt ist.<\/li>\n<\/ol>\n<p>Neben diesen sieben gemeinsamen Merkmalen gibt es viele und durchaus gravieren Unterschiede zwischen den Kulturen der Orlanthi.<\/p>\n<h2>Region des Drachenpasses<\/h2>\n<p>Wenn Du an den Drachenpass denkst, denk an die Schweiz oder Tirol, besiedelt von afghanischen St\u00e4mmen, die sich gegenseitig bekriegen, dann hast Du schon ein gutes Bild dieser Region vor Augen. Die Sturmg\u00f6tter sind hier besonders m\u00e4chtig und daher ist das Wetter oft extrem. Es gibt sonnige Sommertage, die pl\u00f6tzlich in schreckliche St\u00fcrme mit Blitz und Donner umschlagen. Die Winter bringen viel Eis und Schnee und k\u00f6nnen genauso schnell in Regen umschlagen. Die alles \u00fcberragende Landmarke ist der Berg Kero Fin. Stell Dir Mount Rainier vor, mit noch einem Mount Rainier auf der Spitze und darauf noch einem Mount Rainier. Du erh\u00e4ltst einen Berg, der aussieht wie ein Eiszapfen und 12.000 Schritt hoch ist. An einem sonnigen Tag kannst Du Kero Fin von \u00fcberall aus dem Drachen Pass sehen. Irgendwann verschwimmt nur die Sicht durch die Luft \u2013 denn wir wissen Glorantha ist flach.<\/p>\n<p><img loading=\"lazy\" decoding=\"async\" class=\"aligncenter wp-image-435\" src=\"https:\/\/www.humakt.com\/wp-content\/uploads\/2019\/03\/Earth-Season-by-Jennifer-Lange-c-Moon-Design-300x217.jpg\" alt=\"Earth Season by Jennifer Lange c Moon Design\" width=\"600\" height=\"434\" srcset=\"https:\/\/www.humakt.com\/wp-content\/uploads\/2019\/03\/Earth-Season-by-Jennifer-Lange-c-Moon-Design-300x217.jpg 300w, https:\/\/www.humakt.com\/wp-content\/uploads\/2019\/03\/Earth-Season-by-Jennifer-Lange-c-Moon-Design-768x556.jpg 768w, https:\/\/www.humakt.com\/wp-content\/uploads\/2019\/03\/Earth-Season-by-Jennifer-Lange-c-Moon-Design.jpg 1000w\" sizes=\"auto, (max-width: 600px) 100vw, 600px\" \/><\/p>\n<hr \/>\n<h2>Hinweise<\/h2>\n<ul>\n<li><a href=\"https:\/\/www.humakt.com\/wp-content\/uploads\/2019\/03\/Einf\u00fchrung-in-die-Orlanthi-Kultur.pdf\">Diese Seite als PDF anzeigen. <\/a><\/li>\n<li>von Jeff Richard \u00a9 2015 Moon Design Publications. Quellen: <a href=\"http:\/\/www.glorantha.com\/docs\/orlanthi-overview\/\">http:\/\/www.glorantha.com\/docs\/orlanthi-overview\/<\/a> und <a href=\"http:\/\/www.glorantha.com\/docs\/quick-summary-gloranthan-cultures-part-one-orlanthi-dragon-pass-and-holy-country\/\">http:\/\/www.glorantha.com\/docs\/quick-summary-gloranthan-cultures-part-one-orlanthi-dragon-pass-and-holy-country\/<\/a><\/li>\n<li>Zusammenstellung und \u00dcbersetzung aus dem Englischen Robin Mitra \u00a9 2019 Humakt e.V.<\/li>\n<li>Bilder: Krieger Juha Makkonen, Priesterin\/Adliger Jan Pospisil, Kero Fin Jennifer Lange. alle \u00a9 2015 Moon Design.<\/li>\n<\/ul>\n","protected":false},"excerpt":{"rendered":"<p>Einleitung Die Orlanthi-Kultur in Glorantha entspricht ungef\u00e4hr der Bronzezeit und fr\u00fchen Eisenzeit auf der Erde. Die Orlanthi bilden eine heroische Gesellschaft, die in Sippen, St\u00e4mme und (\u00fcblicherweise recht kurzlebige) K\u00f6nigreiche gegliedert ist. Die Sippen sind die wichtigste Organisationseinheiten. Sie bestehen meisten aus 500 bis 2000 Menschen, angef\u00fchrt von einem F\u00fcrsten und einem Rat aus Priestern, &hellip; <\/p>\n<p class=\"link-more\"><a href=\"https:\/\/www.humakt.com\/gb\/glorantha\/hintergrundinformationen\/einfuehrung-in-die-orlanthi-kultur-2\/\" class=\"more-link\">Continue reading<span class=\"screen-reader-text\"> &#8220;Einf\u00fchrung in die Orlanthi-Kultur&#8221;<\/span><\/a><\/p>\n","protected":false},"author":2,"featured_media":0,"parent":420,"menu_order":0,"comment_status":"closed","ping_status":"closed","template":"","meta":{"footnotes":""},"class_list":["post-430","page","type-page","status-publish","hentry"],"translation":{"provider":"WPGlobus","version":"3.0.2","language":"gb","enabled_languages":["de","gb"],"languages":{"de":{"title":true,"content":true,"excerpt":false},"gb":{"title":false,"content":false,"excerpt":false}}},"yoast_head":"<!-- This site is optimized with the Yoast SEO plugin v27.4 - https:\/\/yoast.com\/product\/yoast-seo-wordpress\/ -->\n<title>Einf\u00fchrung in die Orlanthi-Kultur - Humakt e.V.<\/title>\n<meta name=\"robots\" content=\"index, follow, max-snippet:-1, max-image-preview:large, max-video-preview:-1\" \/>\n<link rel=\"canonical\" href=\"https:\/\/www.humakt.com\/glorantha\/hintergrundinformationen\/einfuehrung-in-die-orlanthi-kultur-2\/\" \/>\n<meta property=\"og:locale\" content=\"en_GB\" \/>\n<meta property=\"og:type\" content=\"article\" \/>\n<meta property=\"og:title\" content=\"Einf\u00fchrung in die Orlanthi-Kultur - Humakt e.V.\" \/>\n<meta property=\"og:url\" content=\"https:\/\/www.humakt.com\/glorantha\/hintergrundinformationen\/einfuehrung-in-die-orlanthi-kultur-2\/\" \/>\n<meta property=\"og:site_name\" content=\"Humakt e.V.\" \/>\n<meta property=\"article:modified_time\" content=\"2019-03-22T21:21:38+00:00\" \/>\n<meta property=\"og:image\" content=\"https:\/\/www.humakt.com\/wp-content\/uploads\/2019\/03\/Ernalda-Priestess-Sartar-by-Jan-Pospisil-c-Moon-Design.png\" \/>\n<meta name=\"twitter:card\" content=\"summary_large_image\" \/>\n<meta name=\"twitter:label1\" content=\"Est. reading time\" \/>\n\t<meta name=\"twitter:data1\" content=\"4 minutes\" \/>\n<script type=\"application\/ld+json\" class=\"yoast-schema-graph\">{\"@context\":\"https:\\\/\\\/schema.org\",\"@graph\":[{\"@type\":\"WebPage\",\"@id\":\"https:\\\/\\\/www.humakt.com\\\/glorantha\\\/hintergrundinformationen\\\/einfuehrung-in-die-orlanthi-kultur-2\\\/\",\"url\":\"https:\\\/\\\/www.humakt.com\\\/glorantha\\\/hintergrundinformationen\\\/einfuehrung-in-die-orlanthi-kultur-2\\\/\",\"name\":\"Einf\u00fchrung in die Orlanthi-Kultur - Humakt e.V.\",\"isPartOf\":{\"@id\":\"https:\\\/\\\/www.humakt.com\\\/#website\"},\"primaryImageOfPage\":{\"@id\":\"https:\\\/\\\/www.humakt.com\\\/glorantha\\\/hintergrundinformationen\\\/einfuehrung-in-die-orlanthi-kultur-2\\\/#primaryimage\"},\"image\":{\"@id\":\"https:\\\/\\\/www.humakt.com\\\/glorantha\\\/hintergrundinformationen\\\/einfuehrung-in-die-orlanthi-kultur-2\\\/#primaryimage\"},\"thumbnailUrl\":\"https:\\\/\\\/www.humakt.com\\\/wp-content\\\/uploads\\\/2019\\\/03\\\/Ernalda-Priestess-Sartar-by-Jan-Pospisil-c-Moon-Design.png\",\"datePublished\":\"2019-03-22T19:08:47+00:00\",\"dateModified\":\"2019-03-22T21:21:38+00:00\",\"breadcrumb\":{\"@id\":\"https:\\\/\\\/www.humakt.com\\\/glorantha\\\/hintergrundinformationen\\\/einfuehrung-in-die-orlanthi-kultur-2\\\/#breadcrumb\"},\"inLanguage\":\"en-GB\",\"potentialAction\":[{\"@type\":\"ReadAction\",\"target\":[\"https:\\\/\\\/www.humakt.com\\\/glorantha\\\/hintergrundinformationen\\\/einfuehrung-in-die-orlanthi-kultur-2\\\/\"]}]},{\"@type\":\"ImageObject\",\"inLanguage\":\"en-GB\",\"@id\":\"https:\\\/\\\/www.humakt.com\\\/glorantha\\\/hintergrundinformationen\\\/einfuehrung-in-die-orlanthi-kultur-2\\\/#primaryimage\",\"url\":\"https:\\\/\\\/www.humakt.com\\\/wp-content\\\/uploads\\\/2019\\\/03\\\/Ernalda-Priestess-Sartar-by-Jan-Pospisil-c-Moon-Design.png\",\"contentUrl\":\"https:\\\/\\\/www.humakt.com\\\/wp-content\\\/uploads\\\/2019\\\/03\\\/Ernalda-Priestess-Sartar-by-Jan-Pospisil-c-Moon-Design.png\"},{\"@type\":\"BreadcrumbList\",\"@id\":\"https:\\\/\\\/www.humakt.com\\\/glorantha\\\/hintergrundinformationen\\\/einfuehrung-in-die-orlanthi-kultur-2\\\/#breadcrumb\",\"itemListElement\":[{\"@type\":\"ListItem\",\"position\":1,\"name\":\"Startseite\",\"item\":\"https:\\\/\\\/www.humakt.com\\\/\"},{\"@type\":\"ListItem\",\"position\":2,\"name\":\"Glorantha\",\"item\":\"https:\\\/\\\/www.humakt.com\\\/glorantha\\\/\"},{\"@type\":\"ListItem\",\"position\":3,\"name\":\"Hintergrundinformationen\",\"item\":\"https:\\\/\\\/www.humakt.com\\\/glorantha\\\/hintergrundinformationen\\\/\"},{\"@type\":\"ListItem\",\"position\":4,\"name\":\"Einf\u00fchrung in die Orlanthi-Kultur\"}]},{\"@type\":\"WebSite\",\"@id\":\"https:\\\/\\\/www.humakt.com\\\/#website\",\"url\":\"https:\\\/\\\/www.humakt.com\\\/\",\"name\":\"Humakt e.V.\",\"description\":\"\",\"publisher\":{\"@id\":\"https:\\\/\\\/www.humakt.com\\\/#organization\"},\"potentialAction\":[{\"@type\":\"SearchAction\",\"target\":{\"@type\":\"EntryPoint\",\"urlTemplate\":\"https:\\\/\\\/www.humakt.com\\\/?s={search_term_string}\"},\"query-input\":{\"@type\":\"PropertyValueSpecification\",\"valueRequired\":true,\"valueName\":\"search_term_string\"}}],\"inLanguage\":\"en-GB\"},{\"@type\":\"Organization\",\"@id\":\"https:\\\/\\\/www.humakt.com\\\/#organization\",\"name\":\"Humakt e.V.\",\"url\":\"https:\\\/\\\/www.humakt.com\\\/\",\"logo\":{\"@type\":\"ImageObject\",\"inLanguage\":\"en-GB\",\"@id\":\"https:\\\/\\\/www.humakt.com\\\/#\\\/schema\\\/logo\\\/image\\\/\",\"url\":\"https:\\\/\\\/www.humakt.com\\\/wp-content\\\/uploads\\\/2023\\\/12\\\/cropped-Humakt-eV-Logo-mit-Titel-weiss-1.png\",\"contentUrl\":\"https:\\\/\\\/www.humakt.com\\\/wp-content\\\/uploads\\\/2023\\\/12\\\/cropped-Humakt-eV-Logo-mit-Titel-weiss-1.png\",\"width\":166,\"height\":250,\"caption\":\"Humakt e.V.\"},\"image\":{\"@id\":\"https:\\\/\\\/www.humakt.com\\\/#\\\/schema\\\/logo\\\/image\\\/\"}}]}<\/script>\n<!-- \/ Yoast SEO plugin. -->","yoast_head_json":{"title":"Einf\u00fchrung in die Orlanthi-Kultur - Humakt e.V.","robots":{"index":"index","follow":"follow","max-snippet":"max-snippet:-1","max-image-preview":"max-image-preview:large","max-video-preview":"max-video-preview:-1"},"canonical":"https:\/\/www.humakt.com\/glorantha\/hintergrundinformationen\/einfuehrung-in-die-orlanthi-kultur-2\/","og_locale":"en_GB","og_type":"article","og_title":"Einf\u00fchrung in die Orlanthi-Kultur - Humakt e.V.","og_url":"https:\/\/www.humakt.com\/glorantha\/hintergrundinformationen\/einfuehrung-in-die-orlanthi-kultur-2\/","og_site_name":"Humakt e.V.","article_modified_time":"2019-03-22T21:21:38+00:00","og_image":[{"url":"https:\/\/www.humakt.com\/wp-content\/uploads\/2019\/03\/Ernalda-Priestess-Sartar-by-Jan-Pospisil-c-Moon-Design.png","type":"","width":"","height":""}],"twitter_card":"summary_large_image","twitter_misc":{"Est. reading time":"4 minutes"},"schema":{"@context":"https:\/\/schema.org","@graph":[{"@type":"WebPage","@id":"https:\/\/www.humakt.com\/glorantha\/hintergrundinformationen\/einfuehrung-in-die-orlanthi-kultur-2\/","url":"https:\/\/www.humakt.com\/glorantha\/hintergrundinformationen\/einfuehrung-in-die-orlanthi-kultur-2\/","name":"Einf\u00fchrung in die Orlanthi-Kultur - Humakt e.V.","isPartOf":{"@id":"https:\/\/www.humakt.com\/#website"},"primaryImageOfPage":{"@id":"https:\/\/www.humakt.com\/glorantha\/hintergrundinformationen\/einfuehrung-in-die-orlanthi-kultur-2\/#primaryimage"},"image":{"@id":"https:\/\/www.humakt.com\/glorantha\/hintergrundinformationen\/einfuehrung-in-die-orlanthi-kultur-2\/#primaryimage"},"thumbnailUrl":"https:\/\/www.humakt.com\/wp-content\/uploads\/2019\/03\/Ernalda-Priestess-Sartar-by-Jan-Pospisil-c-Moon-Design.png","datePublished":"2019-03-22T19:08:47+00:00","dateModified":"2019-03-22T21:21:38+00:00","breadcrumb":{"@id":"https:\/\/www.humakt.com\/glorantha\/hintergrundinformationen\/einfuehrung-in-die-orlanthi-kultur-2\/#breadcrumb"},"inLanguage":"en-GB","potentialAction":[{"@type":"ReadAction","target":["https:\/\/www.humakt.com\/glorantha\/hintergrundinformationen\/einfuehrung-in-die-orlanthi-kultur-2\/"]}]},{"@type":"ImageObject","inLanguage":"en-GB","@id":"https:\/\/www.humakt.com\/glorantha\/hintergrundinformationen\/einfuehrung-in-die-orlanthi-kultur-2\/#primaryimage","url":"https:\/\/www.humakt.com\/wp-content\/uploads\/2019\/03\/Ernalda-Priestess-Sartar-by-Jan-Pospisil-c-Moon-Design.png","contentUrl":"https:\/\/www.humakt.com\/wp-content\/uploads\/2019\/03\/Ernalda-Priestess-Sartar-by-Jan-Pospisil-c-Moon-Design.png"},{"@type":"BreadcrumbList","@id":"https:\/\/www.humakt.com\/glorantha\/hintergrundinformationen\/einfuehrung-in-die-orlanthi-kultur-2\/#breadcrumb","itemListElement":[{"@type":"ListItem","position":1,"name":"Startseite","item":"https:\/\/www.humakt.com\/"},{"@type":"ListItem","position":2,"name":"Glorantha","item":"https:\/\/www.humakt.com\/glorantha\/"},{"@type":"ListItem","position":3,"name":"Hintergrundinformationen","item":"https:\/\/www.humakt.com\/glorantha\/hintergrundinformationen\/"},{"@type":"ListItem","position":4,"name":"Einf\u00fchrung in die Orlanthi-Kultur"}]},{"@type":"WebSite","@id":"https:\/\/www.humakt.com\/#website","url":"https:\/\/www.humakt.com\/","name":"Humakt e.V.","description":"","publisher":{"@id":"https:\/\/www.humakt.com\/#organization"},"potentialAction":[{"@type":"SearchAction","target":{"@type":"EntryPoint","urlTemplate":"https:\/\/www.humakt.com\/?s={search_term_string}"},"query-input":{"@type":"PropertyValueSpecification","valueRequired":true,"valueName":"search_term_string"}}],"inLanguage":"en-GB"},{"@type":"Organization","@id":"https:\/\/www.humakt.com\/#organization","name":"Humakt e.V.","url":"https:\/\/www.humakt.com\/","logo":{"@type":"ImageObject","inLanguage":"en-GB","@id":"https:\/\/www.humakt.com\/#\/schema\/logo\/image\/","url":"https:\/\/www.humakt.com\/wp-content\/uploads\/2023\/12\/cropped-Humakt-eV-Logo-mit-Titel-weiss-1.png","contentUrl":"https:\/\/www.humakt.com\/wp-content\/uploads\/2023\/12\/cropped-Humakt-eV-Logo-mit-Titel-weiss-1.png","width":166,"height":250,"caption":"Humakt e.V."},"image":{"@id":"https:\/\/www.humakt.com\/#\/schema\/logo\/image\/"}}]}},"_links":{"self":[{"href":"https:\/\/www.humakt.com\/gb\/wp-json\/wp\/v2\/pages\/430","targetHints":{"allow":["GET"]}}],"collection":[{"href":"https:\/\/www.humakt.com\/gb\/wp-json\/wp\/v2\/pages"}],"about":[{"href":"https:\/\/www.humakt.com\/gb\/wp-json\/wp\/v2\/types\/page"}],"author":[{"embeddable":true,"href":"https:\/\/www.humakt.com\/gb\/wp-json\/wp\/v2\/users\/2"}],"replies":[{"embeddable":true,"href":"https:\/\/www.humakt.com\/gb\/wp-json\/wp\/v2\/comments?post=430"}],"version-history":[{"count":13,"href":"https:\/\/www.humakt.com\/gb\/wp-json\/wp\/v2\/pages\/430\/revisions"}],"predecessor-version":[{"id":447,"href":"https:\/\/www.humakt.com\/gb\/wp-json\/wp\/v2\/pages\/430\/revisions\/447"}],"up":[{"embeddable":true,"href":"https:\/\/www.humakt.com\/gb\/wp-json\/wp\/v2\/pages\/420"}],"wp:attachment":[{"href":"https:\/\/www.humakt.com\/gb\/wp-json\/wp\/v2\/media?parent=430"}],"curies":[{"name":"wp","href":"https:\/\/api.w.org\/{rel}","templated":true}]}}