{"id":417,"date":"2019-03-22T18:03:35","date_gmt":"2019-03-22T17:03:35","guid":{"rendered":"http:\/\/www.humakt.com\/?page_id=417"},"modified":"2019-08-26T18:19:02","modified_gmt":"2019-08-26T17:19:02","slug":"mythen-legenden-und-lieder","status":"publish","type":"page","link":"https:\/\/www.humakt.com\/gb\/glorantha\/mythen-legenden-und-lieder\/","title":{"rendered":"Mythen, Legenden und Lieder"},"content":{"rendered":"\n<div class=\"wp-block-group\"><div class=\"wp-block-group__inner-container is-layout-flow wp-block-group-is-layout-flow\">\n<p>Mythen und Legenden sind in Glorantha real. Sie k\u00f6nnen dieselben Auswirkungen auf die Zukunft haben, wie Ereignisse, die Charaktere selbst erlebt haben. Deswegen werden sie auch gehandelt, getauscht und mitunter sogar gestohlen. Mythen und Legenden k\u00f6nnen in einer Gesellschaft Allgemeinwissen sein oder sie k\u00f6nnen nur einem kleinen Kreis von Eingeweihten bekannt sein. Mehrere Geschichten zum selben mythologischen Ereignis widersprechen sich dabei oft. Eine Priesterin kann an einem Tag Geschichte X erz\u00e4hlen und an einem anderen Tag Geschichte X, die sich scheinbar gegenseitig ausschlie\u00dfen. Dies ist kein Fehler, sondern in Glorantha v\u00f6llig normal. Beide Geschichten sind real und beide Geschichten sind magisch.<\/p>\n<h2>Mythen<\/h2>\n<table style=\"height: 213px;\" width=\"585\">\n<tbody>\n<tr>\n<td width=\"132\">Balazar<\/td>\n<td width=\"472\"><a href=\"https:\/\/www.humakt.com\/glorantha\/mythen-legenden-und-lieder\/ein-balazarischer-menstruationsmythos\/\">Ein balazarischer Menstruationsmythos?<\/a><\/td>\n<\/tr>\n<tr>\n<td width=\"132\">Balazar<\/td>\n<td width=\"472\"><a href=\"https:\/\/www.humakt.com\/glorantha\/mythen-legenden-und-lieder\/findelkind-jagt-die-jaegerin-2\/\">Findelkind jagt die J\u00e4gerin<\/a><\/td>\n<\/tr>\n<tr>\n<td width=\"132\">Balazar<\/td>\n<td width=\"472\"><a href=\"https:\/\/www.humakt.com\/glorantha\/mythen-legenden-und-lieder\/wie-bruder-hund-zu-findelkind-kam-2\/\">Wie Bruder Hund zu Findelkind kam<\/a><\/td>\n<\/tr>\n<tr>\n<td width=\"132\">Balazar<\/td>\n<td width=\"472\"><a href=\"https:\/\/www.humakt.com\/glorantha\/mythen-legenden-und-lieder\/wie-herdmutter-das-feuer-gebar-2\/\">Wie Herdmutter das Feuer gebar<\/a><\/td>\n<\/tr>\n<tr>\n<td width=\"132\">Drachenpass<\/td>\n<td width=\"472\"><a href=\"https:\/\/www.humakt.com\/glorantha\/mythen-legenden-und-lieder\/der-bullenbrueller\/\">Der Bullenbr\u00fcller<\/a><\/td>\n<\/tr>\n<\/tr>\n<tr valign=\"top\">\n<td width=\"117\">Drachenpass<\/td>\n<td width=\"457\"><a href=\"https:\/\/www.humakt.com\/glorantha\/mythen-legenden-und-lieder\/orlanth-begegnet-ernalda-2\/\">Orlanth begegnet Ernalda<\/a><\/td>\n<\/tr>\n<tr>\n<td width=\"132\">Drachenpass<\/td>\n<td width=\"472\"><a href=\"https:\/\/www.humakt.com\/glorantha\/mythen-legenden-und-lieder\/wie-chalana-arroy-die-motte-verbrannte-2\/\">Wie Chalana Arroy die Motte verbrannte<\/a><\/td>\n<\/tr>\n<tr>\n<td width=\"132\">Drachenpass<\/td>\n<td width=\"472\"><a href=\"https:\/\/www.humakt.com\/glorantha\/mythen-legenden-und-lieder\/wie-orlanth-das-loch-im-dach-flickte-2\/\">Wie Orlanth das Loch im Dach flickte<\/a><\/td>\n<\/tr>\n<tr>\n<td width=\"132\">Drachenpass<\/td>\n<td width=\"472\"><a href=\"https:\/\/www.humakt.com\/glorantha\/mythen-legenden-und-lieder\/yinkin-der-schafhirte\/\">Yinkin der Schafhirte<\/a><\/td>\n<\/tr>\n<\/tbody>\n<\/table>\n<h2>Legenden<\/h2>\n<table width=\"604\" cellspacing=\"0\" cellpadding=\"7\"><colgroup> <col width=\"117\"> <col width=\"457\"> <\/colgroup>\n<tbody>\n<tr valign=\"top\">\n<td width=\"117\">Drachenpass<\/td>\n<td width=\"457\"><a href=\"https:\/\/www.humakt.com\/glorantha\/mythen-legenden-und-lieder\/kindersuche-im-sauren-hirschland\/\">Kindersuche im Sauren Hirschland<\/a><\/td>\n<tr valign=\"top\">\n<td width=\"117\">&nbsp;<\/td>\n<td width=\"457\">&nbsp;<\/td>\n<\/tr>\n<\/tbody>\n<\/table>\n<\/div><\/div>\n","protected":false},"excerpt":{"rendered":"<p>Mythen und Legenden sind in Glorantha real. Sie k\u00f6nnen dieselben Auswirkungen auf die Zukunft haben, wie Ereignisse, die Charaktere selbst erlebt haben. Deswegen werden sie auch gehandelt, getauscht und mitunter sogar gestohlen. Mythen und Legenden k\u00f6nnen in einer Gesellschaft Allgemeinwissen sein oder sie k\u00f6nnen nur einem kleinen Kreis von Eingeweihten bekannt sein. Mehrere Geschichten zum &hellip; <\/p>\n<p class=\"link-more\"><a href=\"https:\/\/www.humakt.com\/gb\/glorantha\/mythen-legenden-und-lieder\/\" class=\"more-link\">Continue reading<span class=\"screen-reader-text\"> &#8220;Mythen, Legenden und Lieder&#8221;<\/span><\/a><\/p>\n","protected":false},"author":2,"featured_media":0,"parent":89,"menu_order":0,"comment_status":"closed","ping_status":"closed","template":"","meta":{"footnotes":""},"class_list":["post-417","page","type-page","status-publish","hentry"],"translation":{"provider":"WPGlobus","version":"3.0.2","language":"gb","enabled_languages":["de","gb"],"languages":{"de":{"title":true,"content":true,"excerpt":false},"gb":{"title":false,"content":false,"excerpt":false}}},"yoast_head":"<!-- This site is optimized with the Yoast SEO plugin v27.5 - https:\/\/yoast.com\/product\/yoast-seo-wordpress\/ -->\n<title>Mythen, Legenden und Lieder - Humakt e.V.<\/title>\n<meta name=\"robots\" content=\"index, follow, max-snippet:-1, max-image-preview:large, max-video-preview:-1\" \/>\n<link rel=\"canonical\" href=\"https:\/\/www.humakt.com\/glorantha\/mythen-legenden-und-lieder\/\" \/>\n<meta property=\"og:locale\" content=\"en_GB\" \/>\n<meta property=\"og:type\" content=\"article\" \/>\n<meta property=\"og:title\" content=\"Mythen, Legenden und Lieder - Humakt e.V.\" \/>\n<meta property=\"og:url\" content=\"https:\/\/www.humakt.com\/glorantha\/mythen-legenden-und-lieder\/\" \/>\n<meta property=\"og:site_name\" content=\"Humakt e.V.\" \/>\n<meta property=\"article:modified_time\" content=\"2019-08-26T17:19:02+00:00\" \/>\n<meta name=\"twitter:card\" content=\"summary_large_image\" \/>\n<meta name=\"twitter:label1\" content=\"Est. reading time\" \/>\n\t<meta name=\"twitter:data1\" content=\"1 minute\" \/>\n<script type=\"application\/ld+json\" class=\"yoast-schema-graph\">{\"@context\":\"https:\\\/\\\/schema.org\",\"@graph\":[{\"@type\":\"WebPage\",\"@id\":\"https:\\\/\\\/www.humakt.com\\\/glorantha\\\/mythen-legenden-und-lieder\\\/\",\"url\":\"https:\\\/\\\/www.humakt.com\\\/glorantha\\\/mythen-legenden-und-lieder\\\/\",\"name\":\"Mythen, Legenden und Lieder - Humakt e.V.\",\"isPartOf\":{\"@id\":\"https:\\\/\\\/www.humakt.com\\\/#website\"},\"datePublished\":\"2019-03-22T17:03:35+00:00\",\"dateModified\":\"2019-08-26T17:19:02+00:00\",\"breadcrumb\":{\"@id\":\"https:\\\/\\\/www.humakt.com\\\/glorantha\\\/mythen-legenden-und-lieder\\\/#breadcrumb\"},\"inLanguage\":\"en-GB\",\"potentialAction\":[{\"@type\":\"ReadAction\",\"target\":[\"https:\\\/\\\/www.humakt.com\\\/glorantha\\\/mythen-legenden-und-lieder\\\/\"]}]},{\"@type\":\"BreadcrumbList\",\"@id\":\"https:\\\/\\\/www.humakt.com\\\/glorantha\\\/mythen-legenden-und-lieder\\\/#breadcrumb\",\"itemListElement\":[{\"@type\":\"ListItem\",\"position\":1,\"name\":\"Startseite\",\"item\":\"https:\\\/\\\/www.humakt.com\\\/\"},{\"@type\":\"ListItem\",\"position\":2,\"name\":\"Glorantha\",\"item\":\"https:\\\/\\\/www.humakt.com\\\/glorantha\\\/\"},{\"@type\":\"ListItem\",\"position\":3,\"name\":\"Mythen, Legenden und Lieder\"}]},{\"@type\":\"WebSite\",\"@id\":\"https:\\\/\\\/www.humakt.com\\\/#website\",\"url\":\"https:\\\/\\\/www.humakt.com\\\/\",\"name\":\"Humakt e.V.\",\"description\":\"\",\"publisher\":{\"@id\":\"https:\\\/\\\/www.humakt.com\\\/#organization\"},\"potentialAction\":[{\"@type\":\"SearchAction\",\"target\":{\"@type\":\"EntryPoint\",\"urlTemplate\":\"https:\\\/\\\/www.humakt.com\\\/?s={search_term_string}\"},\"query-input\":{\"@type\":\"PropertyValueSpecification\",\"valueRequired\":true,\"valueName\":\"search_term_string\"}}],\"inLanguage\":\"en-GB\"},{\"@type\":\"Organization\",\"@id\":\"https:\\\/\\\/www.humakt.com\\\/#organization\",\"name\":\"Humakt e.V.\",\"url\":\"https:\\\/\\\/www.humakt.com\\\/\",\"logo\":{\"@type\":\"ImageObject\",\"inLanguage\":\"en-GB\",\"@id\":\"https:\\\/\\\/www.humakt.com\\\/#\\\/schema\\\/logo\\\/image\\\/\",\"url\":\"https:\\\/\\\/www.humakt.com\\\/wp-content\\\/uploads\\\/2023\\\/12\\\/cropped-Humakt-eV-Logo-mit-Titel-weiss-1.png\",\"contentUrl\":\"https:\\\/\\\/www.humakt.com\\\/wp-content\\\/uploads\\\/2023\\\/12\\\/cropped-Humakt-eV-Logo-mit-Titel-weiss-1.png\",\"width\":166,\"height\":250,\"caption\":\"Humakt e.V.\"},\"image\":{\"@id\":\"https:\\\/\\\/www.humakt.com\\\/#\\\/schema\\\/logo\\\/image\\\/\"}}]}<\/script>\n<!-- \/ Yoast SEO plugin. -->","yoast_head_json":{"title":"Mythen, Legenden und Lieder - Humakt e.V.","robots":{"index":"index","follow":"follow","max-snippet":"max-snippet:-1","max-image-preview":"max-image-preview:large","max-video-preview":"max-video-preview:-1"},"canonical":"https:\/\/www.humakt.com\/glorantha\/mythen-legenden-und-lieder\/","og_locale":"en_GB","og_type":"article","og_title":"Mythen, Legenden und Lieder - Humakt e.V.","og_url":"https:\/\/www.humakt.com\/glorantha\/mythen-legenden-und-lieder\/","og_site_name":"Humakt e.V.","article_modified_time":"2019-08-26T17:19:02+00:00","twitter_card":"summary_large_image","twitter_misc":{"Est. reading time":"1 minute"},"schema":{"@context":"https:\/\/schema.org","@graph":[{"@type":"WebPage","@id":"https:\/\/www.humakt.com\/glorantha\/mythen-legenden-und-lieder\/","url":"https:\/\/www.humakt.com\/glorantha\/mythen-legenden-und-lieder\/","name":"Mythen, Legenden und Lieder - Humakt e.V.","isPartOf":{"@id":"https:\/\/www.humakt.com\/#website"},"datePublished":"2019-03-22T17:03:35+00:00","dateModified":"2019-08-26T17:19:02+00:00","breadcrumb":{"@id":"https:\/\/www.humakt.com\/glorantha\/mythen-legenden-und-lieder\/#breadcrumb"},"inLanguage":"en-GB","potentialAction":[{"@type":"ReadAction","target":["https:\/\/www.humakt.com\/glorantha\/mythen-legenden-und-lieder\/"]}]},{"@type":"BreadcrumbList","@id":"https:\/\/www.humakt.com\/glorantha\/mythen-legenden-und-lieder\/#breadcrumb","itemListElement":[{"@type":"ListItem","position":1,"name":"Startseite","item":"https:\/\/www.humakt.com\/"},{"@type":"ListItem","position":2,"name":"Glorantha","item":"https:\/\/www.humakt.com\/glorantha\/"},{"@type":"ListItem","position":3,"name":"Mythen, Legenden und Lieder"}]},{"@type":"WebSite","@id":"https:\/\/www.humakt.com\/#website","url":"https:\/\/www.humakt.com\/","name":"Humakt e.V.","description":"","publisher":{"@id":"https:\/\/www.humakt.com\/#organization"},"potentialAction":[{"@type":"SearchAction","target":{"@type":"EntryPoint","urlTemplate":"https:\/\/www.humakt.com\/?s={search_term_string}"},"query-input":{"@type":"PropertyValueSpecification","valueRequired":true,"valueName":"search_term_string"}}],"inLanguage":"en-GB"},{"@type":"Organization","@id":"https:\/\/www.humakt.com\/#organization","name":"Humakt e.V.","url":"https:\/\/www.humakt.com\/","logo":{"@type":"ImageObject","inLanguage":"en-GB","@id":"https:\/\/www.humakt.com\/#\/schema\/logo\/image\/","url":"https:\/\/www.humakt.com\/wp-content\/uploads\/2023\/12\/cropped-Humakt-eV-Logo-mit-Titel-weiss-1.png","contentUrl":"https:\/\/www.humakt.com\/wp-content\/uploads\/2023\/12\/cropped-Humakt-eV-Logo-mit-Titel-weiss-1.png","width":166,"height":250,"caption":"Humakt e.V."},"image":{"@id":"https:\/\/www.humakt.com\/#\/schema\/logo\/image\/"}}]}},"_links":{"self":[{"href":"https:\/\/www.humakt.com\/gb\/wp-json\/wp\/v2\/pages\/417","targetHints":{"allow":["GET"]}}],"collection":[{"href":"https:\/\/www.humakt.com\/gb\/wp-json\/wp\/v2\/pages"}],"about":[{"href":"https:\/\/www.humakt.com\/gb\/wp-json\/wp\/v2\/types\/page"}],"author":[{"embeddable":true,"href":"https:\/\/www.humakt.com\/gb\/wp-json\/wp\/v2\/users\/2"}],"replies":[{"embeddable":true,"href":"https:\/\/www.humakt.com\/gb\/wp-json\/wp\/v2\/comments?post=417"}],"version-history":[{"count":18,"href":"https:\/\/www.humakt.com\/gb\/wp-json\/wp\/v2\/pages\/417\/revisions"}],"predecessor-version":[{"id":673,"href":"https:\/\/www.humakt.com\/gb\/wp-json\/wp\/v2\/pages\/417\/revisions\/673"}],"up":[{"embeddable":true,"href":"https:\/\/www.humakt.com\/gb\/wp-json\/wp\/v2\/pages\/89"}],"wp:attachment":[{"href":"https:\/\/www.humakt.com\/gb\/wp-json\/wp\/v2\/media?parent=417"}],"curies":[{"name":"wp","href":"https:\/\/api.w.org\/{rel}","templated":true}]}}