{"id":368,"date":"2019-02-17T18:55:34","date_gmt":"2019-02-17T17:55:34","guid":{"rendered":"http:\/\/www.humakt.com\/?page_id=368"},"modified":"2019-08-26T18:23:55","modified_gmt":"2019-08-26T17:23:55","slug":"dokumente","status":"publish","type":"page","link":"https:\/\/www.humakt.com\/gb\/glorantha\/dokumente\/","title":{"rendered":"Dokumente"},"content":{"rendered":"<p>Dies ist eine \u00dcbersicht aller PDFs nach Rubriken sortiert. \u00dcblicherweise gibt es zu jeder PDF auch eine Seite auf Humakt.com.<\/p>\n<h2>Hintergrundinformationen<\/h2>\n<p><a href=\"https:\/\/www.humakt.com\/wp-content\/uploads\/2019\/03\/Einf\u00fchrung-in-die-Orlanthi-Kultur.pdf\">Einf\u00fchrung in die Orlanthi-Kultur<\/a><\/p>\n<p><a href=\"https:\/\/www.humakt.com\/wp-content\/uploads\/2019\/02\/K\u00f6nigreich-Sartar-\u00dcbersicht.pdf\">K\u00f6nigreich Sartar und das Lunare Imperium &#8211; ein historischer Abriss bis 1618 SZ<\/a><\/p>\n<p><a href=\"https:\/\/www.humakt.com\/wp-content\/uploads\/2019\/07\/Liebe-Sex-und-Z\u00e4rtlichkeit.pdf\">Liebe, Sex und Z\u00e4rtlichkeit<\/a><\/p>\n<p><a href=\"https:\/\/www.humakt.com\/wp-content\/uploads\/2019\/03\/Theyalischer-Kalender.pdf\">Theyalischer Kalender mit Feiertagen aus dem Drachenpass<\/a><\/p>\n<h2>N\u00fctzliche Handouts<\/h2>\n<p><a href=\"https:\/\/www.humakt.com\/wp-content\/uploads\/2019\/03\/Beispielcharaktere-f\u00fcr-die-Rotkuh-Sippe.pdf\">Beispielcharaktere f\u00fcr die Rotkuh-Sippe<\/a><\/p>\n<p><a href=\"https:\/\/www.humakt.com\/wp-content\/uploads\/2019\/03\/Geistermagie-in-Balazar.pdf\">Geistermagie in Balazar<\/a><\/p>\n<h2>Mythen und Legenden<\/h2>\n<p><a href=\"https:\/\/www.humakt.com\/wp-content\/uploads\/2019\/03\/Findelkind-jagt-die-J\u00e4gerin.pdf\">Findelkind jagt die J\u00e4gerin<\/a><\/p>\n<p><a href=\"https:\/\/www.humakt.com\/wp-content\/uploads\/2019\/07\/Der-Bullenbr\u00fcller.pdf\">Der Bullenbr\u00fcller (gesamt<\/a> oder einzeln als <a href=\"https:\/\/www.humakt.com\/wp-content\/uploads\/2019\/08\/Der-Bullenbr\u00fcller-Mythos-1.pdf\">Mythos 1<\/a>, <a href=\"https:\/\/www.humakt.com\/wp-content\/uploads\/2019\/08\/Der-Bullenbr\u00fcller-Mythos-2.pdf\">Mythos 2<\/a> oder <a href=\"https:\/\/www.humakt.com\/wp-content\/uploads\/2019\/08\/Der-Bullenbr\u00fcller-Mythos-3.pdf\">Mythos 3<\/a>)<\/p>\n<p><a href=\"https:\/\/www.humakt.com\/wp-content\/uploads\/2019\/08\/Orlanth-begegnet-Ernalda.pdf\">Orlanth begegnet Ernalda<\/a><\/p>\n<p><a href=\"https:\/\/www.humakt.com\/wp-content\/uploads\/2019\/03\/Wie-Bruder-Hund-zu-Findelkind-kam.pdf\">Wie Bruder Hund zu Findelkind kam<\/a><\/p>\n<p><a href=\"https:\/\/www.humakt.com\/wp-content\/uploads\/2019\/03\/Wie-Chalana-Arroy-die-Motte-verbrannte.pdf\">Wie Chalana Arroy die Motte verbrannte<\/a><\/p>\n<p><a href=\"https:\/\/www.humakt.com\/wp-content\/uploads\/2019\/03\/Wie-Herdmutter-das-Feuer-gebar.pdf\">Wie Herdmutter das Feuer gebar<\/a><\/p>\n<p><a href=\"https:\/\/www.humakt.com\/wp-content\/uploads\/2019\/03\/Wie-Orlanth-das-Loch-im-Dach-flickte.pdf\">Wie Orlanth das Loch im Dach flickte<\/a><\/p>\n<p><a href=\"https:\/\/www.humakt.com\/wp-content\/uploads\/2019\/08\/Yinkin-der-Schafhirte.pdf\">Yinkin der Schafhirte<\/a><\/p>\n\n\n<p><\/p>\n","protected":false},"excerpt":{"rendered":"<p>Dies ist eine \u00dcbersicht aller PDFs nach Rubriken sortiert. \u00dcblicherweise gibt es zu jeder PDF auch eine Seite auf Humakt.com. Hintergrundinformationen Einf\u00fchrung in die Orlanthi-Kultur K\u00f6nigreich Sartar und das Lunare Imperium &#8211; ein historischer Abriss bis 1618 SZ Liebe, Sex und Z\u00e4rtlichkeit Theyalischer Kalender mit Feiertagen aus dem Drachenpass N\u00fctzliche Handouts Beispielcharaktere f\u00fcr die Rotkuh-Sippe &hellip; <\/p>\n<p class=\"link-more\"><a href=\"https:\/\/www.humakt.com\/gb\/glorantha\/dokumente\/\" class=\"more-link\">Continue reading<span class=\"screen-reader-text\"> &#8220;Dokumente&#8221;<\/span><\/a><\/p>\n","protected":false},"author":2,"featured_media":0,"parent":89,"menu_order":1,"comment_status":"closed","ping_status":"closed","template":"","meta":{"footnotes":""},"class_list":["post-368","page","type-page","status-publish","hentry"],"translation":{"provider":"WPGlobus","version":"3.0.2","language":"gb","enabled_languages":["de","gb"],"languages":{"de":{"title":true,"content":true,"excerpt":false},"gb":{"title":false,"content":false,"excerpt":false}}},"yoast_head":"<!-- This site is optimized with the Yoast SEO plugin v27.6 - https:\/\/yoast.com\/product\/yoast-seo-wordpress\/ -->\n<title>Dokumente - Humakt e.V.<\/title>\n<meta name=\"robots\" content=\"index, follow, max-snippet:-1, max-image-preview:large, max-video-preview:-1\" \/>\n<link rel=\"canonical\" href=\"https:\/\/www.humakt.com\/glorantha\/dokumente\/\" \/>\n<meta property=\"og:locale\" content=\"en_GB\" \/>\n<meta property=\"og:type\" content=\"article\" \/>\n<meta property=\"og:title\" content=\"Dokumente - Humakt e.V.\" \/>\n<meta property=\"og:url\" content=\"https:\/\/www.humakt.com\/glorantha\/dokumente\/\" \/>\n<meta property=\"og:site_name\" content=\"Humakt e.V.\" \/>\n<meta property=\"article:modified_time\" content=\"2019-08-26T17:23:55+00:00\" \/>\n<meta name=\"twitter:card\" content=\"summary_large_image\" \/>\n<meta name=\"twitter:label1\" content=\"Est. reading time\" \/>\n\t<meta name=\"twitter:data1\" content=\"1 minute\" \/>\n<script type=\"application\/ld+json\" class=\"yoast-schema-graph\">{\"@context\":\"https:\\\/\\\/schema.org\",\"@graph\":[{\"@type\":\"WebPage\",\"@id\":\"https:\\\/\\\/www.humakt.com\\\/glorantha\\\/dokumente\\\/\",\"url\":\"https:\\\/\\\/www.humakt.com\\\/glorantha\\\/dokumente\\\/\",\"name\":\"Dokumente - Humakt e.V.\",\"isPartOf\":{\"@id\":\"https:\\\/\\\/www.humakt.com\\\/#website\"},\"datePublished\":\"2019-02-17T17:55:34+00:00\",\"dateModified\":\"2019-08-26T17:23:55+00:00\",\"breadcrumb\":{\"@id\":\"https:\\\/\\\/www.humakt.com\\\/glorantha\\\/dokumente\\\/#breadcrumb\"},\"inLanguage\":\"en-GB\",\"potentialAction\":[{\"@type\":\"ReadAction\",\"target\":[\"https:\\\/\\\/www.humakt.com\\\/glorantha\\\/dokumente\\\/\"]}]},{\"@type\":\"BreadcrumbList\",\"@id\":\"https:\\\/\\\/www.humakt.com\\\/glorantha\\\/dokumente\\\/#breadcrumb\",\"itemListElement\":[{\"@type\":\"ListItem\",\"position\":1,\"name\":\"Startseite\",\"item\":\"https:\\\/\\\/www.humakt.com\\\/\"},{\"@type\":\"ListItem\",\"position\":2,\"name\":\"Glorantha\",\"item\":\"https:\\\/\\\/www.humakt.com\\\/glorantha\\\/\"},{\"@type\":\"ListItem\",\"position\":3,\"name\":\"Dokumente\"}]},{\"@type\":\"WebSite\",\"@id\":\"https:\\\/\\\/www.humakt.com\\\/#website\",\"url\":\"https:\\\/\\\/www.humakt.com\\\/\",\"name\":\"Humakt e.V.\",\"description\":\"\",\"publisher\":{\"@id\":\"https:\\\/\\\/www.humakt.com\\\/#organization\"},\"potentialAction\":[{\"@type\":\"SearchAction\",\"target\":{\"@type\":\"EntryPoint\",\"urlTemplate\":\"https:\\\/\\\/www.humakt.com\\\/?s={search_term_string}\"},\"query-input\":{\"@type\":\"PropertyValueSpecification\",\"valueRequired\":true,\"valueName\":\"search_term_string\"}}],\"inLanguage\":\"en-GB\"},{\"@type\":\"Organization\",\"@id\":\"https:\\\/\\\/www.humakt.com\\\/#organization\",\"name\":\"Humakt e.V.\",\"url\":\"https:\\\/\\\/www.humakt.com\\\/\",\"logo\":{\"@type\":\"ImageObject\",\"inLanguage\":\"en-GB\",\"@id\":\"https:\\\/\\\/www.humakt.com\\\/#\\\/schema\\\/logo\\\/image\\\/\",\"url\":\"https:\\\/\\\/www.humakt.com\\\/wp-content\\\/uploads\\\/2023\\\/12\\\/cropped-Humakt-eV-Logo-mit-Titel-weiss-1.png\",\"contentUrl\":\"https:\\\/\\\/www.humakt.com\\\/wp-content\\\/uploads\\\/2023\\\/12\\\/cropped-Humakt-eV-Logo-mit-Titel-weiss-1.png\",\"width\":166,\"height\":250,\"caption\":\"Humakt e.V.\"},\"image\":{\"@id\":\"https:\\\/\\\/www.humakt.com\\\/#\\\/schema\\\/logo\\\/image\\\/\"}}]}<\/script>\n<!-- \/ Yoast SEO plugin. -->","yoast_head_json":{"title":"Dokumente - Humakt e.V.","robots":{"index":"index","follow":"follow","max-snippet":"max-snippet:-1","max-image-preview":"max-image-preview:large","max-video-preview":"max-video-preview:-1"},"canonical":"https:\/\/www.humakt.com\/glorantha\/dokumente\/","og_locale":"en_GB","og_type":"article","og_title":"Dokumente - Humakt e.V.","og_url":"https:\/\/www.humakt.com\/glorantha\/dokumente\/","og_site_name":"Humakt e.V.","article_modified_time":"2019-08-26T17:23:55+00:00","twitter_card":"summary_large_image","twitter_misc":{"Est. reading time":"1 minute"},"schema":{"@context":"https:\/\/schema.org","@graph":[{"@type":"WebPage","@id":"https:\/\/www.humakt.com\/glorantha\/dokumente\/","url":"https:\/\/www.humakt.com\/glorantha\/dokumente\/","name":"Dokumente - Humakt e.V.","isPartOf":{"@id":"https:\/\/www.humakt.com\/#website"},"datePublished":"2019-02-17T17:55:34+00:00","dateModified":"2019-08-26T17:23:55+00:00","breadcrumb":{"@id":"https:\/\/www.humakt.com\/glorantha\/dokumente\/#breadcrumb"},"inLanguage":"en-GB","potentialAction":[{"@type":"ReadAction","target":["https:\/\/www.humakt.com\/glorantha\/dokumente\/"]}]},{"@type":"BreadcrumbList","@id":"https:\/\/www.humakt.com\/glorantha\/dokumente\/#breadcrumb","itemListElement":[{"@type":"ListItem","position":1,"name":"Startseite","item":"https:\/\/www.humakt.com\/"},{"@type":"ListItem","position":2,"name":"Glorantha","item":"https:\/\/www.humakt.com\/glorantha\/"},{"@type":"ListItem","position":3,"name":"Dokumente"}]},{"@type":"WebSite","@id":"https:\/\/www.humakt.com\/#website","url":"https:\/\/www.humakt.com\/","name":"Humakt e.V.","description":"","publisher":{"@id":"https:\/\/www.humakt.com\/#organization"},"potentialAction":[{"@type":"SearchAction","target":{"@type":"EntryPoint","urlTemplate":"https:\/\/www.humakt.com\/?s={search_term_string}"},"query-input":{"@type":"PropertyValueSpecification","valueRequired":true,"valueName":"search_term_string"}}],"inLanguage":"en-GB"},{"@type":"Organization","@id":"https:\/\/www.humakt.com\/#organization","name":"Humakt e.V.","url":"https:\/\/www.humakt.com\/","logo":{"@type":"ImageObject","inLanguage":"en-GB","@id":"https:\/\/www.humakt.com\/#\/schema\/logo\/image\/","url":"https:\/\/www.humakt.com\/wp-content\/uploads\/2023\/12\/cropped-Humakt-eV-Logo-mit-Titel-weiss-1.png","contentUrl":"https:\/\/www.humakt.com\/wp-content\/uploads\/2023\/12\/cropped-Humakt-eV-Logo-mit-Titel-weiss-1.png","width":166,"height":250,"caption":"Humakt e.V."},"image":{"@id":"https:\/\/www.humakt.com\/#\/schema\/logo\/image\/"}}]}},"_links":{"self":[{"href":"https:\/\/www.humakt.com\/gb\/wp-json\/wp\/v2\/pages\/368","targetHints":{"allow":["GET"]}}],"collection":[{"href":"https:\/\/www.humakt.com\/gb\/wp-json\/wp\/v2\/pages"}],"about":[{"href":"https:\/\/www.humakt.com\/gb\/wp-json\/wp\/v2\/types\/page"}],"author":[{"embeddable":true,"href":"https:\/\/www.humakt.com\/gb\/wp-json\/wp\/v2\/users\/2"}],"replies":[{"embeddable":true,"href":"https:\/\/www.humakt.com\/gb\/wp-json\/wp\/v2\/comments?post=368"}],"version-history":[{"count":25,"href":"https:\/\/www.humakt.com\/gb\/wp-json\/wp\/v2\/pages\/368\/revisions"}],"predecessor-version":[{"id":676,"href":"https:\/\/www.humakt.com\/gb\/wp-json\/wp\/v2\/pages\/368\/revisions\/676"}],"up":[{"embeddable":true,"href":"https:\/\/www.humakt.com\/gb\/wp-json\/wp\/v2\/pages\/89"}],"wp:attachment":[{"href":"https:\/\/www.humakt.com\/gb\/wp-json\/wp\/v2\/media?parent=368"}],"curies":[{"name":"wp","href":"https:\/\/api.w.org\/{rel}","templated":true}]}}