{"id":14,"date":"2018-02-14T15:25:06","date_gmt":"2018-02-14T15:25:06","guid":{"rendered":"http:\/\/wordpresstest.humakt.com\/?page_id=14"},"modified":"2024-12-01T19:37:34","modified_gmt":"2024-12-01T18:37:34","slug":"impressum","status":"publish","type":"page","link":"https:\/\/www.humakt.com\/gb\/impressum\/","title":{"rendered":"Impressum"},"content":{"rendered":"<h3><span id=\"Angaben_gem.C3.A4.C3.9F_.C2.A7_5_TMG:\" class=\"mw-headline\">Angaben gem\u00e4\u00df \u00a7 5 TMG:<\/span><\/h3>\n<p>Humakt e.V.<br \/>Lindenstra\u00dfe 3<br \/>48161 M\u00fcnster<\/p>\n<h3><span id=\"Vertreten_durch:\" class=\"mw-headline\">Vertreten durch:<\/span><\/h3>\n<p>Vorsitzende Tobias Brosinske und Robin Mitra<\/p>\n<h3><span id=\"Kontakt:\" class=\"mw-headline\">Kontakt:<\/span><\/h3>\n<p>E-Mail: <a href=\"mailto:info@humakt.com\">info@humakt.com<\/a><\/p>\n<h3><span id=\"Registereintrag:\" class=\"mw-headline\">Registereintrag:<\/span><\/h3>\n<p>Eintragung im Vereinsregister.<br \/>Registergericht:Amtsgericht M\u00fcnster<br \/>Registernummer: 6100<\/p>\n<h3><span id=\"Verantwortlich_f.C3.BCr_den_Inhalt_nach_.C2.A7_55_Abs._2_RStV:\" class=\"mw-headline\">Verantwortlich f\u00fcr den Inhalt nach \u00a7 55 Abs. 2 RStV:<\/span><\/h3>\n<p>Humakt e. V. vertreten durch Tobias Brosinske und Robin Mitra<br \/>Wir sind nicht bereit oder verpflichtet, an Streitbeilegungsverfahren vor einer Verbraucherschlichtungsstelle teilzunehmen.<\/p>\n<h3><span id=\"Haftung_f.C3.BCr_Inhalte\" class=\"mw-headline\">Haftung f\u00fcr Inhalte<\/span><\/h3>\n<p>Als Diensteanbieter sind wir gem\u00e4\u00df \u00a7 7 Abs.1 TMG f\u00fcr eigene Inhalte auf diesen Seiten nach den allgemeinen Gesetzen verantwortlich. Nach \u00a7\u00a7 8 bis 10 TMG sind wir als Diensteanbieter jedoch nicht verpflichtet, \u00fcbermittelte oder gespeicherte fremde Informationen zu \u00fcberwachen oder nach Umst\u00e4nden zu forschen, die auf eine rechtswidrige T\u00e4tigkeit hinweisen. Verpflichtungen zur Entfernung oder Sperrung der Nutzung von Informationen nach den allgemeinen Gesetzen bleiben hiervon unber\u00fchrt. Eine diesbez\u00fcgliche Haftung ist jedoch erst ab dem Zeitpunkt der Kenntnis einer konkreten Rechtsverletzung m\u00f6glich. Bei Bekanntwerden von entsprechenden Rechtsverletzungen werden wir diese Inhalte umgehend entfernen.<\/p>\n<h3><span id=\"Haftung_f.C3.BCr_Links\" class=\"mw-headline\">Haftung f\u00fcr Links<\/span><\/h3>\n<p>Unser Angebot enth\u00e4lt Links zu externen Webseiten Dritter, auf deren Inhalte wir keinen Einfluss haben. Deshalb k\u00f6nnen wir f\u00fcr diese fremden Inhalte auch keine Gew\u00e4hr \u00fcbernehmen. F\u00fcr die Inhalte der verlinkten Seiten ist stets der jeweilige Anbieter oder Betreiber der Seiten verantwortlich. Die verlinkten Seiten wurden zum Zeitpunkt der Verlinkung auf m\u00f6gliche Rechtsverst\u00f6\u00dfe \u00fcberpr\u00fcft. Rechtswidrige Inhalte waren zum Zeitpunkt der Verlinkung nicht erkennbar. Eine permanente inhaltliche Kontrolle der verlinkten Seiten ist jedoch ohne konkrete Anhaltspunkte einer Rechtsverletzung nicht zumutbar. Bei Bekanntwerden von Rechtsverletzungen werden wir derartige Links umgehend entfernen.<\/p>\n<h3><span id=\"Urheberrecht\" class=\"mw-headline\">Urheberrecht<\/span><\/h3>\n<p>Die durch die Seitenbetreiber erstellten Inhalte und Werke auf diesen Seiten unterliegen dem deutschen Urheberrecht. Die Vervielf\u00e4ltigung, Bearbeitung, Verbreitung und jede Art der Verwertung au\u00dferhalb der Grenzen des Urheberrechtes bed\u00fcrfen der schriftlichen Zustimmung des jeweiligen Autors bzw. Erstellers. Downloads und Kopien dieser Seite sind nur f\u00fcr den privaten, nicht kommerziellen Gebrauch gestattet.<\/p>\n<p>Soweit die Inhalte auf dieser Seite nicht vom Betreiber erstellt wurden, werden die Urheberrechte Dritter beachtet. Insbesondere werden Inhalte Dritter als solche gekennzeichnet. Sollten Sie trotzdem auf eine Urheberrechtsverletzung aufmerksam werden, bitten wir um einen entsprechenden Hinweis. Bei Bekanntwerden von Rechtsverletzungen werden wir derartige Inhalte umgehend entfernen.<\/p>\n<p>Ein Verzeichnis der Bilder auf dieser Website befindet sich hier.<\/p>\n<h3><span id=\"Lizenzen\" class=\"mw-headline\">Lizenzen<\/span><\/h3>\n<p>HeroQuest ist ein Rollenspielsystem von Robin D. Laws, das bei <a href=\"http:\/\/www.chaosium.com\">Chaosium Inc.<\/a> auf Englisch und bei Humakt e.V. unter Lizenz auf Deutsch erscheint. Die Nutzung von HeroQuest auf Humakt.com geschieht unter Lizenz von Chaosium Inc.<\/p>\n<p>Die Spielewelt Glorantha wurde von Greg Stafford erschaffen und ist Eigentum von Chaosium Inc. Die Nutzung von Glorantha auf Humakt.com erscheint mit Lizenz und freundlicher Unterst\u00fctzung von Chaosium Inc.<\/p>\n<p class=\"western\">This website uses trademarks and\/or copyrights owned by Moon Design Publications LLC, which are used under Moon Design Publications\u2019s Fan Material Policy. We are expressly prohibited from charging you to use or access this content. This website is not published, endorsed, or specifically approved by Moon Design Publishing. For more information about Moon Design Publications and Moon Design Publications products, please visit <a href=\"http:\/\/www.glorantha.com\">glorantha.com<\/a>.<\/p>\n\n\n<h4 class=\"wp-block-heading\">Open RPG Creative License (ORC License)<\/h4>\n\n\n\n<p>This product is licensed under the ORC License held in the Library of Congress at TX 9-307-067 and available online at various locations including<br><a href=\"http:\/\/www.chaosium.com\/orclicense\" target=\"_blank\" rel=\"noreferrer noopener\">www.chaosium.com\/orclicense<\/a>, <a href=\"http:\/\/www.azoralaw.com\/orclicense\" target=\"_blank\" rel=\"noreferrer noopener\">www.azoralaw.com\/orclicense<\/a> and others.<br>All warranties are disclaimed as set forth therein.<br>QuestWorlds \u00a9 copyright 2019\u20132023 Moon Design Publications LLC<br><a href=\"https:\/\/questworlds.chaosium.com\/\" target=\"_blank\" rel=\"noreferrer noopener\">https:\/\/questworlds.chaosium.com\/<\/a><\/p>\n\n\n\n<p>Reserved Material elements in this product include, but may not be limited to character backgrounds, dialogue, settings, locations, worlds, plots, or storylines, including proper nouns and the adjectives, names, and titles derived from proper nouns and all artwork, illustrations, graphic design, fonts, and all trademarks and all elements designated as Reserved Material under the ORC License.<\/p>\n\n\n\n<figure class=\"wp-block-image size-large\"><img loading=\"lazy\" decoding=\"async\" width=\"300\" height=\"300\" src=\"https:\/\/www.humakt.com\/wp-content\/uploads\/2021\/02\/QW-Stamp-Red.png\" alt=\"Bild: QuestWorlds Logo - rot\" class=\"wp-image-754\" srcset=\"https:\/\/www.humakt.com\/wp-content\/uploads\/2021\/02\/QW-Stamp-Red.png 300w, https:\/\/www.humakt.com\/wp-content\/uploads\/2021\/02\/QW-Stamp-Red-150x150.png 150w, https:\/\/www.humakt.com\/wp-content\/uploads\/2021\/02\/QW-Stamp-Red-100x100.png 100w\" sizes=\"auto, (max-width: 300px) 100vw, 300px\" \/><figcaption class=\"wp-element-caption\">{ width=1inch height=1inch}<\/figcaption><\/figure>\n\n\n\n<figure class=\"wp-block-image size-large\"><img loading=\"lazy\" decoding=\"async\" width=\"300\" height=\"300\" src=\"https:\/\/www.humakt.com\/wp-content\/uploads\/2021\/02\/QW-Stamp-Black.png\" alt=\"Bild: QuestWorlds Logo - schwarz\" class=\"wp-image-753\" srcset=\"https:\/\/www.humakt.com\/wp-content\/uploads\/2021\/02\/QW-Stamp-Black.png 300w, https:\/\/www.humakt.com\/wp-content\/uploads\/2021\/02\/QW-Stamp-Black-150x150.png 150w, https:\/\/www.humakt.com\/wp-content\/uploads\/2021\/02\/QW-Stamp-Black-100x100.png 100w\" sizes=\"auto, (max-width: 300px) 100vw, 300px\" \/><figcaption class=\"wp-element-caption\">{ width=1inch height=1inch}<\/figcaption><\/figure>\n","protected":false},"excerpt":{"rendered":"<p>Angaben gem\u00e4\u00df \u00a7 5 TMG: Humakt e.V.Lindenstra\u00dfe 348161 M\u00fcnster Vertreten durch: Vorsitzende Tobias Brosinske und Robin Mitra Kontakt: E-Mail: info@humakt.com Registereintrag: Eintragung im Vereinsregister.Registergericht:Amtsgericht M\u00fcnsterRegisternummer: 6100 Verantwortlich f\u00fcr den Inhalt nach \u00a7 55 Abs. 2 RStV: Humakt e. V. vertreten durch Tobias Brosinske und Robin MitraWir sind nicht bereit oder verpflichtet, an Streitbeilegungsverfahren vor einer &hellip; <\/p>\n<p class=\"link-more\"><a href=\"https:\/\/www.humakt.com\/gb\/impressum\/\" class=\"more-link\">Continue reading<span class=\"screen-reader-text\"> &#8220;Impressum&#8221;<\/span><\/a><\/p>\n","protected":false},"author":1,"featured_media":0,"parent":0,"menu_order":1,"comment_status":"closed","ping_status":"closed","template":"","meta":{"footnotes":""},"class_list":["post-14","page","type-page","status-publish","hentry"],"translation":{"provider":"WPGlobus","version":"3.0.2","language":"gb","enabled_languages":["de","gb"],"languages":{"de":{"title":true,"content":true,"excerpt":false},"gb":{"title":false,"content":false,"excerpt":false}}},"yoast_head":"<!-- This site is optimized with the Yoast SEO plugin v27.3 - https:\/\/yoast.com\/product\/yoast-seo-wordpress\/ -->\n<title>Impressum - Humakt e.V.<\/title>\n<meta name=\"robots\" content=\"index, follow, max-snippet:-1, max-image-preview:large, max-video-preview:-1\" \/>\n<link rel=\"canonical\" href=\"https:\/\/www.humakt.com\/impressum\/\" \/>\n<meta property=\"og:locale\" content=\"en_GB\" \/>\n<meta property=\"og:type\" content=\"article\" \/>\n<meta property=\"og:title\" content=\"Impressum - Humakt e.V.\" \/>\n<meta property=\"og:url\" content=\"https:\/\/www.humakt.com\/impressum\/\" \/>\n<meta property=\"og:site_name\" content=\"Humakt e.V.\" \/>\n<meta property=\"article:modified_time\" content=\"2024-12-01T18:37:34+00:00\" \/>\n<meta property=\"og:image\" content=\"https:\/\/www.humakt.com\/wp-content\/uploads\/2021\/02\/QW-Stamp-Red.png\" \/>\n<meta name=\"twitter:card\" content=\"summary_large_image\" \/>\n<meta name=\"twitter:label1\" content=\"Est. reading time\" \/>\n\t<meta name=\"twitter:data1\" content=\"4 minutes\" \/>\n<script type=\"application\/ld+json\" class=\"yoast-schema-graph\">{\"@context\":\"https:\\\/\\\/schema.org\",\"@graph\":[{\"@type\":\"WebPage\",\"@id\":\"https:\\\/\\\/www.humakt.com\\\/impressum\\\/\",\"url\":\"https:\\\/\\\/www.humakt.com\\\/impressum\\\/\",\"name\":\"Impressum - Humakt e.V.\",\"isPartOf\":{\"@id\":\"https:\\\/\\\/www.humakt.com\\\/#website\"},\"primaryImageOfPage\":{\"@id\":\"https:\\\/\\\/www.humakt.com\\\/impressum\\\/#primaryimage\"},\"image\":{\"@id\":\"https:\\\/\\\/www.humakt.com\\\/impressum\\\/#primaryimage\"},\"thumbnailUrl\":\"https:\\\/\\\/www.humakt.com\\\/wp-content\\\/uploads\\\/2021\\\/02\\\/QW-Stamp-Red.png\",\"datePublished\":\"2018-02-14T15:25:06+00:00\",\"dateModified\":\"2024-12-01T18:37:34+00:00\",\"breadcrumb\":{\"@id\":\"https:\\\/\\\/www.humakt.com\\\/impressum\\\/#breadcrumb\"},\"inLanguage\":\"en-GB\",\"potentialAction\":[{\"@type\":\"ReadAction\",\"target\":[\"https:\\\/\\\/www.humakt.com\\\/impressum\\\/\"]}]},{\"@type\":\"ImageObject\",\"inLanguage\":\"en-GB\",\"@id\":\"https:\\\/\\\/www.humakt.com\\\/impressum\\\/#primaryimage\",\"url\":\"https:\\\/\\\/www.humakt.com\\\/wp-content\\\/uploads\\\/2021\\\/02\\\/QW-Stamp-Red.png\",\"contentUrl\":\"https:\\\/\\\/www.humakt.com\\\/wp-content\\\/uploads\\\/2021\\\/02\\\/QW-Stamp-Red.png\"},{\"@type\":\"BreadcrumbList\",\"@id\":\"https:\\\/\\\/www.humakt.com\\\/impressum\\\/#breadcrumb\",\"itemListElement\":[{\"@type\":\"ListItem\",\"position\":1,\"name\":\"Startseite\",\"item\":\"https:\\\/\\\/www.humakt.com\\\/\"},{\"@type\":\"ListItem\",\"position\":2,\"name\":\"Impressum\"}]},{\"@type\":\"WebSite\",\"@id\":\"https:\\\/\\\/www.humakt.com\\\/#website\",\"url\":\"https:\\\/\\\/www.humakt.com\\\/\",\"name\":\"Humakt e.V.\",\"description\":\"\",\"publisher\":{\"@id\":\"https:\\\/\\\/www.humakt.com\\\/#organization\"},\"potentialAction\":[{\"@type\":\"SearchAction\",\"target\":{\"@type\":\"EntryPoint\",\"urlTemplate\":\"https:\\\/\\\/www.humakt.com\\\/?s={search_term_string}\"},\"query-input\":{\"@type\":\"PropertyValueSpecification\",\"valueRequired\":true,\"valueName\":\"search_term_string\"}}],\"inLanguage\":\"en-GB\"},{\"@type\":\"Organization\",\"@id\":\"https:\\\/\\\/www.humakt.com\\\/#organization\",\"name\":\"Humakt e.V.\",\"url\":\"https:\\\/\\\/www.humakt.com\\\/\",\"logo\":{\"@type\":\"ImageObject\",\"inLanguage\":\"en-GB\",\"@id\":\"https:\\\/\\\/www.humakt.com\\\/#\\\/schema\\\/logo\\\/image\\\/\",\"url\":\"https:\\\/\\\/www.humakt.com\\\/wp-content\\\/uploads\\\/2023\\\/12\\\/cropped-Humakt-eV-Logo-mit-Titel-weiss-1.png\",\"contentUrl\":\"https:\\\/\\\/www.humakt.com\\\/wp-content\\\/uploads\\\/2023\\\/12\\\/cropped-Humakt-eV-Logo-mit-Titel-weiss-1.png\",\"width\":166,\"height\":250,\"caption\":\"Humakt e.V.\"},\"image\":{\"@id\":\"https:\\\/\\\/www.humakt.com\\\/#\\\/schema\\\/logo\\\/image\\\/\"}}]}<\/script>\n<!-- \/ Yoast SEO plugin. -->","yoast_head_json":{"title":"Impressum - Humakt e.V.","robots":{"index":"index","follow":"follow","max-snippet":"max-snippet:-1","max-image-preview":"max-image-preview:large","max-video-preview":"max-video-preview:-1"},"canonical":"https:\/\/www.humakt.com\/impressum\/","og_locale":"en_GB","og_type":"article","og_title":"Impressum - Humakt e.V.","og_url":"https:\/\/www.humakt.com\/impressum\/","og_site_name":"Humakt e.V.","article_modified_time":"2024-12-01T18:37:34+00:00","og_image":[{"url":"https:\/\/www.humakt.com\/wp-content\/uploads\/2021\/02\/QW-Stamp-Red.png","type":"","width":"","height":""}],"twitter_card":"summary_large_image","twitter_misc":{"Est. reading time":"4 minutes"},"schema":{"@context":"https:\/\/schema.org","@graph":[{"@type":"WebPage","@id":"https:\/\/www.humakt.com\/impressum\/","url":"https:\/\/www.humakt.com\/impressum\/","name":"Impressum - Humakt e.V.","isPartOf":{"@id":"https:\/\/www.humakt.com\/#website"},"primaryImageOfPage":{"@id":"https:\/\/www.humakt.com\/impressum\/#primaryimage"},"image":{"@id":"https:\/\/www.humakt.com\/impressum\/#primaryimage"},"thumbnailUrl":"https:\/\/www.humakt.com\/wp-content\/uploads\/2021\/02\/QW-Stamp-Red.png","datePublished":"2018-02-14T15:25:06+00:00","dateModified":"2024-12-01T18:37:34+00:00","breadcrumb":{"@id":"https:\/\/www.humakt.com\/impressum\/#breadcrumb"},"inLanguage":"en-GB","potentialAction":[{"@type":"ReadAction","target":["https:\/\/www.humakt.com\/impressum\/"]}]},{"@type":"ImageObject","inLanguage":"en-GB","@id":"https:\/\/www.humakt.com\/impressum\/#primaryimage","url":"https:\/\/www.humakt.com\/wp-content\/uploads\/2021\/02\/QW-Stamp-Red.png","contentUrl":"https:\/\/www.humakt.com\/wp-content\/uploads\/2021\/02\/QW-Stamp-Red.png"},{"@type":"BreadcrumbList","@id":"https:\/\/www.humakt.com\/impressum\/#breadcrumb","itemListElement":[{"@type":"ListItem","position":1,"name":"Startseite","item":"https:\/\/www.humakt.com\/"},{"@type":"ListItem","position":2,"name":"Impressum"}]},{"@type":"WebSite","@id":"https:\/\/www.humakt.com\/#website","url":"https:\/\/www.humakt.com\/","name":"Humakt e.V.","description":"","publisher":{"@id":"https:\/\/www.humakt.com\/#organization"},"potentialAction":[{"@type":"SearchAction","target":{"@type":"EntryPoint","urlTemplate":"https:\/\/www.humakt.com\/?s={search_term_string}"},"query-input":{"@type":"PropertyValueSpecification","valueRequired":true,"valueName":"search_term_string"}}],"inLanguage":"en-GB"},{"@type":"Organization","@id":"https:\/\/www.humakt.com\/#organization","name":"Humakt e.V.","url":"https:\/\/www.humakt.com\/","logo":{"@type":"ImageObject","inLanguage":"en-GB","@id":"https:\/\/www.humakt.com\/#\/schema\/logo\/image\/","url":"https:\/\/www.humakt.com\/wp-content\/uploads\/2023\/12\/cropped-Humakt-eV-Logo-mit-Titel-weiss-1.png","contentUrl":"https:\/\/www.humakt.com\/wp-content\/uploads\/2023\/12\/cropped-Humakt-eV-Logo-mit-Titel-weiss-1.png","width":166,"height":250,"caption":"Humakt e.V."},"image":{"@id":"https:\/\/www.humakt.com\/#\/schema\/logo\/image\/"}}]}},"_links":{"self":[{"href":"https:\/\/www.humakt.com\/gb\/wp-json\/wp\/v2\/pages\/14","targetHints":{"allow":["GET"]}}],"collection":[{"href":"https:\/\/www.humakt.com\/gb\/wp-json\/wp\/v2\/pages"}],"about":[{"href":"https:\/\/www.humakt.com\/gb\/wp-json\/wp\/v2\/types\/page"}],"author":[{"embeddable":true,"href":"https:\/\/www.humakt.com\/gb\/wp-json\/wp\/v2\/users\/1"}],"replies":[{"embeddable":true,"href":"https:\/\/www.humakt.com\/gb\/wp-json\/wp\/v2\/comments?post=14"}],"version-history":[{"count":14,"href":"https:\/\/www.humakt.com\/gb\/wp-json\/wp\/v2\/pages\/14\/revisions"}],"predecessor-version":[{"id":1239,"href":"https:\/\/www.humakt.com\/gb\/wp-json\/wp\/v2\/pages\/14\/revisions\/1239"}],"wp:attachment":[{"href":"https:\/\/www.humakt.com\/gb\/wp-json\/wp\/v2\/media?parent=14"}],"curies":[{"name":"wp","href":"https:\/\/api.w.org\/{rel}","templated":true}]}}